{"id":7519,"date":"2020-09-29T18:31:40","date_gmt":"2020-09-29T16:31:40","guid":{"rendered":"https:\/\/www.travelwithamission.org\/?page_id=7519"},"modified":"2020-09-29T18:42:47","modified_gmt":"2020-09-29T16:42:47","slug":"offre-lycee","status":"publish","type":"page","link":"https:\/\/www.travelwithamission.org\/en\/devenez-partenaire-twam\/offre-lycee\/","title":{"rendered":"Offre lyc\u00e9e"},"content":{"rendered":"<style type=\"text\/css\"><\/style>[cmsmasters_row data_width=\u00a0\u00bbboxed\u00a0\u00bb data_top_style=\u00a0\u00bbdefault\u00a0\u00bb data_bot_style=\u00a0\u00bbdefault\u00a0\u00bb data_color=\u00a0\u00bbdefault\u00a0\u00bb data_bg_color=\u00a0\u00bb#ffffff\u00a0\u00bb data_bg_img=\u00a0\u00bb7293|https:\/\/www.travelwithamission.org\/wp-content\/uploads\/sites\/3\/2018\/08\/GUOC8692-300&#215;225.jpg|medium\u00a0\u00bb data_bg_position=\u00a0\u00bbtop center\u00a0\u00bb data_bg_repeat=\u00a0\u00bbno-repeat\u00a0\u00bb data_bg_attachment=\u00a0\u00bbscroll\u00a0\u00bb data_bg_size=\u00a0\u00bbcover\u00a0\u00bb data_padding_top=\u00a0\u00bb400&Prime; data_padding_bottom=\u00a0\u00bb400&Prime;][cmsmasters_column data_width=\u00a0\u00bb1\/1&Prime;][cmsmasters_heading type=\u00a0\u00bbh1&Prime; font_size=\u00a0\u00bb70&Prime; line_height=\u00a0\u00bb100&Prime; tablet_check=\u00a0\u00bbtrue\u00a0\u00bb tablet_font_size=\u00a0\u00bb52&Prime; font_weight=\u00a0\u00bb300&Prime; font_style=\u00a0\u00bbnormal\u00a0\u00bb text_align=\u00a0\u00bbcenter\u00a0\u00bb color=\u00a0\u00bb#f7f7f7&Prime; bg_color=\u00a0\u00bb#0f0f0f\u00a0\u00bb margin_top=\u00a0\u00bb0&Prime; margin_bottom=\u00a0\u00bb0&Prime; animation_delay=\u00a0\u00bb0&Prime;]OFFRE DE PARTENARIAT LYC\u00c9E[\/cmsmasters_heading][\/cmsmasters_column][\/cmsmasters_row][cmsmasters_row data_padding_bottom=\u00a0\u00bb30&Prime; data_padding_top=\u00a0\u00bb30&Prime; data_color=\u00a0\u00bbdefault\u00a0\u00bb data_bot_style=\u00a0\u00bbdefault\u00a0\u00bb data_top_style=\u00a0\u00bbdefault\u00a0\u00bb data_width=\u00a0\u00bbboxed\u00a0\u00bb][cmsmasters_column data_width=\u00a0\u00bb1\/1&Prime;][cmsmasters_text animation_delay=\u00a0\u00bb0&Prime;]<\/p>\n<h4 style=\"text-align: center;\"><strong><em>Vous repr\u00e9sentez un lyc\u00e9e ? Les possibilit\u00e9s de partenariat entre nos 2 entit\u00e9s sont nombreuses. Jugez plut\u00f4t !<br \/>\n<\/em><\/strong><\/h4>\n<h4 style=\"text-align: center;\"><\/h4>\n<p>[\/cmsmasters_text][\/cmsmasters_column][\/cmsmasters_row][cmsmasters_row data_width=\u00a0\u00bbboxed\u00a0\u00bb data_top_style=\u00a0\u00bbdefault\u00a0\u00bb data_bot_style=\u00a0\u00bbdefault\u00a0\u00bb data_color=\u00a0\u00bbdefault\u00a0\u00bb data_bg_color=\u00a0\u00bb#ffffff\u00a0\u00bb data_padding_top=\u00a0\u00bb20&Prime; data_padding_bottom=\u00a0\u00bb10&Prime;][cmsmasters_column data_width=\u00a0\u00bb1\/2&Prime;]<\/p>\n<p>[cmsmasters_divider width=\u00a0\u00bblong\u00a0\u00bb height=\u00a0\u00bb0&Prime; style=\u00a0\u00bbsolid\u00a0\u00bb position=\u00a0\u00bbcenter\u00a0\u00bb margin_top=\u00a0\u00bb20&Prime; animation_delay=\u00a0\u00bb0&Prime;]<\/p>\n<p>[cmsmasters_text animation_delay=\u00a0\u00bb0&Prime;]<\/p>\n<p>[cmsmasters_dropcap type=\u00a0\u00bbtype1&Prime;]Et[\/cmsmasters_dropcap] si votre lyc\u00e9e d\u00e9veloppait un programme de responsabilit\u00e9 sociale ? TWAM se tient pr\u00eat \u00e0 vous accompagner dans la d\u00e9marche.<\/p>\n<p>Pour cela, TWAM a con\u00e7u pour les structures \u00e9ducatives une large offre devant permettre aux \u00e9l\u00e8ves d\u2019apprendre, de comprendre et de se rendre utile. Celle-ci se structure autour des axes suivants :<\/p>\n<p>[\/cmsmasters_text][\/cmsmasters_column][cmsmasters_column data_width=\u00a0\u00bb1\/2&Prime;][cmsmasters_gallery layout=\u00a0\u00bbgallery\u00a0\u00bb gallery_type=\u00a0\u00bbgrid\u00a0\u00bb image_size_gallery=\u00a0\u00bbfull\u00a0\u00bb gallery_columns=\u00a0\u00bb1&Prime; gallery_links=\u00a0\u00bblightbox\u00a0\u00bb animation_delay=\u00a0\u00bb0&Prime;]7303|https:\/\/www.travelwithamission.org\/wp-content\/uploads\/sites\/3\/2018\/08\/craie-150&#215;150.jpg[\/cmsmasters_gallery][\/cmsmasters_column][\/cmsmasters_row][cmsmasters_row data_padding_bottom=\u00a0\u00bb50&Prime; data_padding_top=\u00a0\u00bb0&Prime; data_bg_parallax_ratio=\u00a0\u00bb0.5&Prime; data_bg_size=\u00a0\u00bbcover\u00a0\u00bb data_bg_attachment=\u00a0\u00bbscroll\u00a0\u00bb data_bg_repeat=\u00a0\u00bbno-repeat\u00a0\u00bb data_bg_position=\u00a0\u00bbtop center\u00a0\u00bb data_color=\u00a0\u00bbdefault\u00a0\u00bb data_bot_style=\u00a0\u00bbdefault\u00a0\u00bb data_top_style=\u00a0\u00bbdefault\u00a0\u00bb data_padding_right=\u00a0\u00bb3&Prime; data_padding_left=\u00a0\u00bb3&Prime; data_width=\u00a0\u00bbboxed\u00a0\u00bb][cmsmasters_column data_width=\u00a0\u00bb1\/2&Prime;][cmsmasters_icon_box box_type=\u00a0\u00bbcmsmasters_icon_box_top\u00a0\u00bb title=\u00a0\u00bbActions de sensibilisation\u00a0\u00bb heading_type=\u00a0\u00bbh4&Prime; box_icon_type=\u00a0\u00bbicon\u00a0\u00bb box_icon=\u00a0\u00bbcmsmasters-icon-smile-1&Prime; box_icon_size=\u00a0\u00bb30&Prime; box_icon_space=\u00a0\u00bb50&Prime; box_icon_border_width=\u00a0\u00bb0&Prime; box_icon_border_radius=\u00a0\u00bb50%\u00a0\u00bb box_icon_color=\u00a0\u00bb#fcfcfc\u00a0\u00bb box_icon_bg_color=\u00a0\u00bb#270ca0&Prime; box_icon_bd_color=\u00a0\u00bb#fcfcfc\u00a0\u00bb box_border_width=\u00a0\u00bb2&Prime; box_border_radius=\u00a0\u00bb 10px; -webkit-border-radius: 10px; -moz-border-radius: 10px;\u00a0\u00bb box_bg_color=\u00a0\u00bb#f2f2f2&Prime; box_bd_color=\u00a0\u00bb#0c399b\u00a0\u00bb button_show=\u00a0\u00bbtrue\u00a0\u00bb button_title=\u00a0\u00bbEn savoir plus\u00a0\u00bb button_link=\u00a0\u00bbhttps:\/\/www.travelwithamission.org\/actions-de-sensibilisation-encadrees\/\u00a0\u00bb button_target=\u00a0\u00bbself\u00a0\u00bb button_font_weight=\u00a0\u00bbnormal\u00a0\u00bb button_font_style=\u00a0\u00bbnormal\u00a0\u00bb button_border_style=\u00a0\u00bbsolid\u00a0\u00bb animation_delay=\u00a0\u00bb0&Prime;]<\/p>\n<p>TWAM vous propose d&rsquo;intervenir dans votre structure pour sensibiliser \u00e0 la d\u00e9couverte du monde et aux d\u00e9fis plan\u00e9taires.<\/p>\n<p>[\/cmsmasters_icon_box][\/cmsmasters_column][cmsmasters_column data_width=\u00a0\u00bb1\/2&Prime;][cmsmasters_icon_box box_type=\u00a0\u00bbcmsmasters_icon_box_top\u00a0\u00bb title=\u00a0\u00bbVolontariat international\u00a0\u00bb heading_type=\u00a0\u00bbh4&Prime; box_icon_type=\u00a0\u00bbicon\u00a0\u00bb box_icon=\u00a0\u00bbcmsmasters-icon-thumbs-up-3&Prime; box_icon_size=\u00a0\u00bb30&Prime; box_icon_space=\u00a0\u00bb50&Prime; box_icon_border_width=\u00a0\u00bb0&Prime; box_icon_border_radius=\u00a0\u00bb50%\u00a0\u00bb box_icon_color=\u00a0\u00bb#fcfcfc\u00a0\u00bb box_icon_bg_color=\u00a0\u00bb#270ca0&Prime; box_icon_bd_color=\u00a0\u00bb#fcfcfc\u00a0\u00bb box_border_width=\u00a0\u00bb2&Prime; box_border_radius=\u00a0\u00bb 10px; -webkit-border-radius: 10px; -moz-border-radius: 10px;\u00a0\u00bb box_bg_color=\u00a0\u00bb#f2f2f2&Prime; box_bd_color=\u00a0\u00bb#0c399b\u00a0\u00bb button_show=\u00a0\u00bbtrue\u00a0\u00bb button_title=\u00a0\u00bbEn savoir plus\u00a0\u00bb button_target=\u00a0\u00bbself\u00a0\u00bb button_font_weight=\u00a0\u00bbnormal\u00a0\u00bb button_font_style=\u00a0\u00bbnormal\u00a0\u00bb button_border_style=\u00a0\u00bbsolid\u00a0\u00bb animation_delay=\u00a0\u00bb0&Prime;]<\/p>\n<p>Vous souhaitez organiser une action de volontariat international avec vos \u00e9l\u00e8ves ? D\u00e9couvrez ce qu&rsquo;il est possible de faire&#8230;<\/p>\n<p>[\/cmsmasters_icon_box][\/cmsmasters_column][\/cmsmasters_row][cmsmasters_row data_padding_bottom=\u00a0\u00bb50&Prime; data_padding_top=\u00a0\u00bb0&Prime; data_bg_parallax_ratio=\u00a0\u00bb0.5&Prime; data_bg_size=\u00a0\u00bbcover\u00a0\u00bb data_bg_attachment=\u00a0\u00bbscroll\u00a0\u00bb data_bg_repeat=\u00a0\u00bbno-repeat\u00a0\u00bb data_bg_position=\u00a0\u00bbtop center\u00a0\u00bb data_color=\u00a0\u00bbdefault\u00a0\u00bb data_bot_style=\u00a0\u00bbdefault\u00a0\u00bb data_top_style=\u00a0\u00bbdefault\u00a0\u00bb data_padding_right=\u00a0\u00bb3&Prime; data_padding_left=\u00a0\u00bb3&Prime; data_width=\u00a0\u00bbboxed\u00a0\u00bb][cmsmasters_column data_width=\u00a0\u00bb1\/2&Prime;][cmsmasters_icon_box box_type=\u00a0\u00bbcmsmasters_icon_box_top\u00a0\u00bb title=\u00a0\u00bbVoyages solidaires\u00a0\u00bb heading_type=\u00a0\u00bbh4&Prime; box_icon_type=\u00a0\u00bbicon\u00a0\u00bb box_icon=\u00a0\u00bbcmsmasters-icon-plane-1&Prime; box_icon_size=\u00a0\u00bb30&Prime; box_icon_space=\u00a0\u00bb50&Prime; box_icon_border_width=\u00a0\u00bb0&Prime; box_icon_border_radius=\u00a0\u00bb50%\u00a0\u00bb box_icon_color=\u00a0\u00bb#fcfcfc\u00a0\u00bb box_icon_bg_color=\u00a0\u00bb#270ca0&Prime; box_icon_bd_color=\u00a0\u00bb#fcfcfc\u00a0\u00bb box_border_width=\u00a0\u00bb2&Prime; box_border_radius=\u00a0\u00bb 10px; -webkit-border-radius: 10px; -moz-border-radius: 10px;\u00a0\u00bb box_bg_color=\u00a0\u00bb#f2f2f2&Prime; box_bd_color=\u00a0\u00bb#0c399b\u00a0\u00bb button_show=\u00a0\u00bbtrue\u00a0\u00bb button_title=\u00a0\u00bbEn savoir plus\u00a0\u00bb button_target=\u00a0\u00bbself\u00a0\u00bb button_font_weight=\u00a0\u00bbnormal\u00a0\u00bb button_font_style=\u00a0\u00bbnormal\u00a0\u00bb button_border_style=\u00a0\u00bbsolid\u00a0\u00bb animation_delay=\u00a0\u00bb0&Prime;]<\/p>\n<p>Plut\u00f4t que le volontariat, vous pr\u00e9f\u00e9rez rester dans l&rsquo;observation pour sensibiliser vos \u00e9l\u00e8ves ? D\u00e9couvrez les possibilit\u00e9s.<\/p>\n<p>[\/cmsmasters_icon_box][\/cmsmasters_column][cmsmasters_column data_width=\u00a0\u00bb1\/2&Prime;][cmsmasters_icon_box box_type=\u00a0\u00bbcmsmasters_icon_box_top\u00a0\u00bb title=\u00a0\u00bbM\u00e9c\u00e9nat projet de solidarit\u00e9\u00a0\u00bb heading_type=\u00a0\u00bbh4&Prime; box_icon_type=\u00a0\u00bbicon\u00a0\u00bb box_icon=\u00a0\u00bbcmsmasters-icon-globe-alt-2&Prime; box_icon_size=\u00a0\u00bb30&Prime; box_icon_space=\u00a0\u00bb50&Prime; box_icon_border_width=\u00a0\u00bb0&Prime; box_icon_border_radius=\u00a0\u00bb50%\u00a0\u00bb box_icon_color=\u00a0\u00bb#fcfcfc\u00a0\u00bb box_icon_bg_color=\u00a0\u00bb#270ca0&Prime; box_icon_bd_color=\u00a0\u00bb#fcfcfc\u00a0\u00bb box_border_width=\u00a0\u00bb2&Prime; box_border_radius=\u00a0\u00bb 10px; -webkit-border-radius: 10px; -moz-border-radius: 10px;\u00a0\u00bb box_bg_color=\u00a0\u00bb#f2f2f2&Prime; box_bd_color=\u00a0\u00bb#0c399b\u00a0\u00bb button_show=\u00a0\u00bbtrue\u00a0\u00bb button_title=\u00a0\u00bbEn savoir plus\u00a0\u00bb button_target=\u00a0\u00bbself\u00a0\u00bb button_font_weight=\u00a0\u00bbnormal\u00a0\u00bb button_font_style=\u00a0\u00bbnormal\u00a0\u00bb button_border_style=\u00a0\u00bbsolid\u00a0\u00bb animation_delay=\u00a0\u00bb0&Prime;]<\/p>\n<p>Votre \u00e9cole souhaite soutenir un projet de solidarit\u00e9 internationale ? D\u00e9couvrez les possibilit\u00e9s.<\/p>\n<p>[\/cmsmasters_icon_box][\/cmsmasters_column][\/cmsmasters_row][cmsmasters_row data_padding_bottom=\u00a0\u00bb50&Prime; data_padding_top=\u00a0\u00bb0&Prime; data_bg_parallax_ratio=\u00a0\u00bb0.5&Prime; data_bg_size=\u00a0\u00bbcover\u00a0\u00bb data_bg_attachment=\u00a0\u00bbscroll\u00a0\u00bb data_bg_repeat=\u00a0\u00bbno-repeat\u00a0\u00bb data_bg_position=\u00a0\u00bbtop center\u00a0\u00bb data_color=\u00a0\u00bbdefault\u00a0\u00bb data_bot_style=\u00a0\u00bbdefault\u00a0\u00bb data_top_style=\u00a0\u00bbdefault\u00a0\u00bb data_padding_right=\u00a0\u00bb3&Prime; data_padding_left=\u00a0\u00bb3&Prime; data_width=\u00a0\u00bbboxed\u00a0\u00bb][cmsmasters_column data_width=\u00a0\u00bb1\/1&Prime;][cmsmasters_icon_box box_type=\u00a0\u00bbcmsmasters_icon_box_top\u00a0\u00bb title=\u00a0\u00bbPlateforme TWAM : Faites intervenir des Twamers\u00a0\u00bb heading_type=\u00a0\u00bbh4&Prime; box_icon_type=\u00a0\u00bbicon\u00a0\u00bb box_icon=\u00a0\u00bbcmsmasters-icon-chat-3&Prime; box_icon_size=\u00a0\u00bb30&Prime; box_icon_space=\u00a0\u00bb50&Prime; box_icon_border_width=\u00a0\u00bb0&Prime; box_icon_border_radius=\u00a0\u00bb50%\u00a0\u00bb box_icon_color=\u00a0\u00bb#fcfcfc\u00a0\u00bb box_icon_bg_color=\u00a0\u00bb#270ca0&Prime; box_icon_bd_color=\u00a0\u00bb#fcfcfc\u00a0\u00bb box_border_width=\u00a0\u00bb2&Prime; box_border_radius=\u00a0\u00bb 10px; -webkit-border-radius: 10px; -moz-border-radius: 10px;\u00a0\u00bb box_bg_color=\u00a0\u00bb#f2f2f2&Prime; box_bd_color=\u00a0\u00bb#0c399b\u00a0\u00bb button_show=\u00a0\u00bbtrue\u00a0\u00bb button_title=\u00a0\u00bbEn savoir plus\u00a0\u00bb button_target=\u00a0\u00bbself\u00a0\u00bb button_font_weight=\u00a0\u00bbnormal\u00a0\u00bb button_font_style=\u00a0\u00bbnormal\u00a0\u00bb button_border_style=\u00a0\u00bbsolid\u00a0\u00bb animation_delay=\u00a0\u00bb0&Prime;]<\/p>\n<p>La plateforme TWAM facilite l&rsquo;intervention de Twamers dans votre structure. Devenez Twamhost et proposez un public aux Twamers de passage dans votre r\u00e9gion. TWAM n&rsquo;est dans ce cadre pas garant du contenu d\u00e9livr\u00e9. Le syst\u00e8me de r\u00e9f\u00e9rences sur la plateforme vous aidera cependant \u00e0 juger du bien fond\u00e9 des propositions&#8230;<\/p>\n<p>[\/cmsmasters_icon_box][\/cmsmasters_column][\/cmsmasters_row]\n","protected":false},"excerpt":{"rendered":"<p>[cmsmasters_row data_width=\u00a0\u00bbboxed\u00a0\u00bb data_top_style=\u00a0\u00bbdefault\u00a0\u00bb data_bot_style=\u00a0\u00bbdefault\u00a0\u00bb data_color=\u00a0\u00bbdefault\u00a0\u00bb data_bg_color=\u00a0\u00bb#ffffff\u00a0\u00bb data_bg_img=\u00a0\u00bb7293|https:\/\/www.travelwithamission.org\/wp-content\/uploads\/sites\/3\/2018\/08\/GUOC8692-300&#215;225.jpg|medium\u00a0\u00bb data_bg_position=\u00a0\u00bbtop center\u00a0\u00bb data_bg_repeat=\u00a0\u00bbno-repeat\u00a0\u00bb data_bg_attachment=\u00a0\u00bbscroll\u00a0\u00bb data_bg_size=\u00a0\u00bbcover\u00a0\u00bb data_padding_top=\u00a0\u00bb400&Prime; data_padding_bottom=\u00a0\u00bb400&Prime;][cmsmasters_column data_width=\u00a0\u00bb1\/1&Prime;][cmsmasters_heading type=\u00a0\u00bbh1&Prime; font_size=\u00a0\u00bb70&Prime; line_height=\u00a0\u00bb100&Prime; tablet_check=\u00a0\u00bbtrue\u00a0\u00bb tablet_font_size=\u00a0\u00bb52&Prime; font_weight=\u00a0\u00bb300&Prime; font_style=\u00a0\u00bbnormal\u00a0\u00bb text_align=\u00a0\u00bbcenter\u00a0\u00bb color=\u00a0\u00bb#f7f7f7&Prime; bg_color=\u00a0\u00bb#0f0f0f\u00a0\u00bb margin_top=\u00a0\u00bb0&Prime; margin_bottom=\u00a0\u00bb0&Prime; animation_delay=\u00a0\u00bb0&Prime;]OFFRE DE PARTENARIAT&#8230;<\/p>\n","protected":false},"author":1,"featured_media":0,"parent":6990,"menu_order":0,"comment_status":"closed","ping_status":"closed","template":"","meta":{"footnotes":""},"class_list":["post-7519","page","type-page","status-publish","hentry"],"yoast_head":"<!-- This site is optimized with the Yoast SEO Premium plugin v20.12 (Yoast SEO v27.5) - https:\/\/yoast.com\/product\/yoast-seo-premium-wordpress\/ -->\n<title>Offre de partenariat TWAM avec Lyc\u00e9es<\/title>\n<meta name=\"description\" content=\"Et si votre lyc\u00e9e d\u00e9veloppait un programme de responsabilit\u00e9 sociale ? TWAM se tient pr\u00eat \u00e0 vous accompagner dans la d\u00e9marche. Pour cela, TWAM a con\u00e7u pour les structures \u00e9ducatives une large offre devant permettre aux \u00e9l\u00e8ves d\u2019apprendre, de comprendre et de se rendre utile.\" \/>\n<meta name=\"robots\" content=\"index, follow, max-snippet:-1, max-image-preview:large, max-video-preview:-1\" \/>\n<link rel=\"canonical\" href=\"https:\/\/www.travelwithamission.org\/en\/devenez-partenaire-twam\/offre-lycee\/\" \/>\n<meta property=\"og:locale\" content=\"en_US\" \/>\n<meta property=\"og:type\" content=\"article\" \/>\n<meta property=\"og:title\" content=\"Offre lyc\u00e9e\" \/>\n<meta property=\"og:description\" content=\"Et si votre lyc\u00e9e d\u00e9veloppait un programme de responsabilit\u00e9 sociale ? TWAM se tient pr\u00eat \u00e0 vous accompagner dans la d\u00e9marche. Pour cela, TWAM a con\u00e7u pour les structures \u00e9ducatives une large offre devant permettre aux \u00e9l\u00e8ves d\u2019apprendre, de comprendre et de se rendre utile.\" \/>\n<meta property=\"og:url\" content=\"https:\/\/www.travelwithamission.org\/en\/devenez-partenaire-twam\/offre-lycee\/\" \/>\n<meta property=\"og:site_name\" content=\"Association TWAM\" \/>\n<meta property=\"article:modified_time\" content=\"2020-09-29T16:42:47+00:00\" \/>\n<meta name=\"twitter:card\" content=\"summary_large_image\" \/>\n<meta name=\"twitter:label1\" content=\"Est. reading time\" \/>\n\t<meta name=\"twitter:data1\" content=\"6 minutes\" \/>\n<script type=\"application\/ld+json\" class=\"yoast-schema-graph\">{\"@context\":\"https:\\\/\\\/schema.org\",\"@graph\":[{\"@type\":\"WebPage\",\"@id\":\"https:\\\/\\\/www.travelwithamission.org\\\/devenez-partenaire-twam\\\/offre-lycee\\\/\",\"url\":\"https:\\\/\\\/www.travelwithamission.org\\\/devenez-partenaire-twam\\\/offre-lycee\\\/\",\"name\":\"Offre de partenariat TWAM avec Lyc\u00e9es\",\"isPartOf\":{\"@id\":\"https:\\\/\\\/www.travelwithamission.org\\\/#website\"},\"datePublished\":\"2020-09-29T16:31:40+00:00\",\"dateModified\":\"2020-09-29T16:42:47+00:00\",\"description\":\"Et si votre lyc\u00e9e d\u00e9veloppait un programme de responsabilit\u00e9 sociale ? TWAM se tient pr\u00eat \u00e0 vous accompagner dans la d\u00e9marche. Pour cela, TWAM a con\u00e7u pour les structures \u00e9ducatives une large offre devant permettre aux \u00e9l\u00e8ves d\u2019apprendre, de comprendre et de se rendre utile.\",\"breadcrumb\":{\"@id\":\"https:\\\/\\\/www.travelwithamission.org\\\/devenez-partenaire-twam\\\/offre-lycee\\\/#breadcrumb\"},\"inLanguage\":\"en-US\",\"potentialAction\":[{\"@type\":\"ReadAction\",\"target\":[\"https:\\\/\\\/www.travelwithamission.org\\\/devenez-partenaire-twam\\\/offre-lycee\\\/\"]}]},{\"@type\":\"BreadcrumbList\",\"@id\":\"https:\\\/\\\/www.travelwithamission.org\\\/devenez-partenaire-twam\\\/offre-lycee\\\/#breadcrumb\",\"itemListElement\":[{\"@type\":\"ListItem\",\"position\":1,\"name\":\"Home\",\"item\":\"https:\\\/\\\/www.travelwithamission.org\\\/\"},{\"@type\":\"ListItem\",\"position\":2,\"name\":\"Devenez partenaire TWAM\",\"item\":\"https:\\\/\\\/www.travelwithamission.org\\\/devenez-partenaire-twam\\\/\"},{\"@type\":\"ListItem\",\"position\":3,\"name\":\"Offre lyc\u00e9e\"}]},{\"@type\":\"WebSite\",\"@id\":\"https:\\\/\\\/www.travelwithamission.org\\\/#website\",\"url\":\"https:\\\/\\\/www.travelwithamission.org\\\/\",\"name\":\"Association TWAM\",\"description\":\"Construire un monde meilleure, ensemble !\",\"potentialAction\":[{\"@type\":\"SearchAction\",\"target\":{\"@type\":\"EntryPoint\",\"urlTemplate\":\"https:\\\/\\\/www.travelwithamission.org\\\/?s={search_term_string}\"},\"query-input\":{\"@type\":\"PropertyValueSpecification\",\"valueRequired\":true,\"valueName\":\"search_term_string\"}}],\"inLanguage\":\"en-US\"}]}<\/script>\n<!-- \/ Yoast SEO Premium plugin. -->","yoast_head_json":{"title":"Offre de partenariat TWAM avec Lyc\u00e9es","description":"Et si votre lyc\u00e9e d\u00e9veloppait un programme de responsabilit\u00e9 sociale ? TWAM se tient pr\u00eat \u00e0 vous accompagner dans la d\u00e9marche. Pour cela, TWAM a con\u00e7u pour les structures \u00e9ducatives une large offre devant permettre aux \u00e9l\u00e8ves d\u2019apprendre, de comprendre et de se rendre utile.","robots":{"index":"index","follow":"follow","max-snippet":"max-snippet:-1","max-image-preview":"max-image-preview:large","max-video-preview":"max-video-preview:-1"},"canonical":"https:\/\/www.travelwithamission.org\/en\/devenez-partenaire-twam\/offre-lycee\/","og_locale":"en_US","og_type":"article","og_title":"Offre lyc\u00e9e","og_description":"Et si votre lyc\u00e9e d\u00e9veloppait un programme de responsabilit\u00e9 sociale ? TWAM se tient pr\u00eat \u00e0 vous accompagner dans la d\u00e9marche. Pour cela, TWAM a con\u00e7u pour les structures \u00e9ducatives une large offre devant permettre aux \u00e9l\u00e8ves d\u2019apprendre, de comprendre et de se rendre utile.","og_url":"https:\/\/www.travelwithamission.org\/en\/devenez-partenaire-twam\/offre-lycee\/","og_site_name":"Association TWAM","article_modified_time":"2020-09-29T16:42:47+00:00","twitter_card":"summary_large_image","twitter_misc":{"Est. reading time":"6 minutes"},"schema":{"@context":"https:\/\/schema.org","@graph":[{"@type":"WebPage","@id":"https:\/\/www.travelwithamission.org\/devenez-partenaire-twam\/offre-lycee\/","url":"https:\/\/www.travelwithamission.org\/devenez-partenaire-twam\/offre-lycee\/","name":"Offre de partenariat TWAM avec Lyc\u00e9es","isPartOf":{"@id":"https:\/\/www.travelwithamission.org\/#website"},"datePublished":"2020-09-29T16:31:40+00:00","dateModified":"2020-09-29T16:42:47+00:00","description":"Et si votre lyc\u00e9e d\u00e9veloppait un programme de responsabilit\u00e9 sociale ? TWAM se tient pr\u00eat \u00e0 vous accompagner dans la d\u00e9marche. Pour cela, TWAM a con\u00e7u pour les structures \u00e9ducatives une large offre devant permettre aux \u00e9l\u00e8ves d\u2019apprendre, de comprendre et de se rendre utile.","breadcrumb":{"@id":"https:\/\/www.travelwithamission.org\/devenez-partenaire-twam\/offre-lycee\/#breadcrumb"},"inLanguage":"en-US","potentialAction":[{"@type":"ReadAction","target":["https:\/\/www.travelwithamission.org\/devenez-partenaire-twam\/offre-lycee\/"]}]},{"@type":"BreadcrumbList","@id":"https:\/\/www.travelwithamission.org\/devenez-partenaire-twam\/offre-lycee\/#breadcrumb","itemListElement":[{"@type":"ListItem","position":1,"name":"Home","item":"https:\/\/www.travelwithamission.org\/"},{"@type":"ListItem","position":2,"name":"Devenez partenaire TWAM","item":"https:\/\/www.travelwithamission.org\/devenez-partenaire-twam\/"},{"@type":"ListItem","position":3,"name":"Offre lyc\u00e9e"}]},{"@type":"WebSite","@id":"https:\/\/www.travelwithamission.org\/#website","url":"https:\/\/www.travelwithamission.org\/","name":"Association TWAM","description":"Construire un monde meilleure, ensemble !","potentialAction":[{"@type":"SearchAction","target":{"@type":"EntryPoint","urlTemplate":"https:\/\/www.travelwithamission.org\/?s={search_term_string}"},"query-input":{"@type":"PropertyValueSpecification","valueRequired":true,"valueName":"search_term_string"}}],"inLanguage":"en-US"}]}},"_links":{"self":[{"href":"https:\/\/www.travelwithamission.org\/en\/wp-json\/wp\/v2\/pages\/7519","targetHints":{"allow":["GET"]}}],"collection":[{"href":"https:\/\/www.travelwithamission.org\/en\/wp-json\/wp\/v2\/pages"}],"about":[{"href":"https:\/\/www.travelwithamission.org\/en\/wp-json\/wp\/v2\/types\/page"}],"author":[{"embeddable":true,"href":"https:\/\/www.travelwithamission.org\/en\/wp-json\/wp\/v2\/users\/1"}],"replies":[{"embeddable":true,"href":"https:\/\/www.travelwithamission.org\/en\/wp-json\/wp\/v2\/comments?post=7519"}],"version-history":[{"count":1,"href":"https:\/\/www.travelwithamission.org\/en\/wp-json\/wp\/v2\/pages\/7519\/revisions"}],"predecessor-version":[{"id":7520,"href":"https:\/\/www.travelwithamission.org\/en\/wp-json\/wp\/v2\/pages\/7519\/revisions\/7520"}],"up":[{"embeddable":true,"href":"https:\/\/www.travelwithamission.org\/en\/wp-json\/wp\/v2\/pages\/6990"}],"wp:attachment":[{"href":"https:\/\/www.travelwithamission.org\/en\/wp-json\/wp\/v2\/media?parent=7519"}],"curies":[{"name":"wp","href":"https:\/\/api.w.org\/{rel}","templated":true}]}}