{"id":7478,"date":"2019-04-19T15:08:47","date_gmt":"2019-04-19T13:08:47","guid":{"rendered":"https:\/\/www.travelwithamission.org\/?page_id=7478"},"modified":"2019-04-25T20:14:23","modified_gmt":"2019-04-25T18:14:23","slug":"collectif-des-influenceurs-engages","status":"publish","type":"page","link":"https:\/\/www.travelwithamission.org\/en\/collectif-des-influenceurs-engages\/","title":{"rendered":"Collectif des influenceurs engag\u00e9s"},"content":{"rendered":"<style type=\"text\/css\"> \n#cmsmasters_row_69d64c2bbaee03_57371610 { \n\tbackground-image: url(https:\/\/www.travelwithamission.org\/wp-content\/uploads\/sites\/3\/2019\/04\/DSC07362.jpg); \n\tbackground-position: top center; \n\tbackground-repeat: no-repeat; \n\tbackground-attachment: scroll; \n\tbackground-size: cover; \n} \n\n#cmsmasters_row_69d64c2bbaee03_57371610 .cmsmasters_row_outer_parent { \n\tpadding-top: 330px; \n} \n\n#cmsmasters_row_69d64c2bbaee03_57371610 .cmsmasters_row_outer_parent { \n\tpadding-bottom: 330px; \n} \n\n \n#cmsmasters_heading_69d64c2bbbd834_71618707 { \n\ttext-align:center; \n\tmargin-top:0px; \n\tmargin-bottom:0px; \n} \n\n#cmsmasters_heading_69d64c2bbbd834_71618707 .cmsmasters_heading { \n\ttext-align:center; \n\tbackground-color:#0f0f0f;\n\tpadding-left:1em; \n\tpadding-right:1em; \n} \n\n#cmsmasters_heading_69d64c2bbbd834_71618707 .cmsmasters_heading, #cmsmasters_heading_69d64c2bbbd834_71618707 .cmsmasters_heading a { \n\tfont-size:70px; \n\tline-height:80px; \n\tfont-weight:300; \n\tfont-style:normal; \n\tcolor:#f7f7f7;\n} \n\n#cmsmasters_heading_69d64c2bbbd834_71618707 .cmsmasters_heading_divider { \n} \n\n@media (max-width: 767px) {\n\n#cmsmasters_heading_69d64c2bbbd834_71618707 .cmsmasters_heading, #cmsmasters_heading_69d64c2bbbd834_71618707 .cmsmasters_heading a { \n\tfont-size:52px; \n} \n\n} \n\n \n#cmsmasters_row_69d64c2bbbffd9_02154250 { \n\tbackground-color:#e2e2e2;\n} \n\n#cmsmasters_row_69d64c2bbbffd9_02154250 .cmsmasters_row_outer_parent { \n\tpadding-top: 20px; \n} \n\n#cmsmasters_row_69d64c2bbbffd9_02154250 .cmsmasters_row_outer_parent { \n\tpadding-bottom: 20px; \n} \n\n \n#cmsmasters_row_69d64c2bbc1fb5_01768069 { \n\tbackground-color:#ffffff;\n} \n\n#cmsmasters_row_69d64c2bbc1fb5_01768069 .cmsmasters_row_outer_parent { \n\tpadding-top: 10px; \n} \n\n#cmsmasters_row_69d64c2bbc1fb5_01768069 .cmsmasters_row_outer_parent { \n\tpadding-bottom: 10px; \n} \n\n \n#cmsmasters_divider_69d64c2bbc4119_26049048 { \n\tborder-bottom-width:0px; \n\tborder-bottom-style:solid; \n\tpadding-top:20px; \n\tmargin-bottom:0px; \n} \n\n\t\t\t#cmsmasters_gallery_69d64c2bbc810 .cmsmasters_gallery {\n\t\t\t\tmargin:0 0 0 -10px;\n\t\t\t}\n\t\t\t\n\t\t\t#cmsmasters_gallery_69d64c2bbc810 .cmsmasters_gallery .cmsmasters_gallery_item {\n\t\t\t\tpadding:0 0 10px 10px;\n\t\t\t}\n\t\t \n#cmsmasters_row_69d64c2bbd7759_23950632 { \n\tbackground-color:#f2f2f2;\n} \n\n#cmsmasters_row_69d64c2bbd7759_23950632 .cmsmasters_row_outer_parent { \n\tpadding-top: 50px; \n} \n\n#cmsmasters_row_69d64c2bbd7759_23950632 .cmsmasters_row_outer_parent { \n\tpadding-bottom: 50px; \n} \n\n\n#cmsmasters_button_69d64c2bbd9247_29687017 { \n\ttext-align:center; \n} \n\n#cmsmasters_button_69d64c2bbd9247_29687017 .cmsmasters_button:before { \n\tmargin-right:.5em; \n\tmargin-left:0; \n\tvertical-align:baseline; \n} \n\n#cmsmasters_button_69d64c2bbd9247_29687017 .cmsmasters_button { \n\tfont-size:20px; \n\tline-height:20px; \n\tfont-weight:normal; \n\tfont-style:normal; \n\tborder-style:solid; \n\tbackground-color:#999999;\n} \n#cmsmasters_button_69d64c2bbd9247_29687017 .cmsmasters_button:hover { \n} \n<\/style><div id=\"cmsmasters_row_69d64c2bbaee03_57371610\" class=\"cmsmasters_row cmsmasters_color_scheme_default cmsmasters_row_top_default cmsmasters_row_bot_default cmsmasters_row_boxed\">\n<div class=\"cmsmasters_row_outer_parent\">\n<div class=\"cmsmasters_row_outer\">\n<div class=\"cmsmasters_row_inner\">\n<div class=\"cmsmasters_row_margin\">\n<div class=\"cmsmasters_column one_first\">\n\n<div id=\"cmsmasters_heading_69d64c2bbbd834_71618707\" class=\"cmsmasters_heading_wrap cmsmasters_heading_align_center\">\n\t<h1 class=\"cmsmasters_heading\">COLLECTIF DES INFLUENCEURS ENGAG\u00c9S<\/h1>\n<\/div>\n<\/div>\n<\/div>\n<\/div>\n<\/div>\n<\/div>\n<\/div>\n<div id=\"cmsmasters_row_69d64c2bbbffd9_02154250\" class=\"cmsmasters_row cmsmasters_color_scheme_default cmsmasters_row_top_default cmsmasters_row_bot_default cmsmasters_row_boxed\">\n<div class=\"cmsmasters_row_outer_parent\">\n<div class=\"cmsmasters_row_outer\">\n<div class=\"cmsmasters_row_inner\">\n<div class=\"cmsmasters_row_margin\">\n<div class=\"cmsmasters_column one_first\">\n<div class=\"cmsmasters_text\">\n<h4 style=\"text-align: center;\"><em>Lanc\u00e9 durant le salon des blogueurs 2019, le collectif des influenceurs engag\u00e9s (CIE) regroupe des influenceurs souhaitant jouer un r\u00f4le actif dans la construction d&rsquo;un monde meilleur.<br \/>\n<\/em><\/h4>\n<\/div>\n<\/div>\n<\/div>\n<\/div>\n<\/div>\n<\/div>\n<\/div>\n<div id=\"cmsmasters_row_69d64c2bbc1fb5_01768069\" class=\"cmsmasters_row cmsmasters_color_scheme_default cmsmasters_row_top_default cmsmasters_row_bot_default cmsmasters_row_boxed\">\n<div class=\"cmsmasters_row_outer_parent\">\n<div class=\"cmsmasters_row_outer\">\n<div class=\"cmsmasters_row_inner\">\n<div class=\"cmsmasters_row_margin\">\n<div class=\"cmsmasters_column one_half\">\n\n<div id=\"cmsmasters_divider_69d64c2bbc4119_26049048\" class=\"cl\"><\/div>\n<div class=\"cmsmasters_text\">\n<div class=\"cmsmasters_dropcap type1\">L<\/div> e collectif des influenceurs engag\u00e9s est une initiative commune de l&rsquo;organisation \u00e0 but non lucratif TRAVEL WITH A MISSION (TWAM) dont le fondateur, Ludovic Hubler, est lui-m\u00eame blogueur, et de MY BLOGGERS COMPANY, organisateur du salon des blogueurs de voyage dont le fondateur, Xavier Bethier, est \u00e9galement lui-m\u00eame blogueur.<\/p>\n<p>Son objectif g\u00e9n\u00e9ral est d\u2019encourager et d\u2019accompagner les influenceurs \u00e0 d\u00e9velopper un \u00ab\u00a0<em>programme de responsabilit\u00e9 sociale et environnemental<\/em>\u00a0\u00bb, c\u2019est-\u00e0-dire \u00e0 mettre en place des actions leur permettant non seulement d\u2019avoir un impact soci\u00e9tal positif mais aussi et surtout d\u2019encourager leur communaut\u00e9 \u00e0 faire de m\u00eame.<\/p>\n<p>De fa\u00e7on plus sp\u00e9cifique, le CIE aura pour but\u00a0:<\/p>\n<ul>\n<li><strong>De jouer un r\u00f4le de Think tank (groupe de r\u00e9flexion) sur la th\u00e9matique de l\u2019engagement des influenceurs<\/strong>. Chaque ann\u00e9e, lors du salon des blogueurs de voyage et lors du salon des influenceurs, un stand et une table ronde seront d\u00e9di\u00e9s \u00e0 la th\u00e9matique de l\u2019engagement. Lors de cette table ronde, dirig\u00e9e par TWAM, des influenceurs pourront partager leurs exp\u00e9riences, positives comme n\u00e9gatives et interagir avec l\u2019objectif d\u2019inspirer et d\u2019encourager \u00e0 l\u2019action.<\/li>\n<li><strong>De jouer un r\u00f4le de conseiller\/accompagnateur<\/strong>: Selon la volont\u00e9 des influenceurs, TWAM pourra soit jouer un simple r\u00f4le de conseiller pour la mise en place d\u2019actions d\u2019int\u00e9r\u00eat g\u00e9n\u00e9ral, soit aller bien au-del\u00e0 en organisant des missions rassemblant un ou plusieurs influenceurs. A titre d\u2019exemple, TWAM a accompagn\u00e9 en 2018 l\u2019influenceur Alex Vizeo dans des projets favorisant l\u2019acc\u00e8s \u00e0 l\u2019\u00e9ducation au Burundi, en RDC et au Rwanda (voir le film \u00ab\u00a0<a href=\"https:\/\/www.youtube.com\/watch?v=hrYc0MeIpFg&amp;t=915s\">Premiers pas vers un voyage engag\u00e9<\/a>\u00ab\u00a0).<\/li>\n<li><strong>De jouer un r\u00f4le d\u2019organisateur de grandes missions d\u2019int\u00e9r\u00eat g\u00e9n\u00e9ral, en France ou \u00e0 l\u2019\u00e9tranger,<\/strong> int\u00e9grant des fans (collecte de d\u00e9chets, r\u00e9habilitation de structures d\u2019int\u00e9r\u00eat g\u00e9n\u00e9ral, etc.). Chose importante\u00a0: TWAM est adepte du \u00ab\u00a0<em>Faire avec<\/em>\u00bb et non \u00ab\u00a0<em>Faire \u00e0 la place de<\/em>\u00a0\u00bb. Chaque projet men\u00e9 sera d\u00e9velopp\u00e9 dans ce sens, c\u2019est-\u00e0-dire en venant en soutien d\u2019une dynamique locale. Les groupes peuvent avoir 10 comme 100 volontaires.<\/li>\n<\/ul>\n<p>La notion d\u2019influenceur est tr\u00e8s subjective. TWAM et My bloggers ont fait le choix de <strong>ne pas fixer de limite d\u2019influence pour appartenir au collectif<\/strong>. Toute personne se consid\u00e9rant comme un influenceur et souhaitant faire partie du collectif sera donc la bienvenue.<\/p>\n<p>En terme d\u2019outils, un groupe Facebook du collectif des influenceurs engag\u00e9s sera cr\u00e9\u00e9. Il sera mod\u00e9r\u00e9 par TWAM qui le fera vivre.<\/p>\n<p>Chaque ann\u00e9e, lors du salon des blogueurs de voyage, une table ronde sera donc organis\u00e9e sur la th\u00e9matique de l\u2019engagement de fa\u00e7on \u00e0 ce que les influenceurs puissent partager leurs exp\u00e9riences et en inspirer d&rsquo;autres&#8230;<\/p>\n<\/div>\n<\/div>\n<div class=\"cmsmasters_column one_half\">\n<div id=\"cmsmasters_gallery_69d64c2bbc810\" class=\"cmsmasters_gallery_wrap\"><ul class=\"cmsmasters_gallery cmsmasters_1 cmsmasters_more_items_loader\"><li class=\"cmsmasters_gallery_item\"><figure><a href=\"https:\/\/www.travelwithamission.org\/wp-content\/uploads\/sites\/3\/2019\/04\/logo-CIE.jpg\" rel=\"ilightbox[69d64c2bbc810]\"><img loading=\"lazy\" decoding=\"async\" width=\"1280\" height=\"836\" src=\"https:\/\/www.travelwithamission.org\/wp-content\/uploads\/sites\/3\/2019\/04\/logo-CIE.jpg\" class=\"attachment-full size-full\" alt=\"\" srcset=\"https:\/\/www.travelwithamission.org\/wp-content\/uploads\/sites\/3\/2019\/04\/logo-CIE.jpg 1280w, https:\/\/www.travelwithamission.org\/wp-content\/uploads\/sites\/3\/2019\/04\/logo-CIE-300x196.jpg 300w, https:\/\/www.travelwithamission.org\/wp-content\/uploads\/sites\/3\/2019\/04\/logo-CIE-768x502.jpg 768w, https:\/\/www.travelwithamission.org\/wp-content\/uploads\/sites\/3\/2019\/04\/logo-CIE-1024x669.jpg 1024w, https:\/\/www.travelwithamission.org\/wp-content\/uploads\/sites\/3\/2019\/04\/logo-CIE-580x378.jpg 580w, https:\/\/www.travelwithamission.org\/wp-content\/uploads\/sites\/3\/2019\/04\/logo-CIE-860x562.jpg 860w, https:\/\/www.travelwithamission.org\/wp-content\/uploads\/sites\/3\/2019\/04\/logo-CIE-1160x758.jpg 1160w\" sizes=\"auto, (max-width: 1280px) 100vw, 1280px\" \/><\/a><\/figure><\/li><\/ul><script type=\"text\/javascript\">\n\t\t\tjQuery(document).ready(function () {\n\t\t\t\t(function ($) {\n\t\t\t\t\tif ($('#cmsmasters_gallery_69d64c2bbc810').find('.cmsmasters_gallery_item').length == '0') {\n\t\t\t\t\t\treturn false;\n\t\t\t\t\t}\n\t\t\t\t\t\n\t\t\t\t\t\n\t\t\t\t\tstartGallery( \n\t\t\t\t\t\t'69d64c2bbc810', \n\t\t\t\t\t\t'masonry', \n\t\t\t\t\t\t'1', \n\t\t\t\t\t\t'false' \n\t\t\t\t\t);\n\t\t\t\t} )(jQuery);\n\t\t\t} );\n\t\t<\/script>\n\t\t<\/div>\n<\/div>\n<\/div>\n<\/div>\n<\/div>\n<\/div>\n<\/div>\n<div id=\"cmsmasters_row_69d64c2bbd7759_23950632\" class=\"cmsmasters_row cmsmasters_color_scheme_default cmsmasters_row_top_default cmsmasters_row_bot_default cmsmasters_row_boxed\">\n<div class=\"cmsmasters_row_outer_parent\">\n<div class=\"cmsmasters_row_outer\">\n<div class=\"cmsmasters_row_inner\">\n<div class=\"cmsmasters_row_margin\">\n<div class=\"cmsmasters_column one_first\">\n\n<div id=\"cmsmasters_button_69d64c2bbd9247_29687017\" class=\"button_wrap\"><a href=\"https:\/\/blog.travelwithamission.org\/creation-du-collectif-des-influenceurs-engages\/\" class=\"cmsmasters_button\" target=\"_blank\"><span>Voir l&rsquo;article li\u00e9 au collectif des influenceurs engag\u00e9s<\/span><\/a><\/div>\n<\/div>\n<\/div>\n<\/div>\n<\/div>\n<\/div>\n<\/div>\n\n","protected":false},"excerpt":{"rendered":"","protected":false},"author":1,"featured_media":0,"parent":0,"menu_order":0,"comment_status":"closed","ping_status":"closed","template":"","meta":{"footnotes":""},"class_list":["post-7478","page","type-page","status-publish","hentry"],"yoast_head":"<!-- This site is optimized with the Yoast SEO Premium plugin v20.12 (Yoast SEO v27.3) - https:\/\/yoast.com\/product\/yoast-seo-premium-wordpress\/ -->\n<title>Collectif des influenceurs engag\u00e9s - Association TWAM<\/title>\n<meta name=\"robots\" content=\"index, follow, max-snippet:-1, max-image-preview:large, max-video-preview:-1\" \/>\n<link rel=\"canonical\" href=\"https:\/\/www.travelwithamission.org\/en\/collectif-des-influenceurs-engages\/\" \/>\n<meta property=\"og:locale\" content=\"en_US\" \/>\n<meta property=\"og:type\" content=\"article\" \/>\n<meta property=\"og:title\" content=\"Collectif des influenceurs engag\u00e9s\" \/>\n<meta property=\"og:url\" content=\"https:\/\/www.travelwithamission.org\/en\/collectif-des-influenceurs-engages\/\" \/>\n<meta property=\"og:site_name\" content=\"Association TWAM\" \/>\n<meta property=\"article:modified_time\" content=\"2019-04-25T18:14:23+00:00\" \/>\n<meta name=\"twitter:card\" content=\"summary_large_image\" \/>\n<meta name=\"twitter:label1\" content=\"Est. reading time\" \/>\n\t<meta name=\"twitter:data1\" content=\"4 minutes\" \/>\n<script type=\"application\/ld+json\" class=\"yoast-schema-graph\">{\"@context\":\"https:\\\/\\\/schema.org\",\"@graph\":[{\"@type\":\"WebPage\",\"@id\":\"https:\\\/\\\/www.travelwithamission.org\\\/collectif-des-influenceurs-engages\\\/\",\"url\":\"https:\\\/\\\/www.travelwithamission.org\\\/collectif-des-influenceurs-engages\\\/\",\"name\":\"Collectif des influenceurs engag\u00e9s - Association TWAM\",\"isPartOf\":{\"@id\":\"https:\\\/\\\/www.travelwithamission.org\\\/#website\"},\"datePublished\":\"2019-04-19T13:08:47+00:00\",\"dateModified\":\"2019-04-25T18:14:23+00:00\",\"breadcrumb\":{\"@id\":\"https:\\\/\\\/www.travelwithamission.org\\\/collectif-des-influenceurs-engages\\\/#breadcrumb\"},\"inLanguage\":\"en-US\",\"potentialAction\":[{\"@type\":\"ReadAction\",\"target\":[\"https:\\\/\\\/www.travelwithamission.org\\\/collectif-des-influenceurs-engages\\\/\"]}]},{\"@type\":\"BreadcrumbList\",\"@id\":\"https:\\\/\\\/www.travelwithamission.org\\\/collectif-des-influenceurs-engages\\\/#breadcrumb\",\"itemListElement\":[{\"@type\":\"ListItem\",\"position\":1,\"name\":\"Home\",\"item\":\"https:\\\/\\\/www.travelwithamission.org\\\/\"},{\"@type\":\"ListItem\",\"position\":2,\"name\":\"Collectif des influenceurs engag\u00e9s\"}]},{\"@type\":\"WebSite\",\"@id\":\"https:\\\/\\\/www.travelwithamission.org\\\/#website\",\"url\":\"https:\\\/\\\/www.travelwithamission.org\\\/\",\"name\":\"Association TWAM\",\"description\":\"Construire un monde meilleure, ensemble !\",\"potentialAction\":[{\"@type\":\"SearchAction\",\"target\":{\"@type\":\"EntryPoint\",\"urlTemplate\":\"https:\\\/\\\/www.travelwithamission.org\\\/?s={search_term_string}\"},\"query-input\":{\"@type\":\"PropertyValueSpecification\",\"valueRequired\":true,\"valueName\":\"search_term_string\"}}],\"inLanguage\":\"en-US\"}]}<\/script>\n<!-- \/ Yoast SEO Premium plugin. -->","yoast_head_json":{"title":"Collectif des influenceurs engag\u00e9s - Association TWAM","robots":{"index":"index","follow":"follow","max-snippet":"max-snippet:-1","max-image-preview":"max-image-preview:large","max-video-preview":"max-video-preview:-1"},"canonical":"https:\/\/www.travelwithamission.org\/en\/collectif-des-influenceurs-engages\/","og_locale":"en_US","og_type":"article","og_title":"Collectif des influenceurs engag\u00e9s","og_url":"https:\/\/www.travelwithamission.org\/en\/collectif-des-influenceurs-engages\/","og_site_name":"Association TWAM","article_modified_time":"2019-04-25T18:14:23+00:00","twitter_card":"summary_large_image","twitter_misc":{"Est. reading time":"4 minutes"},"schema":{"@context":"https:\/\/schema.org","@graph":[{"@type":"WebPage","@id":"https:\/\/www.travelwithamission.org\/collectif-des-influenceurs-engages\/","url":"https:\/\/www.travelwithamission.org\/collectif-des-influenceurs-engages\/","name":"Collectif des influenceurs engag\u00e9s - Association TWAM","isPartOf":{"@id":"https:\/\/www.travelwithamission.org\/#website"},"datePublished":"2019-04-19T13:08:47+00:00","dateModified":"2019-04-25T18:14:23+00:00","breadcrumb":{"@id":"https:\/\/www.travelwithamission.org\/collectif-des-influenceurs-engages\/#breadcrumb"},"inLanguage":"en-US","potentialAction":[{"@type":"ReadAction","target":["https:\/\/www.travelwithamission.org\/collectif-des-influenceurs-engages\/"]}]},{"@type":"BreadcrumbList","@id":"https:\/\/www.travelwithamission.org\/collectif-des-influenceurs-engages\/#breadcrumb","itemListElement":[{"@type":"ListItem","position":1,"name":"Home","item":"https:\/\/www.travelwithamission.org\/"},{"@type":"ListItem","position":2,"name":"Collectif des influenceurs engag\u00e9s"}]},{"@type":"WebSite","@id":"https:\/\/www.travelwithamission.org\/#website","url":"https:\/\/www.travelwithamission.org\/","name":"Association TWAM","description":"Construire un monde meilleure, ensemble !","potentialAction":[{"@type":"SearchAction","target":{"@type":"EntryPoint","urlTemplate":"https:\/\/www.travelwithamission.org\/?s={search_term_string}"},"query-input":{"@type":"PropertyValueSpecification","valueRequired":true,"valueName":"search_term_string"}}],"inLanguage":"en-US"}]}},"_links":{"self":[{"href":"https:\/\/www.travelwithamission.org\/en\/wp-json\/wp\/v2\/pages\/7478","targetHints":{"allow":["GET"]}}],"collection":[{"href":"https:\/\/www.travelwithamission.org\/en\/wp-json\/wp\/v2\/pages"}],"about":[{"href":"https:\/\/www.travelwithamission.org\/en\/wp-json\/wp\/v2\/types\/page"}],"author":[{"embeddable":true,"href":"https:\/\/www.travelwithamission.org\/en\/wp-json\/wp\/v2\/users\/1"}],"replies":[{"embeddable":true,"href":"https:\/\/www.travelwithamission.org\/en\/wp-json\/wp\/v2\/comments?post=7478"}],"version-history":[{"count":6,"href":"https:\/\/www.travelwithamission.org\/en\/wp-json\/wp\/v2\/pages\/7478\/revisions"}],"predecessor-version":[{"id":7487,"href":"https:\/\/www.travelwithamission.org\/en\/wp-json\/wp\/v2\/pages\/7478\/revisions\/7487"}],"wp:attachment":[{"href":"https:\/\/www.travelwithamission.org\/en\/wp-json\/wp\/v2\/media?parent=7478"}],"curies":[{"name":"wp","href":"https:\/\/api.w.org\/{rel}","templated":true}]}}