{"id":7157,"date":"2018-08-22T11:54:57","date_gmt":"2018-08-22T09:54:57","guid":{"rendered":"https:\/\/www.travelwithamission.org\/?page_id=7157"},"modified":"2018-08-23T11:39:43","modified_gmt":"2018-08-23T09:39:43","slug":"partenaires","status":"publish","type":"page","link":"https:\/\/www.travelwithamission.org\/en\/partenaires\/","title":{"rendered":"Partenaires"},"content":{"rendered":"<style type=\"text\/css\"> \n#cmsmasters_row_69d5414e6bc477_68393163 { \n\tbackground-color:#ffffff;\n\tbackground-image: url(https:\/\/www.travelwithamission.org\/wp-content\/uploads\/sites\/3\/2018\/08\/IMG_6248.jpg); \n\tbackground-position: top center; \n\tbackground-repeat: no-repeat; \n\tbackground-attachment: scroll; \n\tbackground-size: cover; \n} \n\n#cmsmasters_row_69d5414e6bc477_68393163 .cmsmasters_row_outer_parent { \n\tpadding-top: 400px; \n} \n\n#cmsmasters_row_69d5414e6bc477_68393163 .cmsmasters_row_outer_parent { \n\tpadding-bottom: 400px; \n} \n\n \n#cmsmasters_heading_69d5414e6c8b48_21074203 { \n\ttext-align:center; \n\tmargin-top:0px; \n\tmargin-bottom:0px; \n} \n\n#cmsmasters_heading_69d5414e6c8b48_21074203 .cmsmasters_heading { \n\ttext-align:center; \n\tbackground-color:#0f0f0f;\n\tpadding-left:1em; \n\tpadding-right:1em; \n} \n\n#cmsmasters_heading_69d5414e6c8b48_21074203 .cmsmasters_heading, #cmsmasters_heading_69d5414e6c8b48_21074203 .cmsmasters_heading a { \n\tfont-size:70px; \n\tline-height:100px; \n\tfont-weight:300; \n\tfont-style:normal; \n\tcolor:#f7f7f7;\n} \n\n#cmsmasters_heading_69d5414e6c8b48_21074203 .cmsmasters_heading_divider { \n} \n\n@media (max-width: 767px) {\n\n#cmsmasters_heading_69d5414e6c8b48_21074203 .cmsmasters_heading, #cmsmasters_heading_69d5414e6c8b48_21074203 .cmsmasters_heading a { \n\tfont-size:52px; \n} \n\n} \n\n \n#cmsmasters_row_69d5414e6c92d0_78595976 .cmsmasters_row_outer_parent { \n\tpadding-top: 30px; \n} \n\n#cmsmasters_row_69d5414e6c92d0_78595976 .cmsmasters_row_outer_parent { \n\tpadding-bottom: 30px; \n} \n\n \n#cmsmasters_row_69d5414e6cb200_49815031 { \n\tbackground-color:#fcfcfc;\n} \n\n#cmsmasters_row_69d5414e6cb200_49815031 .cmsmasters_row_outer_parent { \n\tpadding-top: 0px; \n} \n\n#cmsmasters_row_69d5414e6cb200_49815031 .cmsmasters_row_outer_parent { \n\tpadding-bottom: 50px; \n} \n\n \n#cmsmasters_icon_box_69d5414e6ce72 { \n\tborder-width:2px; \n\t-webkit-border-radius: 10px; -webkit-border-radius: 10px; -moz-border-radius: 10px;; \n\tborder-radius: 10px; -webkit-border-radius: 10px; -moz-border-radius: 10px;; \n\tbackground-color:#f9f9f9;\n\tborder-color:#1a0c9b;\n} \n\n#cmsmasters_icon_box_69d5414e6ce72:before, \n#cmsmasters_icon_box_69d5414e6ce72 .icon_box_heading:before { \n\tfont-size:30px; \n\tline-height:50px; \n\twidth:50px; \n\theight:50px; \n\tborder-width:0px; \n\t-webkit-border-radius:50%; \n\tborder-radius:50%; \n\tcolor:#fcfcfc;\n\tbackground-color:#340c9b;\n\tborder-color:#f9f9f9;\n} \n\n#cmsmasters_icon_box_69d5414e6ce72.cmsmasters_icon_heading_left, \n#cmsmasters_icon_box_69d5414e6ce72.cmsmasters_icon_top, \n#cmsmasters_icon_box_69d5414e6ce72.cmsmasters_icon_box_left_top { \n\tpadding:30px 20px; } \n\n#cmsmasters_icon_box_69d5414e6ce72.cmsmasters_icon_top:before { \n\ttop:30px;} \n\n#cmsmasters_icon_box_69d5414e6ce72 { \n\tpadding-top:80px; } \n\n#cmsmasters_icon_box_69d5414e6ce72:before, \n#cmsmasters_icon_box_69d5414e6ce72 .icon_box_heading:before { \n\tmargin-left:-25px; \n\t} \n\n#cmsmasters_icon_box_69d5414e6ce72.cmsmasters_icon_box_top { \n\tpadding-top:55px; \n\tmargin-top:45px; \n\t} \n\n#cmsmasters_icon_box_69d5414e6ce72.cmsmasters_icon_box_top:before { \n\ttop:-25px; \n\t} \n\n#cmsmasters_icon_box_69d5414e6ce72 .cmsmasters_button:before { \n\tmargin-right:.5em; \n\tmargin-left:0; \n\tvertical-align:baseline; \n} \n\n#cmsmasters_icon_box_69d5414e6ce72 .cmsmasters_button { \n\tfont-weight:normal; \n\tfont-style:normal; \n\tborder-style:solid; \n} \n#cmsmasters_icon_box_69d5414e6ce72 .cmsmasters_button:hover { \n} \n \n#cmsmasters_icon_box_69d5414e6d1ca { \n\tborder-width:2px; \n\t-webkit-border-radius: 10px; -webkit-border-radius: 10px; -moz-border-radius: 10px;; \n\tborder-radius: 10px; -webkit-border-radius: 10px; -moz-border-radius: 10px;; \n\tbackground-color:#f9f9f9;\n\tborder-color:#1a0c9b;\n} \n\n#cmsmasters_icon_box_69d5414e6d1ca:before, \n#cmsmasters_icon_box_69d5414e6d1ca .icon_box_heading:before { \n\tfont-size:30px; \n\tline-height:50px; \n\twidth:50px; \n\theight:50px; \n\tborder-width:0px; \n\t-webkit-border-radius:50%; \n\tborder-radius:50%; \n\tcolor:#fcfcfc;\n\tbackground-color:#340c9b;\n\tborder-color:#f9f9f9;\n} \n\n#cmsmasters_icon_box_69d5414e6d1ca.cmsmasters_icon_heading_left, \n#cmsmasters_icon_box_69d5414e6d1ca.cmsmasters_icon_top, \n#cmsmasters_icon_box_69d5414e6d1ca.cmsmasters_icon_box_left_top { \n\tpadding:30px 20px; } \n\n#cmsmasters_icon_box_69d5414e6d1ca.cmsmasters_icon_top:before { \n\ttop:30px;} \n\n#cmsmasters_icon_box_69d5414e6d1ca { \n\tpadding-top:80px; } \n\n#cmsmasters_icon_box_69d5414e6d1ca:before, \n#cmsmasters_icon_box_69d5414e6d1ca .icon_box_heading:before { \n\tmargin-left:-25px; \n\t} \n\n#cmsmasters_icon_box_69d5414e6d1ca.cmsmasters_icon_box_top { \n\tpadding-top:55px; \n\tmargin-top:45px; \n\t} \n\n#cmsmasters_icon_box_69d5414e6d1ca.cmsmasters_icon_box_top:before { \n\ttop:-25px; \n\t} \n\n#cmsmasters_icon_box_69d5414e6d1ca .cmsmasters_button:before { \n\tmargin-right:.5em; \n\tmargin-left:0; \n\tvertical-align:baseline; \n} \n\n#cmsmasters_icon_box_69d5414e6d1ca .cmsmasters_button { \n\tfont-weight:normal; \n\tfont-style:normal; \n\tborder-style:solid; \n} \n#cmsmasters_icon_box_69d5414e6d1ca .cmsmasters_button:hover { \n} \n \n#cmsmasters_icon_box_69d5414e6d531 { \n\tborder-width:2px; \n\t-webkit-border-radius: 10px; -webkit-border-radius: 10px; -moz-border-radius: 10px;; \n\tborder-radius: 10px; -webkit-border-radius: 10px; -moz-border-radius: 10px;; \n\tbackground-color:#f9f9f9;\n\tborder-color:#1a0c9b;\n} \n\n#cmsmasters_icon_box_69d5414e6d531:before, \n#cmsmasters_icon_box_69d5414e6d531 .icon_box_heading:before { \n\tfont-size:30px; \n\tline-height:50px; \n\twidth:50px; \n\theight:50px; \n\tborder-width:0px; \n\t-webkit-border-radius:50%; \n\tborder-radius:50%; \n\tcolor:#fcfcfc;\n\tbackground-color:#340c9b;\n\tborder-color:#f9f9f9;\n} \n\n#cmsmasters_icon_box_69d5414e6d531.cmsmasters_icon_heading_left, \n#cmsmasters_icon_box_69d5414e6d531.cmsmasters_icon_top, \n#cmsmasters_icon_box_69d5414e6d531.cmsmasters_icon_box_left_top { \n\tpadding:30px 20px; } \n\n#cmsmasters_icon_box_69d5414e6d531.cmsmasters_icon_top:before { \n\ttop:30px;} \n\n#cmsmasters_icon_box_69d5414e6d531 { \n\tpadding-top:80px; } \n\n#cmsmasters_icon_box_69d5414e6d531:before, \n#cmsmasters_icon_box_69d5414e6d531 .icon_box_heading:before { \n\tmargin-left:-25px; \n\t} \n\n#cmsmasters_icon_box_69d5414e6d531.cmsmasters_icon_box_top { \n\tpadding-top:55px; \n\tmargin-top:45px; \n\t} \n\n#cmsmasters_icon_box_69d5414e6d531.cmsmasters_icon_box_top:before { \n\ttop:-25px; \n\t} \n\n#cmsmasters_icon_box_69d5414e6d531 .cmsmasters_button:before { \n\tmargin-right:.5em; \n\tmargin-left:0; \n\tvertical-align:baseline; \n} \n\n#cmsmasters_icon_box_69d5414e6d531 .cmsmasters_button { \n\tfont-weight:normal; \n\tfont-style:normal; \n\tborder-style:solid; \n} \n#cmsmasters_icon_box_69d5414e6d531 .cmsmasters_button:hover { \n} \n \n#cmsmasters_row_69d5414e6d5d04_31270809 .cmsmasters_row_outer_parent { \n\tpadding-top: 30px; \n} \n\n#cmsmasters_row_69d5414e6d5d04_31270809 .cmsmasters_row_outer_parent { \n\tpadding-bottom: 30px; \n} \n\n \n#cmsmasters_row_69d5414e6d7049_46054719 { \n\tbackground-color:#ffffff;\n} \n\n#cmsmasters_row_69d5414e6d7049_46054719 .cmsmasters_row_outer_parent { \n\tpadding-top: 10px; \n} \n\n#cmsmasters_row_69d5414e6d7049_46054719 .cmsmasters_row_outer_parent { \n\tpadding-bottom: 10px; \n} \n\n \n#cmsmasters_icon_box_69d5414e6daa2 { \n\tborder-width:2px; \n\t-webkit-border-radius: 10px; -webkit-border-radius: 10px; -moz-border-radius: 10px;; \n\tborder-radius: 10px; -webkit-border-radius: 10px; -moz-border-radius: 10px;; \n\tbackground-color:#f9f9f9;\n\tborder-color:#1a0c9b;\n} \n\n#cmsmasters_icon_box_69d5414e6daa2:before, \n#cmsmasters_icon_box_69d5414e6daa2 .icon_box_heading:before { \n\tfont-size:30px; \n\tline-height:50px; \n\twidth:50px; \n\theight:50px; \n\tborder-width:0px; \n\t-webkit-border-radius:50%; \n\tborder-radius:50%; \n\tcolor:#fcfcfc;\n\tbackground-color:#340c9b;\n\tborder-color:#f9f9f9;\n} \n\n#cmsmasters_icon_box_69d5414e6daa2.cmsmasters_icon_heading_left, \n#cmsmasters_icon_box_69d5414e6daa2.cmsmasters_icon_top, \n#cmsmasters_icon_box_69d5414e6daa2.cmsmasters_icon_box_left_top { \n\tpadding:30px 20px; } \n\n#cmsmasters_icon_box_69d5414e6daa2.cmsmasters_icon_top:before { \n\ttop:30px;} \n\n#cmsmasters_icon_box_69d5414e6daa2 { \n\tpadding-top:80px; } \n\n#cmsmasters_icon_box_69d5414e6daa2:before, \n#cmsmasters_icon_box_69d5414e6daa2 .icon_box_heading:before { \n\tmargin-left:-25px; \n\t} \n\n#cmsmasters_icon_box_69d5414e6daa2.cmsmasters_icon_box_top { \n\tpadding-top:55px; \n\tmargin-top:45px; \n\t} \n\n#cmsmasters_icon_box_69d5414e6daa2.cmsmasters_icon_box_top:before { \n\ttop:-25px; \n\t} \n\n#cmsmasters_icon_box_69d5414e6daa2 .cmsmasters_button:before { \n\tmargin-right:.5em; \n\tmargin-left:0; \n\tvertical-align:baseline; \n} \n\n#cmsmasters_icon_box_69d5414e6daa2 .cmsmasters_button { \n\tfont-weight:normal; \n\tfont-style:normal; \n\tborder-style:solid; \n} \n#cmsmasters_icon_box_69d5414e6daa2 .cmsmasters_button:hover { \n} \n<\/style><div id=\"cmsmasters_row_69d5414e6bc477_68393163\" class=\"cmsmasters_row cmsmasters_color_scheme_default cmsmasters_row_top_default cmsmasters_row_bot_default cmsmasters_row_boxed\">\n<div class=\"cmsmasters_row_outer_parent\">\n<div class=\"cmsmasters_row_outer\">\n<div class=\"cmsmasters_row_inner\">\n<div class=\"cmsmasters_row_margin\">\n<div class=\"cmsmasters_column one_first\">\n\n<div id=\"cmsmasters_heading_69d5414e6c8b48_21074203\" class=\"cmsmasters_heading_wrap cmsmasters_heading_align_center\">\n\t<h1 class=\"cmsmasters_heading\">PARTENAIRES<\/h1>\n<\/div>\n<\/div>\n<\/div>\n<\/div>\n<\/div>\n<\/div>\n<\/div>\n<div id=\"cmsmasters_row_69d5414e6c92d0_78595976\" class=\"cmsmasters_row cmsmasters_color_scheme_default cmsmasters_row_top_default cmsmasters_row_bot_default cmsmasters_row_boxed\">\n<div class=\"cmsmasters_row_outer_parent\">\n<div class=\"cmsmasters_row_outer\">\n<div class=\"cmsmasters_row_inner\">\n<div class=\"cmsmasters_row_margin\">\n<div class=\"cmsmasters_column one_first\">\n<div class=\"cmsmasters_text\">\n<h5 style=\"text-align: center;\"><em><strong><span style=\"color: #000080;\">Si TWAM est en mesure d&rsquo;avoir un impact soci\u00e9tal important, c&rsquo;est avant tout gr\u00e2ce \u00e0 ses partenaires que nous remercions.<\/span><\/strong><br \/>\n<\/em><\/h5>\n<h5 style=\"text-align: center;\"><strong><em><span style=\"color: #000080;\">Retrouvez ci-dessous nos partenaires institutionnels, op\u00e9rationnels et m\u00e9dias.\u00a0<\/span><\/em><\/strong><\/h5>\n<\/div>\n<\/div>\n<\/div>\n<\/div>\n<\/div>\n<\/div>\n<\/div>\n<div id=\"cmsmasters_row_69d5414e6cb200_49815031\" class=\"cmsmasters_row cmsmasters_color_scheme_default cmsmasters_row_top_default cmsmasters_row_bot_default cmsmasters_row_boxed\">\n<div class=\"cmsmasters_row_outer_parent\">\n<div class=\"cmsmasters_row_outer\">\n<div class=\"cmsmasters_row_inner\">\n<div class=\"cmsmasters_row_margin\">\n<div class=\"cmsmasters_column one_third\">\n\n<div id=\"cmsmasters_icon_box_69d5414e6ce72\" class=\"cmsmasters_icon_box cmsmasters_icon_box_top box_icon_type_icon cmsmasters-icon-globe-3\">\n<div class=\"icon_box_inner\">\n<h4 class=\"icon_box_heading\">PARTENAIRES INSTITUTIONNELS<\/h4>\n<div class=\"icon_box_text\">\n<p><\/p>\n<\/div>\n<a href=\"https:\/\/www.travelwithamission.org\/en\/partenaires\/partenaires_institutionnels\/\" class=\"cmsmasters_button icon_box_button\"><span>En savoir plus<\/span><\/a>\n<\/div>\n<\/div>\n<\/div>\n<div class=\"cmsmasters_column one_third\">\n\n<div id=\"cmsmasters_icon_box_69d5414e6d1ca\" class=\"cmsmasters_icon_box cmsmasters_icon_box_top box_icon_type_icon cmsmasters-icon-globe-3\">\n<div class=\"icon_box_inner\">\n<h4 class=\"icon_box_heading\">PARTENAIRES OPERATIONNELS<\/h4>\n<div class=\"icon_box_text\">\n<p><\/p>\n<\/div>\n<a href=\"https:\/\/www.travelwithamission.org\/en\/partenaires\/partenaires_operationnels\/\" class=\"cmsmasters_button icon_box_button\"><span>En savoir plus<\/span><\/a>\n<\/div>\n<\/div>\n<\/div>\n<div class=\"cmsmasters_column one_third\">\n\n<div id=\"cmsmasters_icon_box_69d5414e6d531\" class=\"cmsmasters_icon_box cmsmasters_icon_box_top box_icon_type_icon cmsmasters-icon-globe-3\">\n<div class=\"icon_box_inner\">\n<h4 class=\"icon_box_heading\">PARTENAIRES MEDIAS<\/h4>\n<div class=\"icon_box_text\">\n<p><\/p>\n<\/div>\n<a href=\"https:\/\/www.travelwithamission.org\/en\/partenaires\/partenaires_medias\/\" class=\"cmsmasters_button icon_box_button\"><span>En savoir plus<\/span><\/a>\n<\/div>\n<\/div>\n<\/div>\n<\/div>\n<\/div>\n<\/div>\n<\/div>\n<\/div>\n<div id=\"cmsmasters_row_69d5414e6d5d04_31270809\" class=\"cmsmasters_row cmsmasters_color_scheme_default cmsmasters_row_top_default cmsmasters_row_bot_default cmsmasters_row_boxed\">\n<div class=\"cmsmasters_row_outer_parent\">\n<div class=\"cmsmasters_row_outer\">\n<div class=\"cmsmasters_row_inner\">\n<div class=\"cmsmasters_row_margin\">\n<div class=\"cmsmasters_column one_first\">\n<div class=\"cmsmasters_text\">\n<h4 style=\"text-align: center;\"><em><span style=\"color: #003366;\">ET SI NOUS AVAN\u00c7IONS ENSEMBLE ?<\/span><\/em><\/h4>\n<\/div>\n<\/div>\n<\/div>\n<\/div>\n<\/div>\n<\/div>\n<\/div>\n<div id=\"cmsmasters_row_69d5414e6d7049_46054719\" class=\"cmsmasters_row cmsmasters_color_scheme_default cmsmasters_row_top_default cmsmasters_row_bot_default cmsmasters_row_boxed\">\n<div class=\"cmsmasters_row_outer_parent\">\n<div class=\"cmsmasters_row_outer\">\n<div class=\"cmsmasters_row_inner\">\n<div class=\"cmsmasters_row_margin\">\n<div class=\"cmsmasters_column one_first\">\n\n<div id=\"cmsmasters_icon_box_69d5414e6daa2\" class=\"cmsmasters_icon_box cmsmasters_icon_box_top box_icon_type_icon cmsmasters-icon-globe-3\">\n<div class=\"icon_box_inner\">\n<h4 class=\"icon_box_heading\">DEVENEZ PARTENAIRE DE TWAM<\/h4>\n<div class=\"icon_box_text\">\n<p><span style=\"color: #003366;\">Selon la structure que vous repr\u00e9sentez, les pistes de partenariat diff\u00e8rent. Cliquez ici pour lire nos propositions.\u00a0<\/span><\/p>\n<\/div>\n<a href=\"https:\/\/www.travelwithamission.org\/en\/devenez-partenaire-twam\/\" class=\"cmsmasters_button icon_box_button\"><span>En savoir plus<\/span><\/a>\n<\/div>\n<\/div>\n<\/div>\n<\/div>\n<\/div>\n<\/div>\n<\/div>\n<\/div>","protected":false},"excerpt":{"rendered":"","protected":false},"author":1,"featured_media":0,"parent":0,"menu_order":0,"comment_status":"closed","ping_status":"closed","template":"","meta":{"footnotes":""},"class_list":["post-7157","page","type-page","status-publish","hentry"],"yoast_head":"<!-- This site is optimized with the Yoast SEO Premium plugin v20.12 (Yoast SEO v27.3) - https:\/\/yoast.com\/product\/yoast-seo-premium-wordpress\/ -->\n<title>Partenaires - Association TWAM<\/title>\n<meta name=\"robots\" content=\"index, follow, max-snippet:-1, max-image-preview:large, max-video-preview:-1\" \/>\n<link rel=\"canonical\" href=\"https:\/\/www.travelwithamission.org\/en\/partenaires\/\" \/>\n<meta property=\"og:locale\" content=\"en_US\" \/>\n<meta property=\"og:type\" content=\"article\" \/>\n<meta property=\"og:title\" content=\"Partenaires\" \/>\n<meta property=\"og:url\" content=\"https:\/\/www.travelwithamission.org\/en\/partenaires\/\" \/>\n<meta property=\"og:site_name\" content=\"Association TWAM\" \/>\n<meta property=\"article:modified_time\" content=\"2018-08-23T09:39:43+00:00\" \/>\n<meta name=\"twitter:card\" content=\"summary_large_image\" \/>\n<meta name=\"twitter:label1\" content=\"Est. reading time\" \/>\n\t<meta name=\"twitter:data1\" content=\"4 minutes\" \/>\n<script type=\"application\/ld+json\" class=\"yoast-schema-graph\">{\"@context\":\"https:\\\/\\\/schema.org\",\"@graph\":[{\"@type\":\"WebPage\",\"@id\":\"https:\\\/\\\/www.travelwithamission.org\\\/en\\\/partenaires\\\/\",\"url\":\"https:\\\/\\\/www.travelwithamission.org\\\/en\\\/partenaires\\\/\",\"name\":\"Partenaires - Association TWAM\",\"isPartOf\":{\"@id\":\"https:\\\/\\\/www.travelwithamission.org\\\/#website\"},\"datePublished\":\"2018-08-22T09:54:57+00:00\",\"dateModified\":\"2018-08-23T09:39:43+00:00\",\"breadcrumb\":{\"@id\":\"https:\\\/\\\/www.travelwithamission.org\\\/en\\\/partenaires\\\/#breadcrumb\"},\"inLanguage\":\"en-US\",\"potentialAction\":[{\"@type\":\"ReadAction\",\"target\":[\"https:\\\/\\\/www.travelwithamission.org\\\/en\\\/partenaires\\\/\"]}]},{\"@type\":\"BreadcrumbList\",\"@id\":\"https:\\\/\\\/www.travelwithamission.org\\\/en\\\/partenaires\\\/#breadcrumb\",\"itemListElement\":[{\"@type\":\"ListItem\",\"position\":1,\"name\":\"Home\",\"item\":\"https:\\\/\\\/www.travelwithamission.org\\\/\"},{\"@type\":\"ListItem\",\"position\":2,\"name\":\"Partenaires\"}]},{\"@type\":\"WebSite\",\"@id\":\"https:\\\/\\\/www.travelwithamission.org\\\/#website\",\"url\":\"https:\\\/\\\/www.travelwithamission.org\\\/\",\"name\":\"Association TWAM\",\"description\":\"Construire un monde meilleure, ensemble !\",\"potentialAction\":[{\"@type\":\"SearchAction\",\"target\":{\"@type\":\"EntryPoint\",\"urlTemplate\":\"https:\\\/\\\/www.travelwithamission.org\\\/?s={search_term_string}\"},\"query-input\":{\"@type\":\"PropertyValueSpecification\",\"valueRequired\":true,\"valueName\":\"search_term_string\"}}],\"inLanguage\":\"en-US\"}]}<\/script>\n<!-- \/ Yoast SEO Premium plugin. -->","yoast_head_json":{"title":"Partenaires - Association TWAM","robots":{"index":"index","follow":"follow","max-snippet":"max-snippet:-1","max-image-preview":"max-image-preview:large","max-video-preview":"max-video-preview:-1"},"canonical":"https:\/\/www.travelwithamission.org\/en\/partenaires\/","og_locale":"en_US","og_type":"article","og_title":"Partenaires","og_url":"https:\/\/www.travelwithamission.org\/en\/partenaires\/","og_site_name":"Association TWAM","article_modified_time":"2018-08-23T09:39:43+00:00","twitter_card":"summary_large_image","twitter_misc":{"Est. reading time":"4 minutes"},"schema":{"@context":"https:\/\/schema.org","@graph":[{"@type":"WebPage","@id":"https:\/\/www.travelwithamission.org\/en\/partenaires\/","url":"https:\/\/www.travelwithamission.org\/en\/partenaires\/","name":"Partenaires - Association TWAM","isPartOf":{"@id":"https:\/\/www.travelwithamission.org\/#website"},"datePublished":"2018-08-22T09:54:57+00:00","dateModified":"2018-08-23T09:39:43+00:00","breadcrumb":{"@id":"https:\/\/www.travelwithamission.org\/en\/partenaires\/#breadcrumb"},"inLanguage":"en-US","potentialAction":[{"@type":"ReadAction","target":["https:\/\/www.travelwithamission.org\/en\/partenaires\/"]}]},{"@type":"BreadcrumbList","@id":"https:\/\/www.travelwithamission.org\/en\/partenaires\/#breadcrumb","itemListElement":[{"@type":"ListItem","position":1,"name":"Home","item":"https:\/\/www.travelwithamission.org\/"},{"@type":"ListItem","position":2,"name":"Partenaires"}]},{"@type":"WebSite","@id":"https:\/\/www.travelwithamission.org\/#website","url":"https:\/\/www.travelwithamission.org\/","name":"Association TWAM","description":"Construire un monde meilleure, ensemble !","potentialAction":[{"@type":"SearchAction","target":{"@type":"EntryPoint","urlTemplate":"https:\/\/www.travelwithamission.org\/?s={search_term_string}"},"query-input":{"@type":"PropertyValueSpecification","valueRequired":true,"valueName":"search_term_string"}}],"inLanguage":"en-US"}]}},"_links":{"self":[{"href":"https:\/\/www.travelwithamission.org\/en\/wp-json\/wp\/v2\/pages\/7157","targetHints":{"allow":["GET"]}}],"collection":[{"href":"https:\/\/www.travelwithamission.org\/en\/wp-json\/wp\/v2\/pages"}],"about":[{"href":"https:\/\/www.travelwithamission.org\/en\/wp-json\/wp\/v2\/types\/page"}],"author":[{"embeddable":true,"href":"https:\/\/www.travelwithamission.org\/en\/wp-json\/wp\/v2\/users\/1"}],"replies":[{"embeddable":true,"href":"https:\/\/www.travelwithamission.org\/en\/wp-json\/wp\/v2\/comments?post=7157"}],"version-history":[{"count":9,"href":"https:\/\/www.travelwithamission.org\/en\/wp-json\/wp\/v2\/pages\/7157\/revisions"}],"predecessor-version":[{"id":7288,"href":"https:\/\/www.travelwithamission.org\/en\/wp-json\/wp\/v2\/pages\/7157\/revisions\/7288"}],"wp:attachment":[{"href":"https:\/\/www.travelwithamission.org\/en\/wp-json\/wp\/v2\/media?parent=7157"}],"curies":[{"name":"wp","href":"https:\/\/api.w.org\/{rel}","templated":true}]}}