{"id":6912,"date":"2018-08-17T10:07:49","date_gmt":"2018-08-17T08:07:49","guid":{"rendered":"https:\/\/www.travelwithamission.org\/?page_id=6912"},"modified":"2018-08-23T11:15:16","modified_gmt":"2018-08-23T09:15:16","slug":"rejoindre-siege-volontariat","status":"publish","type":"page","link":"https:\/\/www.travelwithamission.org\/en\/nousrejoindre\/rejoindre-siege-generalites\/rejoindre-siege-volontariat\/","title":{"rendered":"NOUS REJOINDRE AU SI\u00c8GE &#8211; VOLONTARIAT"},"content":{"rendered":"<style type=\"text\/css\"> \n#cmsmasters_row_69f66bb4cdcd06_38951728 { \n\tbackground-color:#ffffff;\n\tbackground-image: url(https:\/\/www.travelwithamission.org\/wp-content\/uploads\/sites\/3\/2018\/08\/twam-paris.jpg); \n\tbackground-position: top center; \n\tbackground-repeat: no-repeat; \n\tbackground-attachment: scroll; \n\tbackground-size: cover; \n} \n\n#cmsmasters_row_69f66bb4cdcd06_38951728 .cmsmasters_row_outer_parent { \n\tpadding-top: 400px; \n} \n\n#cmsmasters_row_69f66bb4cdcd06_38951728 .cmsmasters_row_outer_parent { \n\tpadding-bottom: 400px; \n} \n\n \n#cmsmasters_heading_69f66bb4ceade4_33771864 { \n\ttext-align:center; \n\tmargin-top:0px; \n\tmargin-bottom:0px; \n} \n\n#cmsmasters_heading_69f66bb4ceade4_33771864 .cmsmasters_heading { \n\ttext-align:center; \n\tbackground-color:#0f0f0f;\n\tpadding-left:1em; \n\tpadding-right:1em; \n} \n\n#cmsmasters_heading_69f66bb4ceade4_33771864 .cmsmasters_heading, #cmsmasters_heading_69f66bb4ceade4_33771864 .cmsmasters_heading a { \n\tfont-size:70px; \n\tline-height:100px; \n\tfont-weight:300; \n\tfont-style:normal; \n\tcolor:#f7f7f7;\n} \n\n#cmsmasters_heading_69f66bb4ceade4_33771864 .cmsmasters_heading_divider { \n} \n\n@media (max-width: 767px) {\n\n#cmsmasters_heading_69f66bb4ceade4_33771864 .cmsmasters_heading, #cmsmasters_heading_69f66bb4ceade4_33771864 .cmsmasters_heading a { \n\tfont-size:52px; \n} \n\n} \n\n \n#cmsmasters_row_69f66bb4ceba07_66623861 .cmsmasters_row_outer_parent { \n\tpadding-top: 30px; \n} \n\n#cmsmasters_row_69f66bb4ceba07_66623861 .cmsmasters_row_outer_parent { \n\tpadding-bottom: 30px; \n} \n\n \n#cmsmasters_row_69f66bb4ced984_44773681 { \n\tbackground-color:#ffffff;\n} \n\n#cmsmasters_row_69f66bb4ced984_44773681 .cmsmasters_row_outer_parent { \n\tpadding-top: 0px; \n} \n\n#cmsmasters_row_69f66bb4ced984_44773681 .cmsmasters_row_outer_parent { \n\tpadding-bottom: 130px; \n} \n\n \n#cmsmasters_divider_69f66bb4cf0784_11249498 { \n\tborder-bottom-width:0px; \n\tborder-bottom-style:solid; \n\tpadding-top:20px; \n\tmargin-bottom:0px; \n} \n\n\t\t\t#cmsmasters_gallery_69f66bb4cf6cb .cmsmasters_gallery {\n\t\t\t\tmargin:0 0 0 -10px;\n\t\t\t}\n\t\t\t\n\t\t\t#cmsmasters_gallery_69f66bb4cf6cb .cmsmasters_gallery .cmsmasters_gallery_item {\n\t\t\t\tpadding:0 0 10px 10px;\n\t\t\t}\n\t\t<\/style><div id=\"cmsmasters_row_69f66bb4cdcd06_38951728\" class=\"cmsmasters_row cmsmasters_color_scheme_default cmsmasters_row_top_default cmsmasters_row_bot_default cmsmasters_row_boxed\">\n<div class=\"cmsmasters_row_outer_parent\">\n<div class=\"cmsmasters_row_outer\">\n<div class=\"cmsmasters_row_inner\">\n<div class=\"cmsmasters_row_margin\">\n<div class=\"cmsmasters_column one_first\">\n\n<div id=\"cmsmasters_heading_69f66bb4ceade4_33771864\" class=\"cmsmasters_heading_wrap cmsmasters_heading_align_center\">\n\t<h1 class=\"cmsmasters_heading\">NOUS REJOINDRE AU SI\u00c8GE VOLONTARIAT<\/h1>\n<\/div>\n<\/div>\n<\/div>\n<\/div>\n<\/div>\n<\/div>\n<\/div>\n<div id=\"cmsmasters_row_69f66bb4ceba07_66623861\" class=\"cmsmasters_row cmsmasters_color_scheme_default cmsmasters_row_top_default cmsmasters_row_bot_default cmsmasters_row_boxed\">\n<div class=\"cmsmasters_row_outer_parent\">\n<div class=\"cmsmasters_row_outer\">\n<div class=\"cmsmasters_row_inner\">\n<div class=\"cmsmasters_row_margin\">\n<div class=\"cmsmasters_column one_first\">\n<div class=\"cmsmasters_text\">\n<h4 style=\"text-align: center;\"><em><span style=\"color: #003366;\">Vous souhaitez rejoindre l\u2019\u00e9quipe TWAM et nous aider dans la r\u00e9alisation de notre mission ? Bonne id\u00e9e<\/span> !<br \/>\n<\/em><\/h4>\n<\/div>\n<\/div>\n<\/div>\n<\/div>\n<\/div>\n<\/div>\n<\/div>\n<div id=\"cmsmasters_row_69f66bb4ced984_44773681\" class=\"cmsmasters_row cmsmasters_color_scheme_default cmsmasters_row_top_default cmsmasters_row_bot_default cmsmasters_row_boxed\">\n<div class=\"cmsmasters_row_outer_parent\">\n<div class=\"cmsmasters_row_outer\">\n<div class=\"cmsmasters_row_inner\">\n<div class=\"cmsmasters_row_margin\">\n<div class=\"cmsmasters_column one_half\">\n\n<div id=\"cmsmasters_divider_69f66bb4cf0784_11249498\" class=\"cl\"><\/div>\n<div class=\"cmsmasters_text\">\n<div class=\"cmsmasters_dropcap type1\">TWAM<\/div> recherche constamment des volontaires pr\u00eats \u00e0 l\u2019aider dans sa mission soci\u00e9tale. Merci d\u2019adresser vos propositions \u00e0 l\u2019adresse <a href=\"mailto:info@travelwithamission.org\">info@travelwithamission.org<\/a><a href=\"mailto:info@travelwithamission.org.%20\">. <\/a><\/p>\n<p>Plus de d\u00e9tails sur les diff\u00e9rents d\u00e9partements de TWAM au si\u00e8ge ici. Il est \u00e9galement possible de <a href=\"https:\/\/www.travelwithamission.org\/nousrejoindre\/\">cr\u00e9er ou rejoindre une antenne locale<\/a>.<\/p>\n<\/div>\n<\/div>\n<div class=\"cmsmasters_column one_half\">\n<div id=\"cmsmasters_gallery_69f66bb4cf6cb\" class=\"cmsmasters_gallery_wrap\"><ul class=\"cmsmasters_gallery cmsmasters_1 cmsmasters_more_items_loader\"><li class=\"cmsmasters_gallery_item\"><figure><a href=\"https:\/\/www.travelwithamission.org\/wp-content\/uploads\/sites\/3\/2018\/08\/twamnantes20.jpg\" rel=\"ilightbox[69f66bb4cf6cb]\"><img loading=\"lazy\" decoding=\"async\" width=\"960\" height=\"620\" src=\"https:\/\/www.travelwithamission.org\/wp-content\/uploads\/sites\/3\/2018\/08\/twamnantes20.jpg\" class=\"attachment-full size-full\" alt=\"\" srcset=\"https:\/\/www.travelwithamission.org\/wp-content\/uploads\/sites\/3\/2018\/08\/twamnantes20.jpg 960w, https:\/\/www.travelwithamission.org\/wp-content\/uploads\/sites\/3\/2018\/08\/twamnantes20-300x194.jpg 300w, https:\/\/www.travelwithamission.org\/wp-content\/uploads\/sites\/3\/2018\/08\/twamnantes20-768x496.jpg 768w, https:\/\/www.travelwithamission.org\/wp-content\/uploads\/sites\/3\/2018\/08\/twamnantes20-600x388.jpg 600w, https:\/\/www.travelwithamission.org\/wp-content\/uploads\/sites\/3\/2018\/08\/twamnantes20-580x375.jpg 580w, https:\/\/www.travelwithamission.org\/wp-content\/uploads\/sites\/3\/2018\/08\/twamnantes20-860x555.jpg 860w\" sizes=\"auto, (max-width: 960px) 100vw, 960px\" \/><\/a><\/figure><\/li><\/ul><script type=\"text\/javascript\">\n\t\t\tjQuery(document).ready(function () {\n\t\t\t\t(function ($) {\n\t\t\t\t\tif ($('#cmsmasters_gallery_69f66bb4cf6cb').find('.cmsmasters_gallery_item').length == '0') {\n\t\t\t\t\t\treturn false;\n\t\t\t\t\t}\n\t\t\t\t\t\n\t\t\t\t\t\n\t\t\t\t\tstartGallery( \n\t\t\t\t\t\t'69f66bb4cf6cb', \n\t\t\t\t\t\t'grid', \n\t\t\t\t\t\t'false', \n\t\t\t\t\t\t'false' \n\t\t\t\t\t);\n\t\t\t\t} )(jQuery);\n\t\t\t} );\n\t\t<\/script>\n\t\t<\/div>\n<\/div>\n<\/div>\n<\/div>\n<\/div>\n<\/div>\n<\/div>\n\n","protected":false},"excerpt":{"rendered":"","protected":false},"author":1,"featured_media":0,"parent":6909,"menu_order":0,"comment_status":"closed","ping_status":"closed","template":"","meta":{"footnotes":""},"class_list":["post-6912","page","type-page","status-publish","hentry"],"yoast_head":"<!-- This site is optimized with the Yoast SEO Premium plugin v20.12 (Yoast SEO v27.5) - https:\/\/yoast.com\/product\/yoast-seo-premium-wordpress\/ -->\n<title>NOUS REJOINDRE AU SI\u00c8GE - VOLONTARIAT - Association TWAM<\/title>\n<meta name=\"robots\" content=\"index, follow, max-snippet:-1, max-image-preview:large, max-video-preview:-1\" \/>\n<link rel=\"canonical\" href=\"https:\/\/www.travelwithamission.org\/en\/nousrejoindre\/rejoindre-siege-generalites\/rejoindre-siege-volontariat\/\" \/>\n<meta property=\"og:locale\" content=\"en_US\" \/>\n<meta property=\"og:type\" content=\"article\" \/>\n<meta property=\"og:title\" content=\"NOUS REJOINDRE AU SI\u00c8GE - VOLONTARIAT\" \/>\n<meta property=\"og:url\" content=\"https:\/\/www.travelwithamission.org\/en\/nousrejoindre\/rejoindre-siege-generalites\/rejoindre-siege-volontariat\/\" \/>\n<meta property=\"og:site_name\" content=\"Association TWAM\" \/>\n<meta property=\"article:modified_time\" content=\"2018-08-23T09:15:16+00:00\" \/>\n<meta name=\"twitter:card\" content=\"summary_large_image\" \/>\n<meta name=\"twitter:label1\" content=\"Est. reading time\" \/>\n\t<meta name=\"twitter:data1\" content=\"2 minutes\" \/>\n<script type=\"application\/ld+json\" class=\"yoast-schema-graph\">{\"@context\":\"https:\\\/\\\/schema.org\",\"@graph\":[{\"@type\":\"WebPage\",\"@id\":\"https:\\\/\\\/www.travelwithamission.org\\\/nousrejoindre\\\/rejoindre-siege-generalites\\\/rejoindre-siege-volontariat\\\/\",\"url\":\"https:\\\/\\\/www.travelwithamission.org\\\/nousrejoindre\\\/rejoindre-siege-generalites\\\/rejoindre-siege-volontariat\\\/\",\"name\":\"NOUS REJOINDRE AU SI\u00c8GE - VOLONTARIAT - Association TWAM\",\"isPartOf\":{\"@id\":\"https:\\\/\\\/www.travelwithamission.org\\\/#website\"},\"datePublished\":\"2018-08-17T08:07:49+00:00\",\"dateModified\":\"2018-08-23T09:15:16+00:00\",\"breadcrumb\":{\"@id\":\"https:\\\/\\\/www.travelwithamission.org\\\/nousrejoindre\\\/rejoindre-siege-generalites\\\/rejoindre-siege-volontariat\\\/#breadcrumb\"},\"inLanguage\":\"en-US\",\"potentialAction\":[{\"@type\":\"ReadAction\",\"target\":[\"https:\\\/\\\/www.travelwithamission.org\\\/nousrejoindre\\\/rejoindre-siege-generalites\\\/rejoindre-siege-volontariat\\\/\"]}]},{\"@type\":\"BreadcrumbList\",\"@id\":\"https:\\\/\\\/www.travelwithamission.org\\\/nousrejoindre\\\/rejoindre-siege-generalites\\\/rejoindre-siege-volontariat\\\/#breadcrumb\",\"itemListElement\":[{\"@type\":\"ListItem\",\"position\":1,\"name\":\"Home\",\"item\":\"https:\\\/\\\/www.travelwithamission.org\\\/\"},{\"@type\":\"ListItem\",\"position\":2,\"name\":\"Nous rejoindre &#8211; G\u00e9n\u00e9ralit\u00e9s\",\"item\":\"https:\\\/\\\/www.travelwithamission.org\\\/nousrejoindre\\\/\"},{\"@type\":\"ListItem\",\"position\":3,\"name\":\"Nous rejoindre au si\u00e8ge &#8211; G\u00e9n\u00e9ralit\u00e9s\",\"item\":\"https:\\\/\\\/www.travelwithamission.org\\\/nousrejoindre\\\/rejoindre-siege-generalites\\\/\"},{\"@type\":\"ListItem\",\"position\":4,\"name\":\"NOUS REJOINDRE AU SI\u00c8GE &#8211; VOLONTARIAT\"}]},{\"@type\":\"WebSite\",\"@id\":\"https:\\\/\\\/www.travelwithamission.org\\\/#website\",\"url\":\"https:\\\/\\\/www.travelwithamission.org\\\/\",\"name\":\"Association TWAM\",\"description\":\"Construire un monde meilleure, ensemble !\",\"potentialAction\":[{\"@type\":\"SearchAction\",\"target\":{\"@type\":\"EntryPoint\",\"urlTemplate\":\"https:\\\/\\\/www.travelwithamission.org\\\/?s={search_term_string}\"},\"query-input\":{\"@type\":\"PropertyValueSpecification\",\"valueRequired\":true,\"valueName\":\"search_term_string\"}}],\"inLanguage\":\"en-US\"}]}<\/script>\n<!-- \/ Yoast SEO Premium plugin. -->","yoast_head_json":{"title":"NOUS REJOINDRE AU SI\u00c8GE - VOLONTARIAT - Association TWAM","robots":{"index":"index","follow":"follow","max-snippet":"max-snippet:-1","max-image-preview":"max-image-preview:large","max-video-preview":"max-video-preview:-1"},"canonical":"https:\/\/www.travelwithamission.org\/en\/nousrejoindre\/rejoindre-siege-generalites\/rejoindre-siege-volontariat\/","og_locale":"en_US","og_type":"article","og_title":"NOUS REJOINDRE AU SI\u00c8GE - VOLONTARIAT","og_url":"https:\/\/www.travelwithamission.org\/en\/nousrejoindre\/rejoindre-siege-generalites\/rejoindre-siege-volontariat\/","og_site_name":"Association TWAM","article_modified_time":"2018-08-23T09:15:16+00:00","twitter_card":"summary_large_image","twitter_misc":{"Est. reading time":"2 minutes"},"schema":{"@context":"https:\/\/schema.org","@graph":[{"@type":"WebPage","@id":"https:\/\/www.travelwithamission.org\/nousrejoindre\/rejoindre-siege-generalites\/rejoindre-siege-volontariat\/","url":"https:\/\/www.travelwithamission.org\/nousrejoindre\/rejoindre-siege-generalites\/rejoindre-siege-volontariat\/","name":"NOUS REJOINDRE AU SI\u00c8GE - VOLONTARIAT - Association TWAM","isPartOf":{"@id":"https:\/\/www.travelwithamission.org\/#website"},"datePublished":"2018-08-17T08:07:49+00:00","dateModified":"2018-08-23T09:15:16+00:00","breadcrumb":{"@id":"https:\/\/www.travelwithamission.org\/nousrejoindre\/rejoindre-siege-generalites\/rejoindre-siege-volontariat\/#breadcrumb"},"inLanguage":"en-US","potentialAction":[{"@type":"ReadAction","target":["https:\/\/www.travelwithamission.org\/nousrejoindre\/rejoindre-siege-generalites\/rejoindre-siege-volontariat\/"]}]},{"@type":"BreadcrumbList","@id":"https:\/\/www.travelwithamission.org\/nousrejoindre\/rejoindre-siege-generalites\/rejoindre-siege-volontariat\/#breadcrumb","itemListElement":[{"@type":"ListItem","position":1,"name":"Home","item":"https:\/\/www.travelwithamission.org\/"},{"@type":"ListItem","position":2,"name":"Nous rejoindre &#8211; G\u00e9n\u00e9ralit\u00e9s","item":"https:\/\/www.travelwithamission.org\/nousrejoindre\/"},{"@type":"ListItem","position":3,"name":"Nous rejoindre au si\u00e8ge &#8211; G\u00e9n\u00e9ralit\u00e9s","item":"https:\/\/www.travelwithamission.org\/nousrejoindre\/rejoindre-siege-generalites\/"},{"@type":"ListItem","position":4,"name":"NOUS REJOINDRE AU SI\u00c8GE &#8211; VOLONTARIAT"}]},{"@type":"WebSite","@id":"https:\/\/www.travelwithamission.org\/#website","url":"https:\/\/www.travelwithamission.org\/","name":"Association TWAM","description":"Construire un monde meilleure, ensemble !","potentialAction":[{"@type":"SearchAction","target":{"@type":"EntryPoint","urlTemplate":"https:\/\/www.travelwithamission.org\/?s={search_term_string}"},"query-input":{"@type":"PropertyValueSpecification","valueRequired":true,"valueName":"search_term_string"}}],"inLanguage":"en-US"}]}},"_links":{"self":[{"href":"https:\/\/www.travelwithamission.org\/en\/wp-json\/wp\/v2\/pages\/6912","targetHints":{"allow":["GET"]}}],"collection":[{"href":"https:\/\/www.travelwithamission.org\/en\/wp-json\/wp\/v2\/pages"}],"about":[{"href":"https:\/\/www.travelwithamission.org\/en\/wp-json\/wp\/v2\/types\/page"}],"author":[{"embeddable":true,"href":"https:\/\/www.travelwithamission.org\/en\/wp-json\/wp\/v2\/users\/1"}],"replies":[{"embeddable":true,"href":"https:\/\/www.travelwithamission.org\/en\/wp-json\/wp\/v2\/comments?post=6912"}],"version-history":[{"count":3,"href":"https:\/\/www.travelwithamission.org\/en\/wp-json\/wp\/v2\/pages\/6912\/revisions"}],"predecessor-version":[{"id":7282,"href":"https:\/\/www.travelwithamission.org\/en\/wp-json\/wp\/v2\/pages\/6912\/revisions\/7282"}],"up":[{"embeddable":true,"href":"https:\/\/www.travelwithamission.org\/en\/wp-json\/wp\/v2\/pages\/6909"}],"wp:attachment":[{"href":"https:\/\/www.travelwithamission.org\/en\/wp-json\/wp\/v2\/media?parent=6912"}],"curies":[{"name":"wp","href":"https:\/\/api.w.org\/{rel}","templated":true}]}}