{"id":6910,"date":"2018-08-16T15:03:58","date_gmt":"2018-08-16T13:03:58","guid":{"rendered":"https:\/\/www.travelwithamission.org\/?page_id=6910"},"modified":"2026-05-13T12:14:41","modified_gmt":"2026-05-13T10:14:41","slug":"rejoindre-siege-emplois","status":"publish","type":"page","link":"https:\/\/www.travelwithamission.org\/en\/nousrejoindre\/rejoindre-siege-generalites\/rejoindre-siege-emplois\/","title":{"rendered":"NOUS REJOINDRE AU SI\u00c8GE &#8211; EMPLOIS"},"content":{"rendered":"<style type=\"text\/css\"> \n#cmsmasters_row_6a05ffd23c0132_38318115 { \n\tbackground-color:#ffffff;\n\tbackground-image: url(https:\/\/www.travelwithamission.org\/wp-content\/uploads\/sites\/3\/2018\/08\/IMG_6284.jpg); \n\tbackground-position: top center; \n\tbackground-repeat: no-repeat; \n\tbackground-attachment: scroll; \n\tbackground-size: cover; \n} \n\n#cmsmasters_row_6a05ffd23c0132_38318115 .cmsmasters_row_outer_parent { \n\tpadding-top: 400px; \n} \n\n#cmsmasters_row_6a05ffd23c0132_38318115 .cmsmasters_row_outer_parent { \n\tpadding-bottom: 400px; \n} \n\n \n#cmsmasters_heading_6a05ffd23d1031_04968915 { \n\ttext-align:center; \n\tmargin-top:350px; \n\tmargin-bottom:0px; \n} \n\n#cmsmasters_heading_6a05ffd23d1031_04968915 .cmsmasters_heading { \n\ttext-align:center; \n\tbackground-color:#fcfcfc;\n\tpadding-left:1em; \n\tpadding-right:1em; \n} \n\n#cmsmasters_heading_6a05ffd23d1031_04968915 .cmsmasters_heading, #cmsmasters_heading_6a05ffd23d1031_04968915 .cmsmasters_heading a { \n\tfont-size:70px; \n\tline-height:100px; \n\tfont-weight:300; \n\tfont-style:inherit; \n\tcolor:#0c0c0c;\n} \n\n#cmsmasters_heading_6a05ffd23d1031_04968915 .cmsmasters_heading_divider { \n} \n\n@media (max-width: 767px) {\n\n#cmsmasters_heading_6a05ffd23d1031_04968915 .cmsmasters_heading, #cmsmasters_heading_6a05ffd23d1031_04968915 .cmsmasters_heading a { \n\tfont-size:52px; \n} \n\n} \n\n \n#cmsmasters_row_6a05ffd23d66f8_76311652 .cmsmasters_row_outer_parent { \n\tpadding-top: 30px; \n} \n\n#cmsmasters_row_6a05ffd23d66f8_76311652 .cmsmasters_row_outer_parent { \n\tpadding-bottom: 30px; \n} \n\n \n#cmsmasters_row_6a05ffd23dab64_90986430 .cmsmasters_row_outer_parent { \n\tpadding-top: 0px; \n} \n\n#cmsmasters_row_6a05ffd23dab64_90986430 .cmsmasters_row_outer_parent { \n\tpadding-bottom: 50px; \n} \n\n<\/style><div id=\"cmsmasters_row_6a05ffd23c0132_38318115\" class=\"cmsmasters_row cmsmasters_color_scheme_default cmsmasters_row_top_default cmsmasters_row_bot_default cmsmasters_row_boxed\">\n<div class=\"cmsmasters_row_outer_parent\">\n<div class=\"cmsmasters_row_outer\">\n<div class=\"cmsmasters_row_inner\">\n<div class=\"cmsmasters_row_margin\">\n<div class=\"cmsmasters_column one_first\">\n\n<div id=\"cmsmasters_heading_6a05ffd23d1031_04968915\" class=\"cmsmasters_heading_wrap cmsmasters_heading_align_center\">\n\t<h1 class=\"cmsmasters_heading\">NOUS REJOINDRE AU SIEGE EMPLOIS<\/h1>\n<\/div>\n<\/div>\n<\/div>\n<\/div>\n<\/div>\n<\/div>\n<\/div>\n<div id=\"cmsmasters_row_6a05ffd23d66f8_76311652\" class=\"cmsmasters_row cmsmasters_color_scheme_default cmsmasters_row_top_default cmsmasters_row_bot_default cmsmasters_row_boxed\">\n<div class=\"cmsmasters_row_outer_parent\">\n<div class=\"cmsmasters_row_outer\">\n<div class=\"cmsmasters_row_inner\">\n<div class=\"cmsmasters_row_margin\">\n<div class=\"cmsmasters_column one_first\">\n<div class=\"cmsmasters_text\">\n<h4 style=\"text-align: center;\"><em><span style=\"color: #003366;\">Vous souhaitez rejoindre l\u2019\u00e9quipe TWAM au si\u00e8ge et nous aider dans la r\u00e9alisation de notre mission ? Bonne id\u00e9e<\/span> !<br \/>\n<\/em><\/h4>\n<h4 style=\"text-align: center;\"><span style=\"color: #003366;\"><em>D\u00e9couvrez ci-dessous une offre actuellement \u00e0 pourvoir.<br \/>\n<\/em><\/span><\/h4>\n<\/div>\n<\/div>\n<\/div>\n<\/div>\n<\/div>\n<\/div>\n<\/div>\n<div id=\"cmsmasters_row_6a05ffd23dab64_90986430\" class=\"cmsmasters_row cmsmasters_color_scheme_default cmsmasters_row_top_default cmsmasters_row_bot_default cmsmasters_row_boxed\">\n<div class=\"cmsmasters_row_outer_parent\">\n<div class=\"cmsmasters_row_outer\">\n<div class=\"cmsmasters_row_inner\">\n<div class=\"cmsmasters_row_margin\">\n<div class=\"cmsmasters_column one_first\">\n<div class=\"cmsmasters_text\">\n<p style=\"text-align: center;\"><span style=\"font-size: 14pt;\"><strong>CANDIDATEZ AVANT LE 10 JUIN 2026<\/strong><\/span><\/p>\n<table style=\"height: 1537px; width: 100%; border-collapse: collapse; border-style: solid; border-color: #424147; background-color: #f2e9e9;\">\n<tbody>\n<tr style=\"height: 24px;\">\n<td style=\"width: 20.6118%; height: 24px; border-style: solid;\"><strong>Type d&rsquo;offre<\/strong><\/td>\n<td style=\"width: 79.3882%; height: 24px; border-style: solid;\">Contrat \u00e0 Dur\u00e9e ind\u00e9termin\u00e9<\/td>\n<\/tr>\n<tr style=\"height: 24px;\">\n<td style=\"width: 20.6118%; height: 24px; border-style: solid;\"><strong>P\u00e9riode d\u2019essai<\/strong><\/td>\n<td style=\"width: 79.3882%; height: 24px; border-style: solid;\">3 mois<\/td>\n<\/tr>\n<tr style=\"height: 24px;\">\n<td style=\"width: 20.6118%; height: 24px; border-style: solid;\"><strong>Lib\u00e9ll\u00e9<\/strong><\/td>\n<td style=\"width: 79.3882%; height: 24px; border-style: solid;\">RESPONSABLE RELATIONS ENTREPRISES<\/td>\n<\/tr>\n<tr style=\"height: 344px;\">\n<td style=\"width: 20.6118%; height: 344px; border-style: solid;\"><strong>Association<\/strong><\/td>\n<td style=\"width: 79.3882%; height: 344px; border-style: solid;\"><strong>TRAVEL WITH A MISSION<\/strong> (TWAM \u2013 www.travelwithamission.org)<\/p>\n<p>Association de loi 1901 enregistr\u00e9e \u00e0 Nice.<\/p>\n<p>Notre mission est de favoriser l\u2019engagement citoyen, la sensibilisation aux d\u00e9fis plan\u00e9taires et la r\u00e9alisation de projets d\u2019int\u00e9r\u00eat g\u00e9n\u00e9ral.<\/p>\n<p>Pour ce faire, notre organisation organise notamment des missions de volontariat encadr\u00e9es (https:\/\/volontariat.travelwithamission.org), des Team Building solidaires (<a href=\"https:\/\/teambuilding.travelwithamission.org\">https:\/\/teambuilding.travelwithamission.org<\/a>) et dispose de 2 plateformes compl\u00e9mentaires facilitant la r\u00e9alisation de missions<br \/>\nd\u2019int\u00e9r\u00eat g\u00e9n\u00e9ral (<a href=\"https:\/\/twaming.org\">https:\/\/twaming.org<\/a> et <a href=\"https:\/\/plateforme-volontariat.org\">https:\/\/plateforme-volontariat.org<\/a>).<\/p>\n<p>Voir notre magazine digital\u00a0: <a href=\"https:\/\/twamzine.travelwithamission.org\">https:\/\/twamzine.travelwithamission.org<\/a><\/p>\n<p>Voir la nouvelle version de notre plateforme (en chantier) qui sera accessible sous peu : <a href=\"https:\/\/new-platform.travelwithamission.org\">https:\/\/new-platform.travelwithamission.org<\/a><\/p>\n<p>Dans le cadre de notre d\u00e9veloppement, nous souhaitons renforcer nos partenariats avec les entreprises afin de permettre \u00e0 leurs collaborateurs de s\u2019engager concr\u00e8tement dans des projets solidaires et d\u2019int\u00e9r\u00eat g\u00e9n\u00e9ral \u00e0 travers le monde.<\/td>\n<\/tr>\n<tr style=\"height: 393px;\">\n<td style=\"width: 20.6118%; height: 393px; border-style: solid;\"><strong>Mission<\/strong><\/td>\n<td style=\"width: 79.3882%; height: 393px; border-style: solid;\">La mission confi\u00e9e au futur employ\u00e9 sera de d\u00e9velopper les partenariats entreprises de Travel With A Mission et de promouvoir nos diff\u00e9rentes offres solidaires aupr\u00e8s des acteurs \u00e9conomiques.<\/p>\n<p>Pour ce faire, il vous faudra notamment :<\/p>\n<ul>\n<li>Identifier et prospecter de nouvelles entreprises partenaires,<\/li>\n<li>Contacter de nombreux prospects par t\u00e9l\u00e9phone afin de pr\u00e9senter nos activit\u00e9s et d\u00e9velopper notre r\u00e9seau,<\/li>\n<li>Organiser des rendez-vous de pr\u00e9sentation avec des entreprises, fondations ou directions RSE,<\/li>\n<li>D\u00e9velopper des partenariats permettant :<br \/>\no l\u2019envoi de salari\u00e9s en mission de volontariat,<br \/>\no l\u2019organisation de Team Building solidaires et journ\u00e9es de volontariat,<br \/>\no le soutien au d\u00e9veloppement de projets d\u2019int\u00e9r\u00eat g\u00e9n\u00e9ral,<\/li>\n<li>Assurer un excellent suivi commercial des contacts et partenaires,<\/li>\n<li>Repr\u00e9senter Travel With A Mission lors de salons, \u00e9v\u00e9nements et rencontres professionnelles,<\/li>\n<li>Participer \u00e0 la structuration et au d\u00e9veloppement des offres entreprises de l\u2019association,<\/li>\n<li>Travailler en collaboration avec le reste de l\u2019\u00e9quipe ainsi qu\u2019avec nos partenaires locaux \u00e0 travers le monde.<\/li>\n<\/ul>\n<p>Le futur salari\u00e9 participera \u00e9galement ponctuellement \u00e0 d\u2019autres \u00e9v\u00e9nements organis\u00e9s par Travel With A Mission.<\/td>\n<\/tr>\n<tr style=\"height: 48px;\">\n<td style=\"width: 20.6118%; height: 48px; border-style: solid;\"><strong>Formation<\/strong><\/td>\n<td style=\"width: 79.3882%; height: 48px; border-style: solid;\">Bac +3 minimum, que ce soit issu d\u2019une \u00e9cole de commerce, de communication, d\u2019une formation dans le domaine du d\u00e9veloppement, du tourisme ou de la vente.<\/td>\n<\/tr>\n<tr style=\"height: 584px;\">\n<td style=\"width: 20.6118%; height: 584px; border-style: solid;\"><strong>Profil<\/strong><\/td>\n<td style=\"width: 79.3882%; height: 584px; border-style: solid;\" width=\"478\">L\u2019employ\u00e9 travaillera sous la supervision du directeur g\u00e9n\u00e9ral de Travel With A Mission. Il devra \u00e9galement travailler en collaboration avec le reste de l\u2019\u00e9quipe et avec nos partenaires.<\/p>\n<p>Pour assurer la mission ci-dessus, le futur employ\u00e9 devra avoir les capacit\u00e9s suivantes :<\/p>\n<ul>\n<li>Excellent sens du relationnel,<\/li>\n<li>Tr\u00e8s bonnes capacit\u00e9s commerciales et go\u00fbt pour la prospection,<\/li>\n<li>Aisance t\u00e9l\u00e9phonique et capacit\u00e9 \u00e0 passer de nombreux appels,<\/li>\n<li>Disponibilit\u00e9 et dynamisme,<\/li>\n<li>Autonomie,<\/li>\n<li>Sens de l\u2019organisation et de la structure,<\/li>\n<li>Capacit\u00e9 \u00e0 convaincre et \u00e0 cr\u00e9er des relations de confiance durables,<\/li>\n<li>Ma\u00eetrise du Fran\u00e7ais, de l\u2019Anglais et, si possible, de l\u2019Espagnol,<\/li>\n<li>Ma\u00eetrise de l\u2019outil informatique (Internet + Pack Office + si possible bases de WordPress),<\/li>\n<li>Forte volont\u00e9 de construire un monde meilleur,<\/li>\n<li>Connaissance du monde du d\u00e9veloppement et\/ou de la RSE.<\/li>\n<\/ul>\n<p>Si possible, une exp\u00e9rience significative dans la vente, le d\u00e9veloppement commercial, les partenariats ou la gestion de projets.<\/p>\n<p>Une exp\u00e9rience de voyage importante, notamment dans des pays en voie de d\u00e9veloppement, serait \u00e9galement appr\u00e9ci\u00e9e.<\/td>\n<\/tr>\n<tr style=\"height: 48px;\">\n<td style=\"width: 20.6118%; height: 48px; border-style: solid;\"><strong>P\u00e9riode<\/strong><\/td>\n<td style=\"width: 79.3882%; height: 48px; border-style: solid;\">Contrat \u00e0 dur\u00e9e ind\u00e9termin\u00e9e. D\u00e9but du poste : 3 septembre 2026.<\/p>\n<p>TWAM accepte \u00e9galement les candidatures de personnes souhaitant\u00a0travailler \u00e0 temps partiel, notamment sur une base de 3 jours par semaine (r\u00e9mun\u00e9ration au prorata, soit 3\/5\u00e8me du salaire propos\u00e9).<\/td>\n<\/tr>\n<tr style=\"height: 24px;\">\n<td style=\"width: 20.6118%; height: 24px; border-style: solid;\"><strong>R\u00e9mun\u00e9ration<\/strong><\/td>\n<td style=\"width: 79.3882%; height: 24px; border-style: solid;\">2.500\u20ac brut\/mois<\/td>\n<\/tr>\n<tr style=\"height: 24px;\">\n<td style=\"width: 20.6118%; height: 24px; border-style: solid;\"><strong>Lieu<\/strong><\/td>\n<td style=\"width: 79.3882%; height: 24px; border-style: solid;\">Bas\u00e9 dans nos bureaux \u00e0 Eze bord de mer, \u00e0 3 minutes \u00e0 pied de la gare SNCF d\u2019Eze.<\/td>\n<\/tr>\n<\/tbody>\n<\/table>\n<table style=\"height: 10px; width: 100%; border-collapse: collapse; border-style: solid; border-color: #424147; background-color: #f2e9e9;\">\n<tbody>\n<tr style=\"height: 48px;\">\n<td style=\"width: 20.6118%; height: 10px;\"><strong>Pour postuler<\/strong><\/td>\n<td style=\"width: 79.3882%; height: 10px; border-style: solid;\">Si vous \u00eates int\u00e9ress\u00e9(e) et pensez avoir le profil ad\u00e9quat, envoyez votre CV et lettre de motivation avant le 10 juin 2026 \u00e0 : lhubler@travelwithamission.org<\/p>\n<p>Parmi les candidatures \u00e9crites re\u00e7ues, 5 seront s\u00e9lectionn\u00e9es.<\/p>\n<p>Des entretiens oraux seront ensuite organis\u00e9s le 26 juin 2026.<\/p>\n<p>R\u00e9ponse donn\u00e9e le 26 juin 2026.<\/td>\n<\/tr>\n<\/tbody>\n<\/table>\n<p>&nbsp;<\/p>\n<\/div>\n<\/div>\n<\/div>\n<\/div>\n<\/div>\n<\/div>\n<\/div>","protected":false},"excerpt":{"rendered":"","protected":false},"author":3,"featured_media":7694,"parent":6909,"menu_order":0,"comment_status":"closed","ping_status":"closed","template":"","meta":{"footnotes":""},"class_list":["post-6910","page","type-page","status-publish","has-post-thumbnail","hentry"],"yoast_head":"<!-- This site is optimized with the Yoast SEO Premium plugin v20.12 (Yoast SEO v27.6) - https:\/\/yoast.com\/product\/yoast-seo-premium-wordpress\/ -->\n<title>NOUS REJOINDRE AU SI\u00c8GE - EMPLOIS - Association TWAM<\/title>\n<meta name=\"robots\" content=\"index, follow, max-snippet:-1, max-image-preview:large, max-video-preview:-1\" \/>\n<link rel=\"canonical\" href=\"https:\/\/www.travelwithamission.org\/en\/nousrejoindre\/rejoindre-siege-generalites\/rejoindre-siege-emplois\/\" \/>\n<meta property=\"og:locale\" content=\"en_US\" \/>\n<meta property=\"og:type\" content=\"article\" \/>\n<meta property=\"og:title\" content=\"NOUS REJOINDRE AU SI\u00c8GE - EMPLOIS\" \/>\n<meta property=\"og:url\" content=\"https:\/\/www.travelwithamission.org\/en\/nousrejoindre\/rejoindre-siege-generalites\/rejoindre-siege-emplois\/\" \/>\n<meta property=\"og:site_name\" content=\"Association TWAM\" \/>\n<meta property=\"article:modified_time\" content=\"2026-05-13T10:14:41+00:00\" \/>\n<meta property=\"og:image\" content=\"https:\/\/www.travelwithamission.org\/wp-content\/uploads\/sites\/3\/2024\/01\/offre-emploi-twam2.jpg\" \/>\n\t<meta property=\"og:image:width\" content=\"1280\" \/>\n\t<meta property=\"og:image:height\" content=\"960\" \/>\n\t<meta property=\"og:image:type\" content=\"image\/jpeg\" \/>\n<meta name=\"twitter:card\" content=\"summary_large_image\" \/>\n<meta name=\"twitter:label1\" content=\"Est. reading time\" \/>\n\t<meta name=\"twitter:data1\" content=\"4 minutes\" \/>\n<script type=\"application\/ld+json\" class=\"yoast-schema-graph\">{\"@context\":\"https:\\\/\\\/schema.org\",\"@graph\":[{\"@type\":\"WebPage\",\"@id\":\"https:\\\/\\\/www.travelwithamission.org\\\/nousrejoindre\\\/rejoindre-siege-generalites\\\/rejoindre-siege-emplois\\\/\",\"url\":\"https:\\\/\\\/www.travelwithamission.org\\\/nousrejoindre\\\/rejoindre-siege-generalites\\\/rejoindre-siege-emplois\\\/\",\"name\":\"NOUS REJOINDRE AU SI\u00c8GE - EMPLOIS - Association TWAM\",\"isPartOf\":{\"@id\":\"https:\\\/\\\/www.travelwithamission.org\\\/#website\"},\"primaryImageOfPage\":{\"@id\":\"https:\\\/\\\/www.travelwithamission.org\\\/nousrejoindre\\\/rejoindre-siege-generalites\\\/rejoindre-siege-emplois\\\/#primaryimage\"},\"image\":{\"@id\":\"https:\\\/\\\/www.travelwithamission.org\\\/nousrejoindre\\\/rejoindre-siege-generalites\\\/rejoindre-siege-emplois\\\/#primaryimage\"},\"thumbnailUrl\":\"https:\\\/\\\/www.travelwithamission.org\\\/wp-content\\\/uploads\\\/sites\\\/3\\\/2024\\\/01\\\/offre-emploi-twam2.jpg\",\"datePublished\":\"2018-08-16T13:03:58+00:00\",\"dateModified\":\"2026-05-13T10:14:41+00:00\",\"breadcrumb\":{\"@id\":\"https:\\\/\\\/www.travelwithamission.org\\\/nousrejoindre\\\/rejoindre-siege-generalites\\\/rejoindre-siege-emplois\\\/#breadcrumb\"},\"inLanguage\":\"en-US\",\"potentialAction\":[{\"@type\":\"ReadAction\",\"target\":[\"https:\\\/\\\/www.travelwithamission.org\\\/nousrejoindre\\\/rejoindre-siege-generalites\\\/rejoindre-siege-emplois\\\/\"]}]},{\"@type\":\"ImageObject\",\"inLanguage\":\"en-US\",\"@id\":\"https:\\\/\\\/www.travelwithamission.org\\\/nousrejoindre\\\/rejoindre-siege-generalites\\\/rejoindre-siege-emplois\\\/#primaryimage\",\"url\":\"https:\\\/\\\/www.travelwithamission.org\\\/wp-content\\\/uploads\\\/sites\\\/3\\\/2024\\\/01\\\/offre-emploi-twam2.jpg\",\"contentUrl\":\"https:\\\/\\\/www.travelwithamission.org\\\/wp-content\\\/uploads\\\/sites\\\/3\\\/2024\\\/01\\\/offre-emploi-twam2.jpg\",\"width\":1280,\"height\":960},{\"@type\":\"BreadcrumbList\",\"@id\":\"https:\\\/\\\/www.travelwithamission.org\\\/nousrejoindre\\\/rejoindre-siege-generalites\\\/rejoindre-siege-emplois\\\/#breadcrumb\",\"itemListElement\":[{\"@type\":\"ListItem\",\"position\":1,\"name\":\"Home\",\"item\":\"https:\\\/\\\/www.travelwithamission.org\\\/\"},{\"@type\":\"ListItem\",\"position\":2,\"name\":\"Nous rejoindre &#8211; G\u00e9n\u00e9ralit\u00e9s\",\"item\":\"https:\\\/\\\/www.travelwithamission.org\\\/nousrejoindre\\\/\"},{\"@type\":\"ListItem\",\"position\":3,\"name\":\"Nous rejoindre au si\u00e8ge &#8211; G\u00e9n\u00e9ralit\u00e9s\",\"item\":\"https:\\\/\\\/www.travelwithamission.org\\\/nousrejoindre\\\/rejoindre-siege-generalites\\\/\"},{\"@type\":\"ListItem\",\"position\":4,\"name\":\"NOUS REJOINDRE AU SI\u00c8GE &#8211; EMPLOIS\"}]},{\"@type\":\"WebSite\",\"@id\":\"https:\\\/\\\/www.travelwithamission.org\\\/#website\",\"url\":\"https:\\\/\\\/www.travelwithamission.org\\\/\",\"name\":\"Association TWAM\",\"description\":\"Construire un monde meilleure, ensemble !\",\"potentialAction\":[{\"@type\":\"SearchAction\",\"target\":{\"@type\":\"EntryPoint\",\"urlTemplate\":\"https:\\\/\\\/www.travelwithamission.org\\\/?s={search_term_string}\"},\"query-input\":{\"@type\":\"PropertyValueSpecification\",\"valueRequired\":true,\"valueName\":\"search_term_string\"}}],\"inLanguage\":\"en-US\"}]}<\/script>\n<!-- \/ Yoast SEO Premium plugin. -->","yoast_head_json":{"title":"NOUS REJOINDRE AU SI\u00c8GE - EMPLOIS - Association TWAM","robots":{"index":"index","follow":"follow","max-snippet":"max-snippet:-1","max-image-preview":"max-image-preview:large","max-video-preview":"max-video-preview:-1"},"canonical":"https:\/\/www.travelwithamission.org\/en\/nousrejoindre\/rejoindre-siege-generalites\/rejoindre-siege-emplois\/","og_locale":"en_US","og_type":"article","og_title":"NOUS REJOINDRE AU SI\u00c8GE - EMPLOIS","og_url":"https:\/\/www.travelwithamission.org\/en\/nousrejoindre\/rejoindre-siege-generalites\/rejoindre-siege-emplois\/","og_site_name":"Association TWAM","article_modified_time":"2026-05-13T10:14:41+00:00","og_image":[{"width":1280,"height":960,"url":"https:\/\/www.travelwithamission.org\/wp-content\/uploads\/sites\/3\/2024\/01\/offre-emploi-twam2.jpg","type":"image\/jpeg"}],"twitter_card":"summary_large_image","twitter_misc":{"Est. reading time":"4 minutes"},"schema":{"@context":"https:\/\/schema.org","@graph":[{"@type":"WebPage","@id":"https:\/\/www.travelwithamission.org\/nousrejoindre\/rejoindre-siege-generalites\/rejoindre-siege-emplois\/","url":"https:\/\/www.travelwithamission.org\/nousrejoindre\/rejoindre-siege-generalites\/rejoindre-siege-emplois\/","name":"NOUS REJOINDRE AU SI\u00c8GE - EMPLOIS - Association TWAM","isPartOf":{"@id":"https:\/\/www.travelwithamission.org\/#website"},"primaryImageOfPage":{"@id":"https:\/\/www.travelwithamission.org\/nousrejoindre\/rejoindre-siege-generalites\/rejoindre-siege-emplois\/#primaryimage"},"image":{"@id":"https:\/\/www.travelwithamission.org\/nousrejoindre\/rejoindre-siege-generalites\/rejoindre-siege-emplois\/#primaryimage"},"thumbnailUrl":"https:\/\/www.travelwithamission.org\/wp-content\/uploads\/sites\/3\/2024\/01\/offre-emploi-twam2.jpg","datePublished":"2018-08-16T13:03:58+00:00","dateModified":"2026-05-13T10:14:41+00:00","breadcrumb":{"@id":"https:\/\/www.travelwithamission.org\/nousrejoindre\/rejoindre-siege-generalites\/rejoindre-siege-emplois\/#breadcrumb"},"inLanguage":"en-US","potentialAction":[{"@type":"ReadAction","target":["https:\/\/www.travelwithamission.org\/nousrejoindre\/rejoindre-siege-generalites\/rejoindre-siege-emplois\/"]}]},{"@type":"ImageObject","inLanguage":"en-US","@id":"https:\/\/www.travelwithamission.org\/nousrejoindre\/rejoindre-siege-generalites\/rejoindre-siege-emplois\/#primaryimage","url":"https:\/\/www.travelwithamission.org\/wp-content\/uploads\/sites\/3\/2024\/01\/offre-emploi-twam2.jpg","contentUrl":"https:\/\/www.travelwithamission.org\/wp-content\/uploads\/sites\/3\/2024\/01\/offre-emploi-twam2.jpg","width":1280,"height":960},{"@type":"BreadcrumbList","@id":"https:\/\/www.travelwithamission.org\/nousrejoindre\/rejoindre-siege-generalites\/rejoindre-siege-emplois\/#breadcrumb","itemListElement":[{"@type":"ListItem","position":1,"name":"Home","item":"https:\/\/www.travelwithamission.org\/"},{"@type":"ListItem","position":2,"name":"Nous rejoindre &#8211; G\u00e9n\u00e9ralit\u00e9s","item":"https:\/\/www.travelwithamission.org\/nousrejoindre\/"},{"@type":"ListItem","position":3,"name":"Nous rejoindre au si\u00e8ge &#8211; G\u00e9n\u00e9ralit\u00e9s","item":"https:\/\/www.travelwithamission.org\/nousrejoindre\/rejoindre-siege-generalites\/"},{"@type":"ListItem","position":4,"name":"NOUS REJOINDRE AU SI\u00c8GE &#8211; EMPLOIS"}]},{"@type":"WebSite","@id":"https:\/\/www.travelwithamission.org\/#website","url":"https:\/\/www.travelwithamission.org\/","name":"Association TWAM","description":"Construire un monde meilleure, ensemble !","potentialAction":[{"@type":"SearchAction","target":{"@type":"EntryPoint","urlTemplate":"https:\/\/www.travelwithamission.org\/?s={search_term_string}"},"query-input":{"@type":"PropertyValueSpecification","valueRequired":true,"valueName":"search_term_string"}}],"inLanguage":"en-US"}]}},"_links":{"self":[{"href":"https:\/\/www.travelwithamission.org\/en\/wp-json\/wp\/v2\/pages\/6910","targetHints":{"allow":["GET"]}}],"collection":[{"href":"https:\/\/www.travelwithamission.org\/en\/wp-json\/wp\/v2\/pages"}],"about":[{"href":"https:\/\/www.travelwithamission.org\/en\/wp-json\/wp\/v2\/types\/page"}],"author":[{"embeddable":true,"href":"https:\/\/www.travelwithamission.org\/en\/wp-json\/wp\/v2\/users\/3"}],"replies":[{"embeddable":true,"href":"https:\/\/www.travelwithamission.org\/en\/wp-json\/wp\/v2\/comments?post=6910"}],"version-history":[{"count":13,"href":"https:\/\/www.travelwithamission.org\/en\/wp-json\/wp\/v2\/pages\/6910\/revisions"}],"predecessor-version":[{"id":8189,"href":"https:\/\/www.travelwithamission.org\/en\/wp-json\/wp\/v2\/pages\/6910\/revisions\/8189"}],"up":[{"embeddable":true,"href":"https:\/\/www.travelwithamission.org\/en\/wp-json\/wp\/v2\/pages\/6909"}],"wp:featuredmedia":[{"embeddable":true,"href":"https:\/\/www.travelwithamission.org\/en\/wp-json\/wp\/v2\/media\/7694"}],"wp:attachment":[{"href":"https:\/\/www.travelwithamission.org\/en\/wp-json\/wp\/v2\/media?parent=6910"}],"curies":[{"name":"wp","href":"https:\/\/api.w.org\/{rel}","templated":true}]}}