{"id":6879,"date":"2018-08-14T22:09:48","date_gmt":"2018-08-14T20:09:48","guid":{"rendered":"https:\/\/www.travelwithamission.org\/?page_id=6879"},"modified":"2025-06-18T00:14:36","modified_gmt":"2025-06-17T22:14:36","slug":"gouvernance-statuts","status":"publish","type":"page","link":"https:\/\/www.travelwithamission.org\/en\/generalites-twam\/gouvernance-statuts\/","title":{"rendered":"Gouvernance + statuts"},"content":{"rendered":"<style type=\"text\/css\"> \n#cmsmasters_row_69f382f5ed81c3_04454321 { \n\tbackground-color:#ffffff;\n\tbackground-image: url(https:\/\/www.travelwithamission.org\/wp-content\/uploads\/sites\/3\/2018\/08\/IMG_6438.jpg); \n\tbackground-position: top center; \n\tbackground-repeat: no-repeat; \n\tbackground-attachment: scroll; \n\tbackground-size: cover; \n} \n\n#cmsmasters_row_69f382f5ed81c3_04454321 .cmsmasters_row_outer_parent { \n\tpadding-top: 500px; \n} \n\n#cmsmasters_row_69f382f5ed81c3_04454321 .cmsmasters_row_outer_parent { \n\tpadding-bottom: 500px; \n} \n\n \n#cmsmasters_heading_69f382f5ee5840_51569690 { \n\ttext-align:center; \n\tmargin-top:0px; \n\tmargin-bottom:0px; \n} \n\n#cmsmasters_heading_69f382f5ee5840_51569690 .cmsmasters_heading { \n\ttext-align:center; \n\tbackground-color:#0f0f0f;\n\tpadding-left:1em; \n\tpadding-right:1em; \n} \n\n#cmsmasters_heading_69f382f5ee5840_51569690 .cmsmasters_heading, #cmsmasters_heading_69f382f5ee5840_51569690 .cmsmasters_heading a { \n\tfont-size:70px; \n\tline-height:100px; \n\tfont-weight:300; \n\tfont-style:normal; \n\tcolor:#f7f7f7;\n} \n\n#cmsmasters_heading_69f382f5ee5840_51569690 .cmsmasters_heading_divider { \n} \n\n@media (max-width: 767px) {\n\n#cmsmasters_heading_69f382f5ee5840_51569690 .cmsmasters_heading, #cmsmasters_heading_69f382f5ee5840_51569690 .cmsmasters_heading a { \n\tfont-size:52px; \n} \n\n} \n\n \n#cmsmasters_row_69f382f5ee6283_88962766 .cmsmasters_row_outer_parent { \n\tpadding-top: 30px; \n} \n\n#cmsmasters_row_69f382f5ee6283_88962766 .cmsmasters_row_outer_parent { \n\tpadding-bottom: 30px; \n} \n\n \n#cmsmasters_divider_69f382f60e95a0_71466849 { \n\tborder-bottom-width:1px; \n\tborder-bottom-style:solid; \n\tpadding-top:50px; \n\tmargin-bottom:50px; \n} \n \n#cmsmasters_divider_69f382f60ea1e7_75530023 { \n\tborder-bottom-width:1px; \n\tborder-bottom-style:solid; \n\tpadding-top:50px; \n\tmargin-bottom:50px; \n} \n\n#cmsmasters_button_69f382f60ea733_83519174 { \n\ttext-align:center; \n} \n\n#cmsmasters_button_69f382f60ea733_83519174 .cmsmasters_button:before { \n\tmargin-right:.5em; \n\tmargin-left:0; \n\tvertical-align:baseline; \n} \n\n#cmsmasters_button_69f382f60ea733_83519174 .cmsmasters_button { \n\tfont-weight:normal; \n\tfont-style:normal; \n\tborder-style:solid; \n} \n#cmsmasters_button_69f382f60ea733_83519174 .cmsmasters_button:hover { \n} \n \n#cmsmasters_divider_69f382f60eb1b4_03444238 { \n\tborder-bottom-width:1px; \n\tborder-bottom-style:solid; \n\tpadding-top:50px; \n\tmargin-bottom:50px; \n} \n<\/style><div id=\"cmsmasters_row_69f382f5ed81c3_04454321\" class=\"cmsmasters_row cmsmasters_color_scheme_default cmsmasters_row_top_default cmsmasters_row_bot_default cmsmasters_row_boxed\">\n<div class=\"cmsmasters_row_outer_parent\">\n<div class=\"cmsmasters_row_outer\">\n<div class=\"cmsmasters_row_inner\">\n<div class=\"cmsmasters_row_margin\">\n<div class=\"cmsmasters_column one_first\">\n\n<div id=\"cmsmasters_heading_69f382f5ee5840_51569690\" class=\"cmsmasters_heading_wrap cmsmasters_heading_align_center\">\n\t<h1 class=\"cmsmasters_heading\">GOUVERNANCE + STATUTS<\/h1>\n<\/div>\n<\/div>\n<\/div>\n<\/div>\n<\/div>\n<\/div>\n<\/div>\n<div id=\"cmsmasters_row_69f382f5ee6283_88962766\" class=\"cmsmasters_row cmsmasters_color_scheme_default cmsmasters_row_top_default cmsmasters_row_bot_default cmsmasters_row_boxed\">\n<div class=\"cmsmasters_row_outer_parent\">\n<div class=\"cmsmasters_row_outer\">\n<div class=\"cmsmasters_row_inner\">\n<div class=\"cmsmasters_row_margin\">\n<div class=\"cmsmasters_column one_first\">\n<div class=\"cmsmasters_text\">\n<h4 style=\"text-align: center;\"><em><span style=\"color: #003366;\">L\u2019organisation TWAM est une association de loi 1901 enregistr\u00e9e \u00e0 Nice en France. Elle est g\u00e9r\u00e9e par un conseil d&rsquo;administration comprenant \u00e0 ce jour les 7 membres ci-dessous.<\/span><\/em><\/h4>\n<\/div>\n<\/div>\n<\/div>\n<\/div>\n<\/div>\n<\/div>\n<\/div>\n<div id=\"cmsmasters_row_69f382f5ee75a8_77128537\" class=\"cmsmasters_row cmsmasters_color_scheme_default cmsmasters_row_top_default cmsmasters_row_bot_default cmsmasters_row_boxed\">\n<div class=\"cmsmasters_row_outer_parent\">\n<div class=\"cmsmasters_row_outer\">\n<div class=\"cmsmasters_row_inner\">\n<div class=\"cmsmasters_row_margin\">\n<div class=\"cmsmasters_column one_first\">\n<div id=\"69f382f5ee8112_67677417\" class=\"cmsmasters_profile horizontal\">\n\n<!-- Start Horizontal Profile -->\n\n<article id=\"post-7255\" class=\"cmsmasters_profile_horizontal one_fourth post-7255 profile type-profile status-publish has-post-thumbnail hentry pl-categs-conseiladministration\">\n\t<div class=\"profile_outer\">\n\t<figure class=\"cmsmasters_img_wrap\"><a href=\"https:\/\/www.travelwithamission.org\/en\/profile\/ludovic-hubler\/\" title=\"Ludovic Hubler\" class=\"cmsmasters_img_link\"><\/a><img loading=\"lazy\" decoding=\"async\" width=\"300\" height=\"300\" src=\"https:\/\/www.travelwithamission.org\/wp-content\/uploads\/sites\/3\/2018\/08\/Ludovic-Hubler-300x300.jpg\" class=\"wp-post-image\" alt=\"Ludovic Hubler\" title=\"Ludovic Hubler\" srcset=\"https:\/\/www.travelwithamission.org\/wp-content\/uploads\/sites\/3\/2018\/08\/Ludovic-Hubler-300x300.jpg 300w, https:\/\/www.travelwithamission.org\/wp-content\/uploads\/sites\/3\/2018\/08\/Ludovic-Hubler-150x150.jpg 150w, https:\/\/www.travelwithamission.org\/wp-content\/uploads\/sites\/3\/2018\/08\/Ludovic-Hubler-100x100.jpg 100w\" sizes=\"auto, (max-width: 300px) 100vw, 300px\" \/><\/figure><div class=\"profile_inner\"><header class=\"cmsmasters_profile_header entry-header\"><h5 class=\"cmsmasters_profile_title entry-title\"><a href=\"https:\/\/www.travelwithamission.org\/en\/profile\/ludovic-hubler\/\">Ludovic Hubler<\/a><\/h5><h5 class=\"cmsmasters_profile_subtitle\">Administrateur<\/h5><\/header><\/div>\t<\/div>\n<\/article>\n<!-- Finish Horizontal Profile -->\n\n\n<!-- Start Horizontal Profile -->\n\n<article id=\"post-7252\" class=\"cmsmasters_profile_horizontal one_fourth post-7252 profile type-profile status-publish has-post-thumbnail hentry pl-categs-conseiladministration\">\n\t<div class=\"profile_outer\">\n\t<figure class=\"cmsmasters_img_wrap\"><a href=\"https:\/\/www.travelwithamission.org\/en\/profile\/jeremie-beclairca\/\" title=\"J\u00e9r\u00e9mie B\u00e9clair\" class=\"cmsmasters_img_link\"><\/a><img loading=\"lazy\" decoding=\"async\" width=\"300\" height=\"300\" src=\"https:\/\/www.travelwithamission.org\/wp-content\/uploads\/sites\/3\/2018\/08\/jeremie2-300x300.jpg\" class=\"wp-post-image\" alt=\"J\u00e9r\u00e9mie B\u00e9clair\" title=\"J\u00e9r\u00e9mie B\u00e9clair\" srcset=\"https:\/\/www.travelwithamission.org\/wp-content\/uploads\/sites\/3\/2018\/08\/jeremie2-300x300.jpg 300w, https:\/\/www.travelwithamission.org\/wp-content\/uploads\/sites\/3\/2018\/08\/jeremie2-150x150.jpg 150w, https:\/\/www.travelwithamission.org\/wp-content\/uploads\/sites\/3\/2018\/08\/jeremie2-100x100.jpg 100w, https:\/\/www.travelwithamission.org\/wp-content\/uploads\/sites\/3\/2018\/08\/jeremie2-580x580.jpg 580w, https:\/\/www.travelwithamission.org\/wp-content\/uploads\/sites\/3\/2018\/08\/jeremie2.jpg 726w\" sizes=\"auto, (max-width: 300px) 100vw, 300px\" \/><\/figure><div class=\"profile_inner\"><header class=\"cmsmasters_profile_header entry-header\"><h5 class=\"cmsmasters_profile_title entry-title\"><a href=\"https:\/\/www.travelwithamission.org\/en\/profile\/jeremie-beclairca\/\">J\u00e9r\u00e9mie B\u00e9clair<\/a><\/h5><h5 class=\"cmsmasters_profile_subtitle\">Administrateur<\/h5><\/header><\/div>\t<\/div>\n<\/article>\n<!-- Finish Horizontal Profile -->\n\n\n<!-- Start Horizontal Profile -->\n\n<article id=\"post-7101\" class=\"cmsmasters_profile_horizontal one_fourth post-7101 profile type-profile status-publish has-post-thumbnail hentry pl-categs-conseiladministration\">\n\t<div class=\"profile_outer\">\n\t<figure class=\"cmsmasters_img_wrap\"><a href=\"https:\/\/www.travelwithamission.org\/en\/profile\/marisol-richards-espinosa\/\" title=\"Marisol Richards Espinosa\" class=\"cmsmasters_img_link\"><\/a><img loading=\"lazy\" decoding=\"async\" width=\"300\" height=\"300\" src=\"https:\/\/www.travelwithamission.org\/wp-content\/uploads\/sites\/3\/2018\/08\/marisol2-300x300.jpg\" class=\"wp-post-image\" alt=\"Marisol Richards Espinosa\" title=\"Marisol Richards Espinosa\" srcset=\"https:\/\/www.travelwithamission.org\/wp-content\/uploads\/sites\/3\/2018\/08\/marisol2-300x300.jpg 300w, https:\/\/www.travelwithamission.org\/wp-content\/uploads\/sites\/3\/2018\/08\/marisol2-150x150.jpg 150w, https:\/\/www.travelwithamission.org\/wp-content\/uploads\/sites\/3\/2018\/08\/marisol2-100x100.jpg 100w, https:\/\/www.travelwithamission.org\/wp-content\/uploads\/sites\/3\/2018\/08\/marisol2.jpg 456w\" sizes=\"auto, (max-width: 300px) 100vw, 300px\" \/><\/figure><div class=\"profile_inner\"><header class=\"cmsmasters_profile_header entry-header\"><h5 class=\"cmsmasters_profile_title entry-title\"><a href=\"https:\/\/www.travelwithamission.org\/en\/profile\/marisol-richards-espinosa\/\">Marisol Richards Espinosa<\/a><\/h5><h5 class=\"cmsmasters_profile_subtitle\">Tr\u00e9sori\u00e8re<\/h5><\/header><\/div>\t<\/div>\n<\/article>\n<!-- Finish Horizontal Profile -->\n\n\n<!-- Start Horizontal Profile -->\n\n<article id=\"post-4686\" class=\"cmsmasters_profile_horizontal one_fourth post-4686 profile type-profile status-publish has-post-thumbnail hentry pl-categs-conseiladministration\">\n\t<div class=\"profile_outer\">\n\t<figure class=\"cmsmasters_img_wrap\"><a href=\"https:\/\/www.travelwithamission.org\/en\/profile\/luciebergonier\/\" title=\"Lucie Bergonier\" class=\"cmsmasters_img_link\"><\/a><img loading=\"lazy\" decoding=\"async\" width=\"300\" height=\"300\" src=\"https:\/\/www.travelwithamission.org\/wp-content\/uploads\/sites\/3\/2018\/08\/lucie2-300x300.jpg\" class=\"wp-post-image\" alt=\"Lucie Bergonier\" title=\"Lucie Bergonier\" srcset=\"https:\/\/www.travelwithamission.org\/wp-content\/uploads\/sites\/3\/2018\/08\/lucie2-300x300.jpg 300w, https:\/\/www.travelwithamission.org\/wp-content\/uploads\/sites\/3\/2018\/08\/lucie2-150x150.jpg 150w, https:\/\/www.travelwithamission.org\/wp-content\/uploads\/sites\/3\/2018\/08\/lucie2-768x768.jpg 768w, https:\/\/www.travelwithamission.org\/wp-content\/uploads\/sites\/3\/2018\/08\/lucie2-600x600.jpg 600w, https:\/\/www.travelwithamission.org\/wp-content\/uploads\/sites\/3\/2018\/08\/lucie2-100x100.jpg 100w, https:\/\/www.travelwithamission.org\/wp-content\/uploads\/sites\/3\/2018\/08\/lucie2-580x580.jpg 580w, https:\/\/www.travelwithamission.org\/wp-content\/uploads\/sites\/3\/2018\/08\/lucie2-860x860.jpg 860w, https:\/\/www.travelwithamission.org\/wp-content\/uploads\/sites\/3\/2018\/08\/lucie2.jpg 960w\" sizes=\"auto, (max-width: 300px) 100vw, 300px\" \/><\/figure><div class=\"profile_inner\"><header class=\"cmsmasters_profile_header entry-header\"><h5 class=\"cmsmasters_profile_title entry-title\"><a href=\"https:\/\/www.travelwithamission.org\/en\/profile\/luciebergonier\/\">Lucie Bergonier<\/a><\/h5><h5 class=\"cmsmasters_profile_subtitle\">Administratrice<\/h5><\/header><\/div>\t<\/div>\n<\/article>\n<!-- Finish Horizontal Profile -->\n\n\n<!-- Start Horizontal Profile -->\n\n<article id=\"post-4684\" class=\"cmsmasters_profile_horizontal one_fourth post-4684 profile type-profile status-publish has-post-thumbnail hentry pl-categs-conseiladministration\">\n\t<div class=\"profile_outer\">\n\t<figure class=\"cmsmasters_img_wrap\"><a href=\"https:\/\/www.travelwithamission.org\/en\/profile\/maximelamand\/\" title=\"Maxime Lamand\" class=\"cmsmasters_img_link\"><\/a><img loading=\"lazy\" decoding=\"async\" width=\"300\" height=\"300\" src=\"https:\/\/www.travelwithamission.org\/wp-content\/uploads\/sites\/3\/2018\/08\/max-300x300.jpg\" class=\"wp-post-image\" alt=\"Maxime Lamand\" title=\"Maxime Lamand\" srcset=\"https:\/\/www.travelwithamission.org\/wp-content\/uploads\/sites\/3\/2018\/08\/max-300x300.jpg 300w, https:\/\/www.travelwithamission.org\/wp-content\/uploads\/sites\/3\/2018\/08\/max-150x150.jpg 150w, https:\/\/www.travelwithamission.org\/wp-content\/uploads\/sites\/3\/2018\/08\/max-768x768.jpg 768w, https:\/\/www.travelwithamission.org\/wp-content\/uploads\/sites\/3\/2018\/08\/max-600x600.jpg 600w, https:\/\/www.travelwithamission.org\/wp-content\/uploads\/sites\/3\/2018\/08\/max-100x100.jpg 100w, https:\/\/www.travelwithamission.org\/wp-content\/uploads\/sites\/3\/2018\/08\/max-580x580.jpg 580w, https:\/\/www.travelwithamission.org\/wp-content\/uploads\/sites\/3\/2018\/08\/max-860x860.jpg 860w, https:\/\/www.travelwithamission.org\/wp-content\/uploads\/sites\/3\/2018\/08\/max.jpg 960w\" sizes=\"auto, (max-width: 300px) 100vw, 300px\" \/><\/figure><div class=\"profile_inner\"><header class=\"cmsmasters_profile_header entry-header\"><h5 class=\"cmsmasters_profile_title entry-title\"><a href=\"https:\/\/www.travelwithamission.org\/en\/profile\/maximelamand\/\">Maxime Lamand<\/a><\/h5><h5 class=\"cmsmasters_profile_subtitle\">Administrateur<\/h5><\/header><\/div>\t<\/div>\n<\/article>\n<!-- Finish Horizontal Profile -->\n\n\n<!-- Start Horizontal Profile -->\n\n<article id=\"post-224\" class=\"cmsmasters_profile_horizontal one_fourth post-224 profile type-profile status-publish has-post-thumbnail hentry pl-categs-conseiladministration\">\n\t<div class=\"profile_outer\">\n\t<figure class=\"cmsmasters_img_wrap\"><a href=\"https:\/\/www.travelwithamission.org\/en\/profile\/jeanlucbrun\/\" title=\"Jean-Luc Brun\" class=\"cmsmasters_img_link\"><\/a><img loading=\"lazy\" decoding=\"async\" width=\"140\" height=\"185\" src=\"https:\/\/www.travelwithamission.org\/wp-content\/uploads\/sites\/3\/2018\/08\/jl.jpg\" class=\"wp-post-image\" alt=\"Jean-Luc Brun\" title=\"Jean-Luc Brun\" \/><\/figure><div class=\"profile_inner\"><header class=\"cmsmasters_profile_header entry-header\"><h5 class=\"cmsmasters_profile_title entry-title\"><a href=\"https:\/\/www.travelwithamission.org\/en\/profile\/jeanlucbrun\/\">Jean-Luc Brun<\/a><\/h5><h5 class=\"cmsmasters_profile_subtitle\">Pr\u00e9sident<\/h5><\/header><\/div>\t<\/div>\n<\/article>\n<!-- Finish Horizontal Profile -->\n\n<\/div>\n<\/div>\n<\/div>\n<\/div>\n<\/div>\n<\/div>\n<\/div>\n<div id=\"cmsmasters_row_69f382f60e7b36_99501367\" class=\"cmsmasters_row cmsmasters_color_scheme_default cmsmasters_row_top_default cmsmasters_row_bot_default cmsmasters_row_boxed\">\n<div class=\"cmsmasters_row_outer_parent\">\n<div class=\"cmsmasters_row_outer\">\n<div class=\"cmsmasters_row_inner\">\n<div class=\"cmsmasters_row_margin\">\n<div class=\"cmsmasters_column one_first\">\n\n<div id=\"cmsmasters_divider_69f382f60e95a0_71466849\" class=\"cmsmasters_divider cmsmasters_divider_width_long cmsmasters_divider_pos_center\"><\/div>\n<div class=\"cmsmasters_text\">\n<h3 style=\"text-align: center;\"><strong>Comme toute association, TWAM dispose de statuts.<\/strong><\/h3>\n<\/div>\n\n\n<div id=\"cmsmasters_divider_69f382f60ea1e7_75530023\" class=\"cmsmasters_divider cmsmasters_divider_width_long cmsmasters_divider_pos_center\"><\/div>\n\n<div id=\"cmsmasters_button_69f382f60ea733_83519174\" class=\"button_wrap\"><a href=\"https:\/\/www.travelwithamission.org\/wp-content\/uploads\/sites\/3\/2018\/08\/Statuts-approuv\u00e9s-par-prefecture-au-081214.pdf\" class=\"cmsmasters_button\"><span>T\u00e9l\u00e9chargez-les ici !<\/span><\/a><\/div>\n<div class=\"cmsmasters_text\">\n<p>&nbsp;<\/p>\n<\/div>\n\n<div id=\"cmsmasters_divider_69f382f60eb1b4_03444238\" class=\"cmsmasters_divider cmsmasters_divider_width_long cmsmasters_divider_pos_center\"><\/div>\n<\/div>\n<\/div>\n<\/div>\n<\/div>\n<\/div>\n<\/div>\n<div id=\"cmsmasters_row_69f382f60ebb28_98283991\" class=\"cmsmasters_row cmsmasters_color_scheme_default cmsmasters_row_top_default cmsmasters_row_bot_default cmsmasters_row_boxed\">\n<div class=\"cmsmasters_row_outer_parent\">\n<div class=\"cmsmasters_row_outer\">\n<div class=\"cmsmasters_row_inner\">\n<div class=\"cmsmasters_row_margin\">\n<div class=\"cmsmasters_column one_first\">\n<div class=\"cmsmasters_text\">\n<h3 data-start=\"188\" data-end=\"241\"><strong data-start=\"192\" data-end=\"241\">Statut fiscal de TWAM (Travel With A Mission)<\/strong><\/h3>\n<p data-start=\"243\" data-end=\"526\">TWAM est une association loi 1901 \u00e0 but non lucratif, enregistr\u00e9e en France. En tant qu\u2019association, TWAM ne r\u00e9alise aucun b\u00e9n\u00e9fice et n\u2019est pas soumise \u00e0 l\u2019imp\u00f4t sur les soci\u00e9t\u00e9s. L\u2019ensemble des ressources collect\u00e9es sont int\u00e9gralement r\u00e9investies dans les actions de l\u2019association.<\/p>\n<p data-start=\"528\" data-end=\"801\">TWAM est \u00e9galement habilit\u00e9e \u00e0 \u00e9mettre des <strong data-start=\"571\" data-end=\"588\">re\u00e7us fiscaux<\/strong> pour les dons, permettant aux donateurs r\u00e9sidant en France de b\u00e9n\u00e9ficier d\u2019une <strong data-start=\"668\" data-end=\"715\">r\u00e9duction d\u2019imp\u00f4t de 66 % du montant du don<\/strong>, dans la limite de 20 % du revenu imposable (article 200 du Code g\u00e9n\u00e9ral des imp\u00f4ts).<\/p>\n<p data-start=\"803\" data-end=\"913\">Pour toute question relative \u00e0 notre statut ou nos finances, n&rsquo;h\u00e9sitez pas \u00e0 nous contacter \u00e0 info@travelwithamission.org<\/p>\n<p data-start=\"803\" data-end=\"913\">Nos rapports financiers sont accessibles \u00e0 la fin des rapports moraux de chaque ann\u00e9e <a href=\"https:\/\/www.travelwithamission.org\/en\/generalites-twam\/gouvernance-statuts\/\">ici<\/a>.<\/p>\n<\/div>\n<\/div>\n<\/div>\n<\/div>\n<\/div>\n<\/div>\n<\/div>","protected":false},"excerpt":{"rendered":"","protected":false},"author":4,"featured_media":0,"parent":6699,"menu_order":0,"comment_status":"closed","ping_status":"closed","template":"","meta":{"footnotes":""},"class_list":["post-6879","page","type-page","status-publish","hentry"],"yoast_head":"<!-- This site is optimized with the Yoast SEO Premium plugin v20.12 (Yoast SEO v27.5) - https:\/\/yoast.com\/product\/yoast-seo-premium-wordpress\/ -->\n<title>Gouvernance et Statuts TWAM<\/title>\n<meta name=\"description\" content=\"D\u00e9couvrez ici le conseil d&#039;administration de TRAVEL WITH A MISSION.\" \/>\n<meta name=\"robots\" content=\"index, follow, max-snippet:-1, max-image-preview:large, max-video-preview:-1\" \/>\n<link rel=\"canonical\" href=\"https:\/\/www.travelwithamission.org\/en\/generalites-twam\/gouvernance-statuts\/\" \/>\n<meta property=\"og:locale\" content=\"en_US\" \/>\n<meta property=\"og:type\" content=\"article\" \/>\n<meta property=\"og:title\" content=\"Gouvernance + statuts\" \/>\n<meta property=\"og:description\" content=\"D\u00e9couvrez ici le conseil d&#039;administration de TRAVEL WITH A MISSION.\" \/>\n<meta property=\"og:url\" content=\"https:\/\/www.travelwithamission.org\/en\/generalites-twam\/gouvernance-statuts\/\" \/>\n<meta property=\"og:site_name\" content=\"Association TWAM\" \/>\n<meta property=\"article:modified_time\" content=\"2025-06-17T22:14:36+00:00\" \/>\n<meta name=\"twitter:card\" content=\"summary_large_image\" \/>\n<meta name=\"twitter:label1\" content=\"Est. reading time\" \/>\n\t<meta name=\"twitter:data1\" content=\"2 minutes\" \/>\n<script type=\"application\/ld+json\" class=\"yoast-schema-graph\">{\"@context\":\"https:\\\/\\\/schema.org\",\"@graph\":[{\"@type\":\"WebPage\",\"@id\":\"https:\\\/\\\/www.travelwithamission.org\\\/en\\\/generalites-twam\\\/gouvernance-statuts\\\/\",\"url\":\"https:\\\/\\\/www.travelwithamission.org\\\/en\\\/generalites-twam\\\/gouvernance-statuts\\\/\",\"name\":\"Gouvernance et Statuts TWAM\",\"isPartOf\":{\"@id\":\"https:\\\/\\\/www.travelwithamission.org\\\/#website\"},\"datePublished\":\"2018-08-14T20:09:48+00:00\",\"dateModified\":\"2025-06-17T22:14:36+00:00\",\"description\":\"D\u00e9couvrez ici le conseil d'administration de TRAVEL WITH A MISSION.\",\"breadcrumb\":{\"@id\":\"https:\\\/\\\/www.travelwithamission.org\\\/en\\\/generalites-twam\\\/gouvernance-statuts\\\/#breadcrumb\"},\"inLanguage\":\"en-US\",\"potentialAction\":[{\"@type\":\"ReadAction\",\"target\":[\"https:\\\/\\\/www.travelwithamission.org\\\/en\\\/generalites-twam\\\/gouvernance-statuts\\\/\"]}]},{\"@type\":\"BreadcrumbList\",\"@id\":\"https:\\\/\\\/www.travelwithamission.org\\\/en\\\/generalites-twam\\\/gouvernance-statuts\\\/#breadcrumb\",\"itemListElement\":[{\"@type\":\"ListItem\",\"position\":1,\"name\":\"Home\",\"item\":\"https:\\\/\\\/www.travelwithamission.org\\\/\"},{\"@type\":\"ListItem\",\"position\":2,\"name\":\"A propos de TWAM\",\"item\":\"https:\\\/\\\/www.travelwithamission.org\\\/generalites-twam\\\/\"},{\"@type\":\"ListItem\",\"position\":3,\"name\":\"Gouvernance + statuts\"}]},{\"@type\":\"WebSite\",\"@id\":\"https:\\\/\\\/www.travelwithamission.org\\\/#website\",\"url\":\"https:\\\/\\\/www.travelwithamission.org\\\/\",\"name\":\"Association TWAM\",\"description\":\"Construire un monde meilleure, ensemble !\",\"potentialAction\":[{\"@type\":\"SearchAction\",\"target\":{\"@type\":\"EntryPoint\",\"urlTemplate\":\"https:\\\/\\\/www.travelwithamission.org\\\/?s={search_term_string}\"},\"query-input\":{\"@type\":\"PropertyValueSpecification\",\"valueRequired\":true,\"valueName\":\"search_term_string\"}}],\"inLanguage\":\"en-US\"}]}<\/script>\n<!-- \/ Yoast SEO Premium plugin. -->","yoast_head_json":{"title":"Gouvernance et Statuts TWAM","description":"D\u00e9couvrez ici le conseil d'administration de TRAVEL WITH A MISSION.","robots":{"index":"index","follow":"follow","max-snippet":"max-snippet:-1","max-image-preview":"max-image-preview:large","max-video-preview":"max-video-preview:-1"},"canonical":"https:\/\/www.travelwithamission.org\/en\/generalites-twam\/gouvernance-statuts\/","og_locale":"en_US","og_type":"article","og_title":"Gouvernance + statuts","og_description":"D\u00e9couvrez ici le conseil d'administration de TRAVEL WITH A MISSION.","og_url":"https:\/\/www.travelwithamission.org\/en\/generalites-twam\/gouvernance-statuts\/","og_site_name":"Association TWAM","article_modified_time":"2025-06-17T22:14:36+00:00","twitter_card":"summary_large_image","twitter_misc":{"Est. reading time":"2 minutes"},"schema":{"@context":"https:\/\/schema.org","@graph":[{"@type":"WebPage","@id":"https:\/\/www.travelwithamission.org\/en\/generalites-twam\/gouvernance-statuts\/","url":"https:\/\/www.travelwithamission.org\/en\/generalites-twam\/gouvernance-statuts\/","name":"Gouvernance et Statuts TWAM","isPartOf":{"@id":"https:\/\/www.travelwithamission.org\/#website"},"datePublished":"2018-08-14T20:09:48+00:00","dateModified":"2025-06-17T22:14:36+00:00","description":"D\u00e9couvrez ici le conseil d'administration de TRAVEL WITH A MISSION.","breadcrumb":{"@id":"https:\/\/www.travelwithamission.org\/en\/generalites-twam\/gouvernance-statuts\/#breadcrumb"},"inLanguage":"en-US","potentialAction":[{"@type":"ReadAction","target":["https:\/\/www.travelwithamission.org\/en\/generalites-twam\/gouvernance-statuts\/"]}]},{"@type":"BreadcrumbList","@id":"https:\/\/www.travelwithamission.org\/en\/generalites-twam\/gouvernance-statuts\/#breadcrumb","itemListElement":[{"@type":"ListItem","position":1,"name":"Home","item":"https:\/\/www.travelwithamission.org\/"},{"@type":"ListItem","position":2,"name":"A propos de TWAM","item":"https:\/\/www.travelwithamission.org\/generalites-twam\/"},{"@type":"ListItem","position":3,"name":"Gouvernance + statuts"}]},{"@type":"WebSite","@id":"https:\/\/www.travelwithamission.org\/#website","url":"https:\/\/www.travelwithamission.org\/","name":"Association TWAM","description":"Construire un monde meilleure, ensemble !","potentialAction":[{"@type":"SearchAction","target":{"@type":"EntryPoint","urlTemplate":"https:\/\/www.travelwithamission.org\/?s={search_term_string}"},"query-input":{"@type":"PropertyValueSpecification","valueRequired":true,"valueName":"search_term_string"}}],"inLanguage":"en-US"}]}},"_links":{"self":[{"href":"https:\/\/www.travelwithamission.org\/en\/wp-json\/wp\/v2\/pages\/6879","targetHints":{"allow":["GET"]}}],"collection":[{"href":"https:\/\/www.travelwithamission.org\/en\/wp-json\/wp\/v2\/pages"}],"about":[{"href":"https:\/\/www.travelwithamission.org\/en\/wp-json\/wp\/v2\/types\/page"}],"author":[{"embeddable":true,"href":"https:\/\/www.travelwithamission.org\/en\/wp-json\/wp\/v2\/users\/4"}],"replies":[{"embeddable":true,"href":"https:\/\/www.travelwithamission.org\/en\/wp-json\/wp\/v2\/comments?post=6879"}],"version-history":[{"count":8,"href":"https:\/\/www.travelwithamission.org\/en\/wp-json\/wp\/v2\/pages\/6879\/revisions"}],"predecessor-version":[{"id":8177,"href":"https:\/\/www.travelwithamission.org\/en\/wp-json\/wp\/v2\/pages\/6879\/revisions\/8177"}],"up":[{"embeddable":true,"href":"https:\/\/www.travelwithamission.org\/en\/wp-json\/wp\/v2\/pages\/6699"}],"wp:attachment":[{"href":"https:\/\/www.travelwithamission.org\/en\/wp-json\/wp\/v2\/media?parent=6879"}],"curies":[{"name":"wp","href":"https:\/\/api.w.org\/{rel}","templated":true}]}}