{"id":6876,"date":"2018-08-14T21:09:05","date_gmt":"2018-08-14T19:09:05","guid":{"rendered":"https:\/\/www.travelwithamission.org\/?page_id=6876"},"modified":"2018-08-22T15:22:13","modified_gmt":"2018-08-22T13:22:13","slug":"valeurs-twam","status":"publish","type":"page","link":"https:\/\/www.travelwithamission.org\/en\/generalites-twam\/valeurs-twam\/","title":{"rendered":"Valeurs TWAM"},"content":{"rendered":"<style type=\"text\/css\"> \n#cmsmasters_row_69f3850aa891e5_49745349 { \n\tbackground-color:#ffffff;\n\tbackground-image: url(https:\/\/www.travelwithamission.org\/wp-content\/uploads\/sites\/3\/2018\/03\/P1090178-3.jpg); \n\tbackground-position: top center; \n\tbackground-repeat: no-repeat; \n\tbackground-attachment: scroll; \n\tbackground-size: cover; \n} \n\n#cmsmasters_row_69f3850aa891e5_49745349 .cmsmasters_row_outer_parent { \n\tpadding-top: 400px; \n} \n\n#cmsmasters_row_69f3850aa891e5_49745349 .cmsmasters_row_outer_parent { \n\tpadding-bottom: 400px; \n} \n\n \n#cmsmasters_heading_69f3850aa96766_60943160 { \n\ttext-align:center; \n\tmargin-top:0px; \n\tmargin-bottom:0px; \n} \n\n#cmsmasters_heading_69f3850aa96766_60943160 .cmsmasters_heading { \n\ttext-align:center; \n\tbackground-color:#0f0f0f;\n\tpadding-left:1em; \n\tpadding-right:1em; \n} \n\n#cmsmasters_heading_69f3850aa96766_60943160 .cmsmasters_heading, #cmsmasters_heading_69f3850aa96766_60943160 .cmsmasters_heading a { \n\tfont-size:70px; \n\tline-height:100px; \n\tfont-weight:300; \n\tfont-style:normal; \n\tcolor:#f7f7f7;\n} \n\n#cmsmasters_heading_69f3850aa96766_60943160 .cmsmasters_heading_divider { \n} \n\n@media (max-width: 767px) {\n\n#cmsmasters_heading_69f3850aa96766_60943160 .cmsmasters_heading, #cmsmasters_heading_69f3850aa96766_60943160 .cmsmasters_heading a { \n\tfont-size:52px; \n} \n\n} \n\n \n#cmsmasters_row_69f3850aa98e71_78702768 .cmsmasters_row_outer_parent { \n\tpadding-top: 30px; \n} \n\n#cmsmasters_row_69f3850aa98e71_78702768 .cmsmasters_row_outer_parent { \n\tpadding-bottom: 30px; \n} \n\n \n#cmsmasters_row_69f3850aa9af19_90698861 { \n\tbackground-color:#ffffff;\n} \n\n#cmsmasters_row_69f3850aa9af19_90698861 .cmsmasters_row_outer_parent { \n\tpadding-top: 0px; \n} \n\n#cmsmasters_row_69f3850aa9af19_90698861 .cmsmasters_row_outer_parent { \n\tpadding-bottom: 130px; \n} \n\n \n#cmsmasters_divider_69f3850aa9d148_58039923 { \n\tborder-bottom-width:0px; \n\tborder-bottom-style:solid; \n\tpadding-top:20px; \n\tmargin-bottom:0px; \n} \n\n\t\t\t#cmsmasters_gallery_69f3850aaa0fe .cmsmasters_gallery {\n\t\t\t\tmargin:0 0 0 -10px;\n\t\t\t}\n\t\t\t\n\t\t\t#cmsmasters_gallery_69f3850aaa0fe .cmsmasters_gallery .cmsmasters_gallery_item {\n\t\t\t\tpadding:0 0 10px 10px;\n\t\t\t}\n\t\t<\/style><div id=\"cmsmasters_row_69f3850aa891e5_49745349\" class=\"cmsmasters_row cmsmasters_color_scheme_default cmsmasters_row_top_default cmsmasters_row_bot_default cmsmasters_row_boxed\">\n<div class=\"cmsmasters_row_outer_parent\">\n<div class=\"cmsmasters_row_outer\">\n<div class=\"cmsmasters_row_inner\">\n<div class=\"cmsmasters_row_margin\">\n<div class=\"cmsmasters_column one_first\">\n\n<div id=\"cmsmasters_heading_69f3850aa96766_60943160\" class=\"cmsmasters_heading_wrap cmsmasters_heading_align_center\">\n\t<h1 class=\"cmsmasters_heading\">Valeurs TWAM<\/h1>\n<\/div>\n<\/div>\n<\/div>\n<\/div>\n<\/div>\n<\/div>\n<\/div>\n<div id=\"cmsmasters_row_69f3850aa98e71_78702768\" class=\"cmsmasters_row cmsmasters_color_scheme_default cmsmasters_row_top_default cmsmasters_row_bot_default cmsmasters_row_boxed\">\n<div class=\"cmsmasters_row_outer_parent\">\n<div class=\"cmsmasters_row_outer\">\n<div class=\"cmsmasters_row_inner\">\n<div class=\"cmsmasters_row_margin\">\n<div class=\"cmsmasters_column one_first\">\n<div class=\"cmsmasters_text\">\n<h4 style=\"text-align: center;\"><em>TWAM est une organisation construite autour de valeurs fortes. D\u00e9couvrez ci-dessous les grandes valeurs de l&rsquo;organisation ainsi que celles de la plateforme.<br \/>\n<\/em><\/h4>\n<\/div>\n<\/div>\n<\/div>\n<\/div>\n<\/div>\n<\/div>\n<\/div>\n<div id=\"cmsmasters_row_69f3850aa9af19_90698861\" class=\"cmsmasters_row cmsmasters_color_scheme_default cmsmasters_row_top_default cmsmasters_row_bot_default cmsmasters_row_boxed\">\n<div class=\"cmsmasters_row_outer_parent\">\n<div class=\"cmsmasters_row_outer\">\n<div class=\"cmsmasters_row_inner\">\n<div class=\"cmsmasters_row_margin\">\n<div class=\"cmsmasters_column one_half\">\n\n<div id=\"cmsmasters_divider_69f3850aa9d148_58039923\" class=\"cl\"><\/div>\n<div class=\"cmsmasters_text\">\n<div class=\"cmsmasters_dropcap type1\"><span style=\"color: #003366;\">L<\/span><\/div> <span style=\"color: #003366;\">es<\/span> <span style=\"color: #003366;\">valeurs de l\u2019organisation internationale TWAM peuvent \u00eatre r\u00e9sum\u00e9es autour de ces 5 mots :<\/span><\/p>\n<ul>\n<li><span style=\"color: #003366;\"><strong>Accompagnement<\/strong> : Ne pas faire \u00ab\u00e0 la place de\u00bb mais \u00abavec\u00bb<\/span><\/li>\n<li><span style=\"color: #003366;\"><strong>Partage<\/strong> : Transf\u00e9rer savoir, comp\u00e9tence, exp\u00e9rience.<\/span><\/li>\n<li><span style=\"color: #003366;\"><strong>Durabilit\u00e9<\/strong> : Travailler dans la dur\u00e9e en favorisant au maximum l\u2019implication locale et en r\u00e9pondant aux besoins du terrain.<\/span><\/li>\n<li><span style=\"color: #003366;\"><strong>Transparence<\/strong> : Un travail ethique sans rien cacher<\/span><\/li>\n<li><span style=\"color: #003366;\"><strong>Universalit\u00e9<\/strong> : TWAM travaille avec le monde entier, sans distinction de religion, couleur de peau, ethnie ou nationalit\u00e9.<\/span><\/li>\n<\/ul>\n<p><span style=\"color: #003366;\">Les valeurs de la plateforme TWAM sont \u00e0 d\u00e9couvrir ici.<\/span><\/p>\n<\/div>\n<\/div>\n<div class=\"cmsmasters_column one_half\">\n<div id=\"cmsmasters_gallery_69f3850aaa0fe\" class=\"cmsmasters_gallery_wrap\"><ul class=\"cmsmasters_gallery cmsmasters_1 cmsmasters_more_items_loader\"><li class=\"cmsmasters_gallery_item\"><figure><a href=\"https:\/\/www.travelwithamission.org\/wp-content\/uploads\/sites\/3\/2018\/03\/mamafele.jpg\" rel=\"ilightbox[69f3850aaa0fe]\"><img loading=\"lazy\" decoding=\"async\" width=\"1000\" height=\"700\" src=\"https:\/\/www.travelwithamission.org\/wp-content\/uploads\/sites\/3\/2018\/03\/mamafele.jpg\" class=\"attachment-full size-full\" alt=\"\" srcset=\"https:\/\/www.travelwithamission.org\/wp-content\/uploads\/sites\/3\/2018\/03\/mamafele.jpg 1000w, https:\/\/www.travelwithamission.org\/wp-content\/uploads\/sites\/3\/2018\/03\/mamafele-300x210.jpg 300w, https:\/\/www.travelwithamission.org\/wp-content\/uploads\/sites\/3\/2018\/03\/mamafele-768x538.jpg 768w, https:\/\/www.travelwithamission.org\/wp-content\/uploads\/sites\/3\/2018\/03\/mamafele-600x420.jpg 600w, https:\/\/www.travelwithamission.org\/wp-content\/uploads\/sites\/3\/2018\/03\/mamafele-580x406.jpg 580w, https:\/\/www.travelwithamission.org\/wp-content\/uploads\/sites\/3\/2018\/03\/mamafele-860x602.jpg 860w\" sizes=\"auto, (max-width: 1000px) 100vw, 1000px\" \/><\/a><\/figure><\/li><\/ul><script type=\"text\/javascript\">\n\t\t\tjQuery(document).ready(function () {\n\t\t\t\t(function ($) {\n\t\t\t\t\tif ($('#cmsmasters_gallery_69f3850aaa0fe').find('.cmsmasters_gallery_item').length == '0') {\n\t\t\t\t\t\treturn false;\n\t\t\t\t\t}\n\t\t\t\t\t\n\t\t\t\t\t\n\t\t\t\t\tstartGallery( \n\t\t\t\t\t\t'69f3850aaa0fe', \n\t\t\t\t\t\t'grid', \n\t\t\t\t\t\t'false', \n\t\t\t\t\t\t'false' \n\t\t\t\t\t);\n\t\t\t\t} )(jQuery);\n\t\t\t} );\n\t\t<\/script>\n\t\t<\/div>\n<\/div>\n<\/div>\n<\/div>\n<\/div>\n<\/div>\n<\/div>\n\n","protected":false},"excerpt":{"rendered":"","protected":false},"author":1,"featured_media":6366,"parent":6699,"menu_order":0,"comment_status":"closed","ping_status":"closed","template":"","meta":{"footnotes":""},"class_list":["post-6876","page","type-page","status-publish","has-post-thumbnail","hentry"],"yoast_head":"<!-- This site is optimized with the Yoast SEO Premium plugin v20.12 (Yoast SEO v27.5) - https:\/\/yoast.com\/product\/yoast-seo-premium-wordpress\/ -->\n<title>Valeurs TWAM - Association TWAM<\/title>\n<meta name=\"robots\" content=\"index, follow, max-snippet:-1, max-image-preview:large, max-video-preview:-1\" \/>\n<link rel=\"canonical\" href=\"https:\/\/www.travelwithamission.org\/en\/generalites-twam\/valeurs-twam\/\" \/>\n<meta property=\"og:locale\" content=\"en_US\" \/>\n<meta property=\"og:type\" content=\"article\" \/>\n<meta property=\"og:title\" content=\"Valeurs TWAM\" \/>\n<meta property=\"og:url\" content=\"https:\/\/www.travelwithamission.org\/en\/generalites-twam\/valeurs-twam\/\" \/>\n<meta property=\"og:site_name\" content=\"Association TWAM\" \/>\n<meta property=\"article:modified_time\" content=\"2018-08-22T13:22:13+00:00\" \/>\n<meta property=\"og:image\" content=\"https:\/\/www.travelwithamission.org\/wp-content\/uploads\/sites\/3\/2018\/03\/P1090178-3.jpg\" \/>\n\t<meta property=\"og:image:width\" content=\"1280\" \/>\n\t<meta property=\"og:image:height\" content=\"960\" \/>\n\t<meta property=\"og:image:type\" content=\"image\/jpeg\" \/>\n<meta name=\"twitter:card\" content=\"summary_large_image\" \/>\n<meta name=\"twitter:label1\" content=\"Est. reading time\" \/>\n\t<meta name=\"twitter:data1\" content=\"2 minutes\" \/>\n<script type=\"application\/ld+json\" class=\"yoast-schema-graph\">{\"@context\":\"https:\\\/\\\/schema.org\",\"@graph\":[{\"@type\":\"WebPage\",\"@id\":\"https:\\\/\\\/www.travelwithamission.org\\\/en\\\/generalites-twam\\\/valeurs-twam\\\/\",\"url\":\"https:\\\/\\\/www.travelwithamission.org\\\/en\\\/generalites-twam\\\/valeurs-twam\\\/\",\"name\":\"Valeurs TWAM - Association TWAM\",\"isPartOf\":{\"@id\":\"https:\\\/\\\/www.travelwithamission.org\\\/#website\"},\"primaryImageOfPage\":{\"@id\":\"https:\\\/\\\/www.travelwithamission.org\\\/en\\\/generalites-twam\\\/valeurs-twam\\\/#primaryimage\"},\"image\":{\"@id\":\"https:\\\/\\\/www.travelwithamission.org\\\/en\\\/generalites-twam\\\/valeurs-twam\\\/#primaryimage\"},\"thumbnailUrl\":\"https:\\\/\\\/www.travelwithamission.org\\\/wp-content\\\/uploads\\\/sites\\\/3\\\/2018\\\/03\\\/P1090178-3.jpg\",\"datePublished\":\"2018-08-14T19:09:05+00:00\",\"dateModified\":\"2018-08-22T13:22:13+00:00\",\"breadcrumb\":{\"@id\":\"https:\\\/\\\/www.travelwithamission.org\\\/en\\\/generalites-twam\\\/valeurs-twam\\\/#breadcrumb\"},\"inLanguage\":\"en-US\",\"potentialAction\":[{\"@type\":\"ReadAction\",\"target\":[\"https:\\\/\\\/www.travelwithamission.org\\\/en\\\/generalites-twam\\\/valeurs-twam\\\/\"]}]},{\"@type\":\"ImageObject\",\"inLanguage\":\"en-US\",\"@id\":\"https:\\\/\\\/www.travelwithamission.org\\\/en\\\/generalites-twam\\\/valeurs-twam\\\/#primaryimage\",\"url\":\"https:\\\/\\\/www.travelwithamission.org\\\/wp-content\\\/uploads\\\/sites\\\/3\\\/2018\\\/03\\\/P1090178-3.jpg\",\"contentUrl\":\"https:\\\/\\\/www.travelwithamission.org\\\/wp-content\\\/uploads\\\/sites\\\/3\\\/2018\\\/03\\\/P1090178-3.jpg\",\"width\":1280,\"height\":960},{\"@type\":\"BreadcrumbList\",\"@id\":\"https:\\\/\\\/www.travelwithamission.org\\\/en\\\/generalites-twam\\\/valeurs-twam\\\/#breadcrumb\",\"itemListElement\":[{\"@type\":\"ListItem\",\"position\":1,\"name\":\"Home\",\"item\":\"https:\\\/\\\/www.travelwithamission.org\\\/\"},{\"@type\":\"ListItem\",\"position\":2,\"name\":\"A propos de TWAM\",\"item\":\"https:\\\/\\\/www.travelwithamission.org\\\/generalites-twam\\\/\"},{\"@type\":\"ListItem\",\"position\":3,\"name\":\"Valeurs TWAM\"}]},{\"@type\":\"WebSite\",\"@id\":\"https:\\\/\\\/www.travelwithamission.org\\\/#website\",\"url\":\"https:\\\/\\\/www.travelwithamission.org\\\/\",\"name\":\"Association TWAM\",\"description\":\"Construire un monde meilleure, ensemble !\",\"potentialAction\":[{\"@type\":\"SearchAction\",\"target\":{\"@type\":\"EntryPoint\",\"urlTemplate\":\"https:\\\/\\\/www.travelwithamission.org\\\/?s={search_term_string}\"},\"query-input\":{\"@type\":\"PropertyValueSpecification\",\"valueRequired\":true,\"valueName\":\"search_term_string\"}}],\"inLanguage\":\"en-US\"}]}<\/script>\n<!-- \/ Yoast SEO Premium plugin. -->","yoast_head_json":{"title":"Valeurs TWAM - Association TWAM","robots":{"index":"index","follow":"follow","max-snippet":"max-snippet:-1","max-image-preview":"max-image-preview:large","max-video-preview":"max-video-preview:-1"},"canonical":"https:\/\/www.travelwithamission.org\/en\/generalites-twam\/valeurs-twam\/","og_locale":"en_US","og_type":"article","og_title":"Valeurs TWAM","og_url":"https:\/\/www.travelwithamission.org\/en\/generalites-twam\/valeurs-twam\/","og_site_name":"Association TWAM","article_modified_time":"2018-08-22T13:22:13+00:00","og_image":[{"width":1280,"height":960,"url":"https:\/\/www.travelwithamission.org\/wp-content\/uploads\/sites\/3\/2018\/03\/P1090178-3.jpg","type":"image\/jpeg"}],"twitter_card":"summary_large_image","twitter_misc":{"Est. reading time":"2 minutes"},"schema":{"@context":"https:\/\/schema.org","@graph":[{"@type":"WebPage","@id":"https:\/\/www.travelwithamission.org\/en\/generalites-twam\/valeurs-twam\/","url":"https:\/\/www.travelwithamission.org\/en\/generalites-twam\/valeurs-twam\/","name":"Valeurs TWAM - Association TWAM","isPartOf":{"@id":"https:\/\/www.travelwithamission.org\/#website"},"primaryImageOfPage":{"@id":"https:\/\/www.travelwithamission.org\/en\/generalites-twam\/valeurs-twam\/#primaryimage"},"image":{"@id":"https:\/\/www.travelwithamission.org\/en\/generalites-twam\/valeurs-twam\/#primaryimage"},"thumbnailUrl":"https:\/\/www.travelwithamission.org\/wp-content\/uploads\/sites\/3\/2018\/03\/P1090178-3.jpg","datePublished":"2018-08-14T19:09:05+00:00","dateModified":"2018-08-22T13:22:13+00:00","breadcrumb":{"@id":"https:\/\/www.travelwithamission.org\/en\/generalites-twam\/valeurs-twam\/#breadcrumb"},"inLanguage":"en-US","potentialAction":[{"@type":"ReadAction","target":["https:\/\/www.travelwithamission.org\/en\/generalites-twam\/valeurs-twam\/"]}]},{"@type":"ImageObject","inLanguage":"en-US","@id":"https:\/\/www.travelwithamission.org\/en\/generalites-twam\/valeurs-twam\/#primaryimage","url":"https:\/\/www.travelwithamission.org\/wp-content\/uploads\/sites\/3\/2018\/03\/P1090178-3.jpg","contentUrl":"https:\/\/www.travelwithamission.org\/wp-content\/uploads\/sites\/3\/2018\/03\/P1090178-3.jpg","width":1280,"height":960},{"@type":"BreadcrumbList","@id":"https:\/\/www.travelwithamission.org\/en\/generalites-twam\/valeurs-twam\/#breadcrumb","itemListElement":[{"@type":"ListItem","position":1,"name":"Home","item":"https:\/\/www.travelwithamission.org\/"},{"@type":"ListItem","position":2,"name":"A propos de TWAM","item":"https:\/\/www.travelwithamission.org\/generalites-twam\/"},{"@type":"ListItem","position":3,"name":"Valeurs TWAM"}]},{"@type":"WebSite","@id":"https:\/\/www.travelwithamission.org\/#website","url":"https:\/\/www.travelwithamission.org\/","name":"Association TWAM","description":"Construire un monde meilleure, ensemble !","potentialAction":[{"@type":"SearchAction","target":{"@type":"EntryPoint","urlTemplate":"https:\/\/www.travelwithamission.org\/?s={search_term_string}"},"query-input":{"@type":"PropertyValueSpecification","valueRequired":true,"valueName":"search_term_string"}}],"inLanguage":"en-US"}]}},"_links":{"self":[{"href":"https:\/\/www.travelwithamission.org\/en\/wp-json\/wp\/v2\/pages\/6876","targetHints":{"allow":["GET"]}}],"collection":[{"href":"https:\/\/www.travelwithamission.org\/en\/wp-json\/wp\/v2\/pages"}],"about":[{"href":"https:\/\/www.travelwithamission.org\/en\/wp-json\/wp\/v2\/types\/page"}],"author":[{"embeddable":true,"href":"https:\/\/www.travelwithamission.org\/en\/wp-json\/wp\/v2\/users\/1"}],"replies":[{"embeddable":true,"href":"https:\/\/www.travelwithamission.org\/en\/wp-json\/wp\/v2\/comments?post=6876"}],"version-history":[{"count":2,"href":"https:\/\/www.travelwithamission.org\/en\/wp-json\/wp\/v2\/pages\/6876\/revisions"}],"predecessor-version":[{"id":6878,"href":"https:\/\/www.travelwithamission.org\/en\/wp-json\/wp\/v2\/pages\/6876\/revisions\/6878"}],"up":[{"embeddable":true,"href":"https:\/\/www.travelwithamission.org\/en\/wp-json\/wp\/v2\/pages\/6699"}],"wp:featuredmedia":[{"embeddable":true,"href":"https:\/\/www.travelwithamission.org\/en\/wp-json\/wp\/v2\/media\/6366"}],"wp:attachment":[{"href":"https:\/\/www.travelwithamission.org\/en\/wp-json\/wp\/v2\/media?parent=6876"}],"curies":[{"name":"wp","href":"https:\/\/api.w.org\/{rel}","templated":true}]}}