{"id":6731,"date":"2018-08-14T16:07:24","date_gmt":"2018-08-14T14:07:24","guid":{"rendered":"https:\/\/www.travelwithamission.org\/?page_id=6731"},"modified":"2018-08-23T09:52:34","modified_gmt":"2018-08-23T07:52:34","slug":"le-siege-twam","status":"publish","type":"page","link":"https:\/\/www.travelwithamission.org\/en\/le-siege-twam\/","title":{"rendered":"Le si\u00e8ge TWAM"},"content":{"rendered":"<style type=\"text\/css\"> \n#cmsmasters_row_69f66f1caa4a80_67670680 { \n\tbackground-color:#ffffff;\n\tbackground-image: url(https:\/\/www.travelwithamission.org\/wp-content\/uploads\/sites\/3\/2018\/08\/IMG_9044.jpg); \n\tbackground-position: top center; \n\tbackground-repeat: no-repeat; \n\tbackground-attachment: scroll; \n\tbackground-size: cover; \n} \n\n#cmsmasters_row_69f66f1caa4a80_67670680 .cmsmasters_row_outer_parent { \n\tpadding-top: 330px; \n} \n\n#cmsmasters_row_69f66f1caa4a80_67670680 .cmsmasters_row_outer_parent { \n\tpadding-bottom: 330px; \n} \n\n \n#cmsmasters_heading_69f66f1cab1283_60340532 { \n\ttext-align:center; \n\tmargin-top:0px; \n\tmargin-bottom:0px; \n} \n\n#cmsmasters_heading_69f66f1cab1283_60340532 .cmsmasters_heading { \n\ttext-align:center; \n\tbackground-color:#0f0f0f;\n\tpadding-left:1em; \n\tpadding-right:1em; \n} \n\n#cmsmasters_heading_69f66f1cab1283_60340532 .cmsmasters_heading, #cmsmasters_heading_69f66f1cab1283_60340532 .cmsmasters_heading a { \n\tfont-size:70px; \n\tline-height:100px; \n\tfont-weight:300; \n\tfont-style:normal; \n\tcolor:#f7f7f7;\n} \n\n#cmsmasters_heading_69f66f1cab1283_60340532 .cmsmasters_heading_divider { \n} \n\n@media (max-width: 767px) {\n\n#cmsmasters_heading_69f66f1cab1283_60340532 .cmsmasters_heading, #cmsmasters_heading_69f66f1cab1283_60340532 .cmsmasters_heading a { \n\tfont-size:52px; \n} \n\n} \n\n \n#cmsmasters_row_69f66f1cab1a37_21527262 .cmsmasters_row_outer_parent { \n\tpadding-top: 30px; \n} \n\n#cmsmasters_row_69f66f1cab1a37_21527262 .cmsmasters_row_outer_parent { \n\tpadding-bottom: 30px; \n} \n\n \n#cmsmasters_row_69f66f1cab3635_77816507 { \n\tbackground-color:#ffffff;\n} \n\n#cmsmasters_row_69f66f1cab3635_77816507 .cmsmasters_row_outer_parent { \n\tpadding-top: 0px; \n} \n\n#cmsmasters_row_69f66f1cab3635_77816507 .cmsmasters_row_outer_parent { \n\tpadding-bottom: 10px; \n} \n\n \n#cmsmasters_divider_69f66f1cab4af0_92512700 { \n\tborder-bottom-width:0px; \n\tborder-bottom-style:solid; \n\tpadding-top:20px; \n\tmargin-bottom:0px; \n} \n\n\t\t\t#cmsmasters_gallery_69f66f1cab7a5 .cmsmasters_gallery {\n\t\t\t\tmargin:0 0 0 -10px;\n\t\t\t}\n\t\t\t\n\t\t\t#cmsmasters_gallery_69f66f1cab7a5 .cmsmasters_gallery .cmsmasters_gallery_item {\n\t\t\t\tpadding:0 0 10px 10px;\n\t\t\t}\n\t\t \n#cmsmasters_row_69f66f1cac5934_77428592 .cmsmasters_row_outer_parent { \n\tpadding-top: 20px; \n} \n\n#cmsmasters_row_69f66f1cac5934_77428592 .cmsmasters_row_outer_parent { \n\tpadding-bottom: 50px; \n} \n\n<\/style><div id=\"cmsmasters_row_69f66f1caa4a80_67670680\" class=\"cmsmasters_row cmsmasters_color_scheme_default cmsmasters_row_top_default cmsmasters_row_bot_default cmsmasters_row_boxed\">\n<div class=\"cmsmasters_row_outer_parent\">\n<div class=\"cmsmasters_row_outer\">\n<div class=\"cmsmasters_row_inner\">\n<div class=\"cmsmasters_row_margin\">\n<div class=\"cmsmasters_column one_first\">\n\n<div id=\"cmsmasters_heading_69f66f1cab1283_60340532\" class=\"cmsmasters_heading_wrap cmsmasters_heading_align_center\">\n\t<h1 class=\"cmsmasters_heading\">Le si\u00e8ge TWAM<\/h1>\n<\/div>\n<\/div>\n<\/div>\n<\/div>\n<\/div>\n<\/div>\n<\/div>\n<div id=\"cmsmasters_row_69f66f1cab1a37_21527262\" class=\"cmsmasters_row cmsmasters_color_scheme_default cmsmasters_row_top_default cmsmasters_row_bot_default cmsmasters_row_boxed\">\n<div class=\"cmsmasters_row_outer_parent\">\n<div class=\"cmsmasters_row_outer\">\n<div class=\"cmsmasters_row_inner\">\n<div class=\"cmsmasters_row_margin\">\n<div class=\"cmsmasters_column one_first\">\n<div class=\"cmsmasters_text\">\n<h4 style=\"text-align: center;\"><em>Le si\u00e8ge de l&rsquo;organisation Travel With A Mission (TWAM) est bas\u00e9 \u00e0 Eze, dans les Alpes-Maritimes en France, \u00e0 une dizaine de kilom\u00e8tres de Nice.<br \/>\n<\/em><\/h4>\n<\/div>\n<\/div>\n<\/div>\n<\/div>\n<\/div>\n<\/div>\n<\/div>\n<div id=\"cmsmasters_row_69f66f1cab3635_77816507\" class=\"cmsmasters_row cmsmasters_color_scheme_default cmsmasters_row_top_default cmsmasters_row_bot_default cmsmasters_row_boxed\">\n<div class=\"cmsmasters_row_outer_parent\">\n<div class=\"cmsmasters_row_outer\">\n<div class=\"cmsmasters_row_inner\">\n<div class=\"cmsmasters_row_margin\">\n<div class=\"cmsmasters_column one_half\">\n\n<div id=\"cmsmasters_divider_69f66f1cab4af0_92512700\" class=\"cl\"><\/div>\n<div class=\"cmsmasters_text\">\n<div class=\"cmsmasters_dropcap type1\">L&rsquo;<\/div>\u00e9quipe TWAM au si\u00e8ge se structure autour d\u2019une direction g\u00e9n\u00e9rale et de 11 d\u00e9partements, chacun disposant de divisions :<\/p>\n<p>1.\u00a0\u00a0 \u00a0<strong>Communication<\/strong>, en charge de faire conna\u00eetre TWAM au plus grand nombre,<br \/>\n2.\u00a0\u00a0 \u00a0<strong>Marketing\/Lev\u00e9e de fonds<\/strong>, en charge notamment de la recherche de partenaires,<br \/>\n3.\u00a0\u00a0 \u00a0<strong>D\u00e9veloppement<\/strong>, en charge de mettre en place des actions favorisant l\u2019augmentation du nombre d\u2019utilisateurs pour la plateforme (via notamment la gestion du r\u00e9seau d\u2019ambassadeurs et de responsables locaux),<br \/>\n4.\u00a0\u00a0 \u00a0<strong>Technique<\/strong>, en charge de la construction et du maintien technique du site,<br \/>\n5.\u00a0\u00a0 \u00a0<strong>Administration<\/strong>, en charge du secr\u00e9tariat, de la comptabilit\u00e9 et du juridique,<br \/>\n6.\u00a0\u00a0 \u00a0<strong>Ressources Humaines<\/strong>, en charge de la gestion des ressources humaines,<br \/>\n7.\u00a0\u00a0\u00a0\u00a0<strong>TWAM Events<\/strong>, en charge de l\u2019organisation d\u2019\u00e9v\u00e9nements TWAM,<br \/>\n8. \u00a0\u00a0\u00a0<strong>TWAM Volunteering<\/strong>, en charge du programme TWAM Volunteering,<br \/>\n9.\u00a0\u00a0 \u00a0<strong>TWAM Support<\/strong>, en charge du programme TWAM Support,<br \/>\n10.\u00a0\u00a0<strong>TWAM Trips<\/strong>, en charge du programme TWAM Trips,<br \/>\n11.\u00a0\u00a0<strong>TWAM Tours<\/strong>, en charge du programme TWAM Tours<\/p>\n<p>L\u2019\u00e9quipe TWAM est compos\u00e9e d\u2019experts et de volontaires bas\u00e9s \u00e0 travers le monde. Portrait ci-dessous d\u2019une \u00e9quipe dynamique (non exhaustive).<\/p>\n<\/div>\n<\/div>\n<div class=\"cmsmasters_column one_half\">\n<div id=\"cmsmasters_gallery_69f66f1cab7a5\" class=\"cmsmasters_gallery_wrap\"><ul class=\"cmsmasters_gallery cmsmasters_1 cmsmasters_more_items_loader\"><li class=\"cmsmasters_gallery_item\"><figure><a href=\"https:\/\/www.travelwithamission.org\/wp-content\/uploads\/sites\/3\/2018\/08\/HD-Team.jpg\" rel=\"ilightbox[69f66f1cab7a5]\"><img loading=\"lazy\" decoding=\"async\" width=\"580\" height=\"386\" src=\"https:\/\/www.travelwithamission.org\/wp-content\/uploads\/sites\/3\/2018\/08\/HD-Team-580x386.jpg\" class=\"attachment-cmsmasters-blog-masonry-thumb size-cmsmasters-blog-masonry-thumb\" alt=\"\" \/><\/a><\/figure><\/li><\/ul><script type=\"text\/javascript\">\n\t\t\tjQuery(document).ready(function () {\n\t\t\t\t(function ($) {\n\t\t\t\t\tif ($('#cmsmasters_gallery_69f66f1cab7a5').find('.cmsmasters_gallery_item').length == '0') {\n\t\t\t\t\t\treturn false;\n\t\t\t\t\t}\n\t\t\t\t\t\n\t\t\t\t\t\n\t\t\t\t\tstartGallery( \n\t\t\t\t\t\t'69f66f1cab7a5', \n\t\t\t\t\t\t'grid', \n\t\t\t\t\t\t'false', \n\t\t\t\t\t\t'false' \n\t\t\t\t\t);\n\t\t\t\t} )(jQuery);\n\t\t\t} );\n\t\t<\/script>\n\t\t<\/div>\n<\/div>\n<\/div>\n<\/div>\n<\/div>\n<\/div>\n<\/div>\n<div id=\"cmsmasters_row_69f66f1cac5934_77428592\" class=\"cmsmasters_row cmsmasters_color_scheme_default cmsmasters_row_top_default cmsmasters_row_bot_default cmsmasters_row_boxed\">\n<div class=\"cmsmasters_row_outer_parent\">\n<div class=\"cmsmasters_row_outer\">\n<div class=\"cmsmasters_row_inner\">\n<div class=\"cmsmasters_row_margin\">\n<div class=\"cmsmasters_column one_first\">\n<div id=\"69f66f1cac8022_26101187\" class=\"cmsmasters_profile horizontal\">\n\n<!-- Start Horizontal Profile -->\n\n<article id=\"post-226\" class=\"cmsmasters_profile_horizontal one_fourth post-226 profile type-profile status-publish has-post-thumbnail hentry pl-categs-stafftwam\">\n\t<div class=\"profile_outer\">\n\t<figure class=\"cmsmasters_img_wrap\"><a href=\"https:\/\/www.travelwithamission.org\/en\/profile\/gillesmaldan\/\" title=\"Gilles Maldan\" class=\"cmsmasters_img_link\"><\/a><img loading=\"lazy\" decoding=\"async\" width=\"300\" height=\"300\" src=\"https:\/\/www.travelwithamission.org\/wp-content\/uploads\/sites\/3\/2016\/04\/gilles-maldan-e1535009541899-300x300.jpg\" class=\" wp-post-image\" alt=\"Gilles Maldan\" title=\"Gilles Maldan\" srcset=\"https:\/\/www.travelwithamission.org\/wp-content\/uploads\/sites\/3\/2016\/04\/gilles-maldan-e1535009541899-300x300.jpg 300w, https:\/\/www.travelwithamission.org\/wp-content\/uploads\/sites\/3\/2016\/04\/gilles-maldan-e1535009541899-150x150.jpg 150w, https:\/\/www.travelwithamission.org\/wp-content\/uploads\/sites\/3\/2016\/04\/gilles-maldan-e1535009541899-100x100.jpg 100w\" sizes=\"auto, (max-width: 300px) 100vw, 300px\" \/><\/figure><div class=\"profile_inner\"><header class=\"cmsmasters_profile_header entry-header\"><h5 class=\"cmsmasters_profile_title entry-title\"><a href=\"https:\/\/www.travelwithamission.org\/en\/profile\/gillesmaldan\/\">Gilles Maldan<\/a><\/h5><h5 class=\"cmsmasters_profile_subtitle\">Co-directeur TWAM Suisse<\/h5><\/header><\/div>\t<\/div>\n<\/article>\n<!-- Finish Horizontal Profile -->\n\n\n<!-- Start Horizontal Profile -->\n\n<article id=\"post-4179\" class=\"cmsmasters_profile_horizontal one_fourth post-4179 profile type-profile status-publish has-post-thumbnail hentry pl-categs-stafftwam\">\n\t<div class=\"profile_outer\">\n\t<figure class=\"cmsmasters_img_wrap\"><a href=\"https:\/\/www.travelwithamission.org\/en\/profile\/lily-collins\/\" title=\"J\u00e9r\u00e9mie B\u00e9clair\" class=\"cmsmasters_img_link\"><\/a><img loading=\"lazy\" decoding=\"async\" width=\"300\" height=\"300\" src=\"https:\/\/www.travelwithamission.org\/wp-content\/uploads\/sites\/3\/2018\/08\/jeremie2-300x300.jpg\" class=\" wp-post-image\" alt=\"J\u00e9r\u00e9mie B\u00e9clair\" title=\"J\u00e9r\u00e9mie B\u00e9clair\" srcset=\"https:\/\/www.travelwithamission.org\/wp-content\/uploads\/sites\/3\/2018\/08\/jeremie2-300x300.jpg 300w, https:\/\/www.travelwithamission.org\/wp-content\/uploads\/sites\/3\/2018\/08\/jeremie2-150x150.jpg 150w, https:\/\/www.travelwithamission.org\/wp-content\/uploads\/sites\/3\/2018\/08\/jeremie2-100x100.jpg 100w, https:\/\/www.travelwithamission.org\/wp-content\/uploads\/sites\/3\/2018\/08\/jeremie2-580x580.jpg 580w, https:\/\/www.travelwithamission.org\/wp-content\/uploads\/sites\/3\/2018\/08\/jeremie2.jpg 726w\" sizes=\"auto, (max-width: 300px) 100vw, 300px\" \/><\/figure><div class=\"profile_inner\"><header class=\"cmsmasters_profile_header entry-header\"><h5 class=\"cmsmasters_profile_title entry-title\"><a href=\"https:\/\/www.travelwithamission.org\/en\/profile\/lily-collins\/\">J\u00e9r\u00e9mie B\u00e9clair<\/a><\/h5><h5 class=\"cmsmasters_profile_subtitle\">Responsable \u00e9v\u00e9nementiel<\/h5><\/header><\/div>\t<\/div>\n<\/article>\n<!-- Finish Horizontal Profile -->\n\n\n<!-- Start Horizontal Profile -->\n\n<article id=\"post-4688\" class=\"cmsmasters_profile_horizontal one_fourth post-4688 profile type-profile status-publish has-post-thumbnail hentry pl-categs-stafftwam\">\n\t<div class=\"profile_outer\">\n\t<figure class=\"cmsmasters_img_wrap\"><a href=\"https:\/\/www.travelwithamission.org\/en\/profile\/ludovichubler\/\" title=\"Ludovic Hubler\" class=\"cmsmasters_img_link\"><\/a><img loading=\"lazy\" decoding=\"async\" width=\"300\" height=\"300\" src=\"https:\/\/www.travelwithamission.org\/wp-content\/uploads\/sites\/3\/2018\/08\/Ludovic-Hubler-300x300.jpg\" class=\" wp-post-image\" alt=\"Ludovic Hubler\" title=\"Ludovic Hubler\" srcset=\"https:\/\/www.travelwithamission.org\/wp-content\/uploads\/sites\/3\/2018\/08\/Ludovic-Hubler-300x300.jpg 300w, https:\/\/www.travelwithamission.org\/wp-content\/uploads\/sites\/3\/2018\/08\/Ludovic-Hubler-150x150.jpg 150w, https:\/\/www.travelwithamission.org\/wp-content\/uploads\/sites\/3\/2018\/08\/Ludovic-Hubler-100x100.jpg 100w\" sizes=\"auto, (max-width: 300px) 100vw, 300px\" \/><\/figure><div class=\"profile_inner\"><header class=\"cmsmasters_profile_header entry-header\"><h5 class=\"cmsmasters_profile_title entry-title\"><a href=\"https:\/\/www.travelwithamission.org\/en\/profile\/ludovichubler\/\">Ludovic Hubler<\/a><\/h5><h5 class=\"cmsmasters_profile_subtitle\">Directeur G\u00e9n\u00e9ral<\/h5><\/header><\/div>\t<\/div>\n<\/article>\n<!-- Finish Horizontal Profile -->\n\n<\/div>\n<\/div>\n<\/div>\n<\/div>\n<\/div>\n<\/div>\n<\/div>\n\n","protected":false},"excerpt":{"rendered":"","protected":false},"author":1,"featured_media":0,"parent":0,"menu_order":0,"comment_status":"closed","ping_status":"closed","template":"","meta":{"footnotes":""},"class_list":["post-6731","page","type-page","status-publish","hentry"],"yoast_head":"<!-- This site is optimized with the Yoast SEO Premium plugin v20.12 (Yoast SEO v27.5) - https:\/\/yoast.com\/product\/yoast-seo-premium-wordpress\/ -->\n<title>Le si\u00e8ge TWAM - Association TWAM<\/title>\n<meta name=\"robots\" content=\"index, follow, max-snippet:-1, max-image-preview:large, max-video-preview:-1\" \/>\n<link rel=\"canonical\" href=\"https:\/\/www.travelwithamission.org\/en\/le-siege-twam\/\" \/>\n<meta property=\"og:locale\" content=\"en_US\" \/>\n<meta property=\"og:type\" content=\"article\" \/>\n<meta property=\"og:title\" content=\"Le si\u00e8ge TWAM\" \/>\n<meta property=\"og:url\" content=\"https:\/\/www.travelwithamission.org\/en\/le-siege-twam\/\" \/>\n<meta property=\"og:site_name\" content=\"Association TWAM\" \/>\n<meta property=\"article:modified_time\" content=\"2018-08-23T07:52:34+00:00\" \/>\n<meta name=\"twitter:card\" content=\"summary_large_image\" \/>\n<meta name=\"twitter:label1\" content=\"Est. reading time\" \/>\n\t<meta name=\"twitter:data1\" content=\"2 minutes\" \/>\n<script type=\"application\/ld+json\" class=\"yoast-schema-graph\">{\"@context\":\"https:\\\/\\\/schema.org\",\"@graph\":[{\"@type\":\"WebPage\",\"@id\":\"https:\\\/\\\/www.travelwithamission.org\\\/le-siege-twam\\\/\",\"url\":\"https:\\\/\\\/www.travelwithamission.org\\\/le-siege-twam\\\/\",\"name\":\"Le si\u00e8ge TWAM - Association TWAM\",\"isPartOf\":{\"@id\":\"https:\\\/\\\/www.travelwithamission.org\\\/#website\"},\"datePublished\":\"2018-08-14T14:07:24+00:00\",\"dateModified\":\"2018-08-23T07:52:34+00:00\",\"breadcrumb\":{\"@id\":\"https:\\\/\\\/www.travelwithamission.org\\\/le-siege-twam\\\/#breadcrumb\"},\"inLanguage\":\"en-US\",\"potentialAction\":[{\"@type\":\"ReadAction\",\"target\":[\"https:\\\/\\\/www.travelwithamission.org\\\/le-siege-twam\\\/\"]}]},{\"@type\":\"BreadcrumbList\",\"@id\":\"https:\\\/\\\/www.travelwithamission.org\\\/le-siege-twam\\\/#breadcrumb\",\"itemListElement\":[{\"@type\":\"ListItem\",\"position\":1,\"name\":\"Home\",\"item\":\"https:\\\/\\\/www.travelwithamission.org\\\/\"},{\"@type\":\"ListItem\",\"position\":2,\"name\":\"Le si\u00e8ge TWAM\"}]},{\"@type\":\"WebSite\",\"@id\":\"https:\\\/\\\/www.travelwithamission.org\\\/#website\",\"url\":\"https:\\\/\\\/www.travelwithamission.org\\\/\",\"name\":\"Association TWAM\",\"description\":\"Construire un monde meilleure, ensemble !\",\"potentialAction\":[{\"@type\":\"SearchAction\",\"target\":{\"@type\":\"EntryPoint\",\"urlTemplate\":\"https:\\\/\\\/www.travelwithamission.org\\\/?s={search_term_string}\"},\"query-input\":{\"@type\":\"PropertyValueSpecification\",\"valueRequired\":true,\"valueName\":\"search_term_string\"}}],\"inLanguage\":\"en-US\"}]}<\/script>\n<!-- \/ Yoast SEO Premium plugin. -->","yoast_head_json":{"title":"Le si\u00e8ge TWAM - Association TWAM","robots":{"index":"index","follow":"follow","max-snippet":"max-snippet:-1","max-image-preview":"max-image-preview:large","max-video-preview":"max-video-preview:-1"},"canonical":"https:\/\/www.travelwithamission.org\/en\/le-siege-twam\/","og_locale":"en_US","og_type":"article","og_title":"Le si\u00e8ge TWAM","og_url":"https:\/\/www.travelwithamission.org\/en\/le-siege-twam\/","og_site_name":"Association TWAM","article_modified_time":"2018-08-23T07:52:34+00:00","twitter_card":"summary_large_image","twitter_misc":{"Est. reading time":"2 minutes"},"schema":{"@context":"https:\/\/schema.org","@graph":[{"@type":"WebPage","@id":"https:\/\/www.travelwithamission.org\/le-siege-twam\/","url":"https:\/\/www.travelwithamission.org\/le-siege-twam\/","name":"Le si\u00e8ge TWAM - Association TWAM","isPartOf":{"@id":"https:\/\/www.travelwithamission.org\/#website"},"datePublished":"2018-08-14T14:07:24+00:00","dateModified":"2018-08-23T07:52:34+00:00","breadcrumb":{"@id":"https:\/\/www.travelwithamission.org\/le-siege-twam\/#breadcrumb"},"inLanguage":"en-US","potentialAction":[{"@type":"ReadAction","target":["https:\/\/www.travelwithamission.org\/le-siege-twam\/"]}]},{"@type":"BreadcrumbList","@id":"https:\/\/www.travelwithamission.org\/le-siege-twam\/#breadcrumb","itemListElement":[{"@type":"ListItem","position":1,"name":"Home","item":"https:\/\/www.travelwithamission.org\/"},{"@type":"ListItem","position":2,"name":"Le si\u00e8ge TWAM"}]},{"@type":"WebSite","@id":"https:\/\/www.travelwithamission.org\/#website","url":"https:\/\/www.travelwithamission.org\/","name":"Association TWAM","description":"Construire un monde meilleure, ensemble !","potentialAction":[{"@type":"SearchAction","target":{"@type":"EntryPoint","urlTemplate":"https:\/\/www.travelwithamission.org\/?s={search_term_string}"},"query-input":{"@type":"PropertyValueSpecification","valueRequired":true,"valueName":"search_term_string"}}],"inLanguage":"en-US"}]}},"_links":{"self":[{"href":"https:\/\/www.travelwithamission.org\/en\/wp-json\/wp\/v2\/pages\/6731","targetHints":{"allow":["GET"]}}],"collection":[{"href":"https:\/\/www.travelwithamission.org\/en\/wp-json\/wp\/v2\/pages"}],"about":[{"href":"https:\/\/www.travelwithamission.org\/en\/wp-json\/wp\/v2\/types\/page"}],"author":[{"embeddable":true,"href":"https:\/\/www.travelwithamission.org\/en\/wp-json\/wp\/v2\/users\/1"}],"replies":[{"embeddable":true,"href":"https:\/\/www.travelwithamission.org\/en\/wp-json\/wp\/v2\/comments?post=6731"}],"version-history":[{"count":8,"href":"https:\/\/www.travelwithamission.org\/en\/wp-json\/wp\/v2\/pages\/6731\/revisions"}],"predecessor-version":[{"id":7238,"href":"https:\/\/www.travelwithamission.org\/en\/wp-json\/wp\/v2\/pages\/6731\/revisions\/7238"}],"wp:attachment":[{"href":"https:\/\/www.travelwithamission.org\/en\/wp-json\/wp\/v2\/media?parent=6731"}],"curies":[{"name":"wp","href":"https:\/\/api.w.org\/{rel}","templated":true}]}}