{"id":6718,"date":"2018-08-14T00:49:01","date_gmt":"2018-08-13T22:49:01","guid":{"rendered":"https:\/\/www.travelwithamission.org\/?page_id=6718"},"modified":"2018-08-23T10:09:14","modified_gmt":"2018-08-23T08:09:14","slug":"historiquetwam","status":"publish","type":"page","link":"https:\/\/www.travelwithamission.org\/en\/generalites-twam\/historiquetwam\/","title":{"rendered":"Historique TWAM"},"content":{"rendered":"<style type=\"text\/css\"> \n#cmsmasters_row_69e495f77a5f40_35705716 { \n\tbackground-image: url(https:\/\/www.travelwithamission.org\/wp-content\/uploads\/sites\/3\/2018\/08\/PC087835.jpg); \n\tbackground-position: top center; \n\tbackground-repeat: no-repeat; \n\tbackground-attachment: scroll; \n\tbackground-size: cover; \n} \n\n#cmsmasters_row_69e495f77a5f40_35705716 .cmsmasters_row_outer_parent { \n\tpadding-top: 330px; \n} \n\n#cmsmasters_row_69e495f77a5f40_35705716 .cmsmasters_row_outer_parent { \n\tpadding-bottom: 330px; \n} \n\n \n#cmsmasters_heading_69e495f77b45b7_46177009 { \n\ttext-align:center; \n\tmargin-top:0px; \n\tmargin-bottom:0px; \n} \n\n#cmsmasters_heading_69e495f77b45b7_46177009 .cmsmasters_heading { \n\ttext-align:center; \n\tbackground-color:#0f0f0f;\n\tpadding-left:1em; \n\tpadding-right:1em; \n} \n\n#cmsmasters_heading_69e495f77b45b7_46177009 .cmsmasters_heading, #cmsmasters_heading_69e495f77b45b7_46177009 .cmsmasters_heading a { \n\tfont-size:70px; \n\tline-height:80px; \n\tfont-weight:300; \n\tfont-style:normal; \n\tcolor:#f7f7f7;\n} \n\n#cmsmasters_heading_69e495f77b45b7_46177009 .cmsmasters_heading_divider { \n} \n\n@media (max-width: 767px) {\n\n#cmsmasters_heading_69e495f77b45b7_46177009 .cmsmasters_heading, #cmsmasters_heading_69e495f77b45b7_46177009 .cmsmasters_heading a { \n\tfont-size:52px; \n} \n\n} \n\n \n#cmsmasters_row_69e495f77b75d9_70430060 { \n\tbackground-color:#ffffff;\n} \n\n#cmsmasters_row_69e495f77b75d9_70430060 .cmsmasters_row_outer_parent { \n\tpadding-top: 110px; \n} \n\n#cmsmasters_row_69e495f77b75d9_70430060 .cmsmasters_row_outer_parent { \n\tpadding-bottom: 70px; \n} \n\n \n#cmsmasters_row_69e495f77b9bc6_35226754 { \n\tbackground-color:#ffffff;\n} \n\n#cmsmasters_row_69e495f77b9bc6_35226754 .cmsmasters_row_outer_parent { \n\tpadding-top: 0px; \n} \n\n#cmsmasters_row_69e495f77b9bc6_35226754 .cmsmasters_row_outer_parent { \n\tpadding-bottom: 10px; \n} \n\n \n#cmsmasters_divider_69e495f77bbe15_53172382 { \n\tborder-bottom-width:0px; \n\tborder-bottom-style:solid; \n\tpadding-top:20px; \n\tmargin-bottom:0px; \n} \n\n\t\t\t#cmsmasters_gallery_69e495f77c05a .cmsmasters_gallery {\n\t\t\t\tmargin:0 0 0 -10px;\n\t\t\t}\n\t\t\t\n\t\t\t#cmsmasters_gallery_69e495f77c05a .cmsmasters_gallery .cmsmasters_gallery_item {\n\t\t\t\tpadding:0 0 10px 10px;\n\t\t\t}\n\t\t\n\t\t\t#cmsmasters_gallery_69e495f77cf88 .cmsmasters_gallery {\n\t\t\t\tmargin:0 0 0 -10px;\n\t\t\t}\n\t\t\t\n\t\t\t#cmsmasters_gallery_69e495f77cf88 .cmsmasters_gallery .cmsmasters_gallery_item {\n\t\t\t\tpadding:0 0 10px 10px;\n\t\t\t}\n\t\t \n#cmsmasters_row_69e495f77dc5b9_00710112 { \n\tbackground-color:#f2f2f2;\n} \n\n#cmsmasters_row_69e495f77dc5b9_00710112 .cmsmasters_row_outer_parent { \n\tpadding-top: 50px; \n} \n\n#cmsmasters_row_69e495f77dc5b9_00710112 .cmsmasters_row_outer_parent { \n\tpadding-bottom: 50px; \n} \n\n\n#cmsmasters_button_69e495f77de433_55370649 { \n\ttext-align:center; \n} \n\n#cmsmasters_button_69e495f77de433_55370649 .cmsmasters_button:before { \n\tmargin-right:.5em; \n\tmargin-left:0; \n\tvertical-align:baseline; \n} \n\n#cmsmasters_button_69e495f77de433_55370649 .cmsmasters_button { \n\tfont-size:20px; \n\tline-height:20px; \n\tfont-weight:normal; \n\tfont-style:normal; \n\tborder-style:solid; \n\tbackground-color:#999999;\n} \n#cmsmasters_button_69e495f77de433_55370649 .cmsmasters_button:hover { \n} \n<\/style><div id=\"cmsmasters_row_69e495f77a5f40_35705716\" class=\"cmsmasters_row cmsmasters_color_scheme_default cmsmasters_row_top_default cmsmasters_row_bot_default cmsmasters_row_boxed\">\n<div class=\"cmsmasters_row_outer_parent\">\n<div class=\"cmsmasters_row_outer\">\n<div class=\"cmsmasters_row_inner\">\n<div class=\"cmsmasters_row_margin\">\n<div class=\"cmsmasters_column one_first\">\n\n<div id=\"cmsmasters_heading_69e495f77b45b7_46177009\" class=\"cmsmasters_heading_wrap cmsmasters_heading_align_center\">\n\t<h1 class=\"cmsmasters_heading\">HISTORIQUE TWAM<\/h1>\n<\/div>\n<\/div>\n<\/div>\n<\/div>\n<\/div>\n<\/div>\n<\/div>\n<div id=\"cmsmasters_row_69e495f77b75d9_70430060\" class=\"cmsmasters_row cmsmasters_color_scheme_default cmsmasters_row_top_default cmsmasters_row_bot_default cmsmasters_row_boxed\">\n<div class=\"cmsmasters_row_outer_parent\">\n<div class=\"cmsmasters_row_outer\">\n<div class=\"cmsmasters_row_inner\">\n<div class=\"cmsmasters_row_margin\">\n<div class=\"cmsmasters_column one_first\">\n<div class=\"cmsmasters_text\">\n<h4 style=\"text-align: center;\"><strong><em>L\u2019ORIGINE DE L\u2019ORGANISATION TRAVEL WITH A MISSION (TWAM) EST \u00c9TROITEMENT LI\u00c9E \u00c0 UN HOMME AU DESTIN PEU ORDINAIRE :\u00a0LUDOVIC HUBLER ET \u00c0 UNE AVENTURE SINGULI\u00c8RE AUTOUR DU MONDE EN STOP.<\/em><\/strong><\/h4>\n<\/div>\n<\/div>\n<\/div>\n<\/div>\n<\/div>\n<\/div>\n<\/div>\n<div id=\"cmsmasters_row_69e495f77b9bc6_35226754\" class=\"cmsmasters_row cmsmasters_color_scheme_default cmsmasters_row_top_default cmsmasters_row_bot_default cmsmasters_row_boxed\">\n<div class=\"cmsmasters_row_outer_parent\">\n<div class=\"cmsmasters_row_outer\">\n<div class=\"cmsmasters_row_inner\">\n<div class=\"cmsmasters_row_margin\">\n<div class=\"cmsmasters_column one_half\">\n\n<div id=\"cmsmasters_divider_69e495f77bbe15_53172382\" class=\"cl\"><\/div>\n<div class=\"cmsmasters_text\">\n<div class=\"cmsmasters_dropcap type1\">24<\/div> ans\u00a0au moment de l\u2019obtention de son Master, Ludovic Hubler part du principe qu\u2019une d\u00e9couverte des r\u00e9alit\u00e9s du monde est un pr\u00e9ambule n\u00e9cessaire avant de s\u2019ouvrir \u00e0 la vie professionnelle. C\u2019est ainsi qu\u2019il se lance le 1er janvier 2003 dans un \u00ab tour des hommes \u00bb, qu\u2019il aime appeler son \u00ab doctorat de la route \u00bb. Son aventure va durer cinq ann\u00e9es, au cours desquelles il utilisera uniquement le stop sous toutes ses formes pour se d\u00e9placer.<\/p>\n<p>Du \u00ab voilier-stop \u00bb pour traverser notamment les oc\u00e9ans Atlantique et Pacifique au \u00ab brise-glace-stop \u00bb pour se rendre sur le continent Antarctique, en passant par la travers\u00e9e du Sahara, ou de pays comme la Colombie et l\u2019Afghanistan, Ludovic aura test\u00e9 son pouce dans toutes les situations possibles et imaginables. Un p\u00e9riple r\u00e9sum\u00e9 dans un livre \u00ab Le Monde en Stop, 5 ann\u00e9es \u00e0 l\u2019\u00e9cole de la vie \u00bb, Prix Pierre Loti 2010 (<a href=\"http:\/\/www.exploring-beyond.com\" target=\"_blank\" rel=\"noopener\">www.exploring-beyond.com<\/a>,\u00a0<a href=\"http:\/\/www.ludovichubler.com\" target=\"_blank\" rel=\"noopener\">www.ludovichubler.com<\/a>).<\/p>\n<p>Le voyage \u00e9tait son r\u00eave, le partage son moteur. Tout au long de son aventure, Ludovic a partag\u00e9 son aventure via les m\u00e9dias, son site internet, un projet p\u00e9dagogique mais aussi et surtout via plus de 350 conf\u00e9rences dans toutes sortes d\u2019organisations : Associations, \u00e9coles, universit\u00e9s, alliances Fran\u00e7aises, etc.<\/p>\n<p>Organiser ces conf\u00e9rences fut parfois un v\u00e9ritable d\u00e9fi pour Ludovic. Quelle \u00e9cole contacter ? Quel professeur, au sein de telle ou telle \u00e9cole, pourrait \u00eatre int\u00e9ress\u00e9 par sa venue ? Comment pr\u00e9parer au mieux la conf\u00e9rence ? Si certains sites Internet ont pu l\u2019aider, c\u2019est surtout le culot d\u2019aller toquer aux portes des institutions qui lui a permis d\u2019atteindre ses objectifs. Force est de constater qu\u2019il est aujourd\u2019hui compliqu\u00e9, pour un globe-trotter, d\u2019aller s\u2019exprimer dans les \u00e9coles, universit\u00e9s ou autres institutions du monde entier.<\/p>\n<p>L\u2019id\u00e9e de la plateforme Twaming est donc n\u00e9e de la prise de conscience de l\u2019existence de deux mondes, aujourd\u2019hui s\u00e9par\u00e9s, qui n\u2019attendent que de se rapprocher.<\/p>\n<p>D\u2019un c\u00f4t\u00e9, ceux qui seront appel\u00e9s plus tard les Twamhosts, des individus souhaitant recevoir des intervenants ext\u00e9rieurs. Nombre d\u2019entre eux, surtout dans les pays de \u00ab civilisations diff\u00e9rentes \u00bb (Indon\u00e9sie, Chine, Inde, etc.), lui ont fait part de leur souhait de recevoir plus de ce qui seront appel\u00e9s plus tard les Twamers, afin \u00ab d\u2019\u00e9veiller \u00bb leurs \u00e9tudiants ou membres au monde qui les entoure.<\/p>\n<p>De l\u2019autre, une nouvelle g\u00e9n\u00e9ration de voyageurs (locaux ou internationaux), \u00e9duqu\u00e9s, humanistes et conscients du r\u00f4le qu\u2019ils ont \u00e0 jouer pour aider la plan\u00e8te d\u2019une mani\u00e8re ou d\u2019une autre. Au cours de son p\u00e9riple, nombre de jeunes hommes et femmes ont contact\u00e9 Ludovic lui faisant part de leur r\u00eave non seulement de d\u00e9couvrir et mieux comprendre le vaste monde mais aussi et surtout de se rendre utile. La question \u00ab Comment faire ? \u00bb lui est tr\u00e8s souvent revenue\u2026<\/p>\n<p>Construire des ponts entre ces deux mondes qui n\u2019attendent que de se rapprocher via la <a href=\"https:\/\/twaming.travelwithamission.org\">plateforme Twaming<\/a>, tel \u00e9tait donc l&rsquo;objectif de base de TWAM, dont l&rsquo;action va aujourd&rsquo;hui bien plus loin (d\u00e9couvrir <a href=\"https:\/\/www.travelwithamission.org\/generalites-twam\/\">ici<\/a> les actions de TWAM).<\/p>\n<p>&nbsp;<\/p>\n<\/div>\n<\/div>\n<div class=\"cmsmasters_column one_half\">\n<div id=\"cmsmasters_gallery_69e495f77c05a\" class=\"cmsmasters_gallery_wrap\"><ul class=\"cmsmasters_gallery cmsmasters_1 cmsmasters_more_items_loader\"><li class=\"cmsmasters_gallery_item cmsmasters_caption\"><figure><a href=\"https:\/\/www.travelwithamission.org\/wp-content\/uploads\/sites\/3\/2018\/03\/Ludovic-Hubler-1.jpg\" rel=\"ilightbox[69e495f77c05a]\"><img loading=\"lazy\" decoding=\"async\" width=\"580\" height=\"386\" src=\"https:\/\/www.travelwithamission.org\/wp-content\/uploads\/sites\/3\/2018\/03\/Ludovic-Hubler-1-580x386.jpg\" class=\"attachment-cmsmasters-blog-masonry-thumb size-cmsmasters-blog-masonry-thumb\" alt=\"Ludovic-Hubler\" \/><\/a><figcaption>Ludovic Hubler<\/figcaption><\/figure><\/li><\/ul><script type=\"text\/javascript\">\n\t\t\tjQuery(document).ready(function () {\n\t\t\t\t(function ($) {\n\t\t\t\t\tif ($('#cmsmasters_gallery_69e495f77c05a').find('.cmsmasters_gallery_item').length == '0') {\n\t\t\t\t\t\treturn false;\n\t\t\t\t\t}\n\t\t\t\t\t\n\t\t\t\t\t\n\t\t\t\t\tstartGallery( \n\t\t\t\t\t\t'69e495f77c05a', \n\t\t\t\t\t\t'grid', \n\t\t\t\t\t\t'false', \n\t\t\t\t\t\t'false' \n\t\t\t\t\t);\n\t\t\t\t} )(jQuery);\n\t\t\t} );\n\t\t<\/script>\n\t\t<\/div><div id=\"cmsmasters_gallery_69e495f77cf88\" class=\"cmsmasters_gallery_wrap\"><ul class=\"cmsmasters_gallery cmsmasters_1 cmsmasters_more_items_loader\"><li class=\"cmsmasters_gallery_item cmsmasters_caption\"><figure><a href=\"https:\/\/www.travelwithamission.org\/wp-content\/uploads\/sites\/3\/2018\/03\/mondestop.jpg\" rel=\"ilightbox[69e495f77cf88]\"><img loading=\"lazy\" decoding=\"async\" width=\"303\" height=\"480\" src=\"https:\/\/www.travelwithamission.org\/wp-content\/uploads\/sites\/3\/2018\/03\/mondestop.jpg\" class=\"attachment-cmsmasters-full-masonry-thumb size-cmsmasters-full-masonry-thumb\" alt=\"\" srcset=\"https:\/\/www.travelwithamission.org\/wp-content\/uploads\/sites\/3\/2018\/03\/mondestop.jpg 303w, https:\/\/www.travelwithamission.org\/wp-content\/uploads\/sites\/3\/2018\/03\/mondestop-189x300.jpg 189w\" sizes=\"auto, (max-width: 303px) 100vw, 303px\" \/><\/a><figcaption>Le livre r\u00e9sumant le tour du monde en stop et l'origine de TWAM<\/figcaption><\/figure><\/li><\/ul><script type=\"text\/javascript\">\n\t\t\tjQuery(document).ready(function () {\n\t\t\t\t(function ($) {\n\t\t\t\t\tif ($('#cmsmasters_gallery_69e495f77cf88').find('.cmsmasters_gallery_item').length == '0') {\n\t\t\t\t\t\treturn false;\n\t\t\t\t\t}\n\t\t\t\t\t\n\t\t\t\t\t\n\t\t\t\t\tstartGallery( \n\t\t\t\t\t\t'69e495f77cf88', \n\t\t\t\t\t\t'grid', \n\t\t\t\t\t\t'false', \n\t\t\t\t\t\t'false' \n\t\t\t\t\t);\n\t\t\t\t} )(jQuery);\n\t\t\t} );\n\t\t<\/script>\n\t\t<\/div>\n<\/div>\n<\/div>\n<\/div>\n<\/div>\n<\/div>\n<\/div>\n<div id=\"cmsmasters_row_69e495f77dc5b9_00710112\" class=\"cmsmasters_row cmsmasters_color_scheme_default cmsmasters_row_top_default cmsmasters_row_bot_default cmsmasters_row_boxed\">\n<div class=\"cmsmasters_row_outer_parent\">\n<div class=\"cmsmasters_row_outer\">\n<div class=\"cmsmasters_row_inner\">\n<div class=\"cmsmasters_row_margin\">\n<div class=\"cmsmasters_column one_first\">\n\n<div id=\"cmsmasters_button_69e495f77de433_55370649\" class=\"button_wrap\"><a href=\"https:\/\/exploring-beyond.com\/defis\/defi-2009-ecriture-dun-livre\/\" class=\"cmsmasters_button\" target=\"_blank\"><span>Obtenir le livre de Ludovic Hubler <\/span><\/a><\/div>\n<\/div>\n<\/div>\n<\/div>\n<\/div>\n<\/div>\n<\/div>\n\n","protected":false},"excerpt":{"rendered":"","protected":false},"author":1,"featured_media":0,"parent":6699,"menu_order":0,"comment_status":"closed","ping_status":"closed","template":"","meta":{"footnotes":""},"class_list":["post-6718","page","type-page","status-publish","hentry"],"yoast_head":"<!-- This site is optimized with the Yoast SEO Premium plugin v20.12 (Yoast SEO v27.4) - https:\/\/yoast.com\/product\/yoast-seo-premium-wordpress\/ -->\n<title>Historique TWAM - Association TWAM<\/title>\n<meta name=\"robots\" content=\"index, follow, max-snippet:-1, max-image-preview:large, max-video-preview:-1\" \/>\n<link rel=\"canonical\" href=\"https:\/\/www.travelwithamission.org\/en\/generalites-twam\/historiquetwam\/\" \/>\n<meta property=\"og:locale\" content=\"en_US\" \/>\n<meta property=\"og:type\" content=\"article\" \/>\n<meta property=\"og:title\" content=\"Historique TWAM\" \/>\n<meta property=\"og:url\" content=\"https:\/\/www.travelwithamission.org\/en\/generalites-twam\/historiquetwam\/\" \/>\n<meta property=\"og:site_name\" content=\"Association TWAM\" \/>\n<meta property=\"article:modified_time\" content=\"2018-08-23T08:09:14+00:00\" \/>\n<meta name=\"twitter:card\" content=\"summary_large_image\" \/>\n<meta name=\"twitter:label1\" content=\"Est. reading time\" \/>\n\t<meta name=\"twitter:data1\" content=\"5 minutes\" \/>\n<script type=\"application\/ld+json\" class=\"yoast-schema-graph\">{\"@context\":\"https:\\\/\\\/schema.org\",\"@graph\":[{\"@type\":\"WebPage\",\"@id\":\"https:\\\/\\\/www.travelwithamission.org\\\/generalites-twam\\\/historiquetwam\\\/\",\"url\":\"https:\\\/\\\/www.travelwithamission.org\\\/generalites-twam\\\/historiquetwam\\\/\",\"name\":\"Historique TWAM - Association TWAM\",\"isPartOf\":{\"@id\":\"https:\\\/\\\/www.travelwithamission.org\\\/#website\"},\"datePublished\":\"2018-08-13T22:49:01+00:00\",\"dateModified\":\"2018-08-23T08:09:14+00:00\",\"breadcrumb\":{\"@id\":\"https:\\\/\\\/www.travelwithamission.org\\\/generalites-twam\\\/historiquetwam\\\/#breadcrumb\"},\"inLanguage\":\"en-US\",\"potentialAction\":[{\"@type\":\"ReadAction\",\"target\":[\"https:\\\/\\\/www.travelwithamission.org\\\/generalites-twam\\\/historiquetwam\\\/\"]}]},{\"@type\":\"BreadcrumbList\",\"@id\":\"https:\\\/\\\/www.travelwithamission.org\\\/generalites-twam\\\/historiquetwam\\\/#breadcrumb\",\"itemListElement\":[{\"@type\":\"ListItem\",\"position\":1,\"name\":\"Home\",\"item\":\"https:\\\/\\\/www.travelwithamission.org\\\/\"},{\"@type\":\"ListItem\",\"position\":2,\"name\":\"A propos de TWAM\",\"item\":\"https:\\\/\\\/www.travelwithamission.org\\\/generalites-twam\\\/\"},{\"@type\":\"ListItem\",\"position\":3,\"name\":\"Historique TWAM\"}]},{\"@type\":\"WebSite\",\"@id\":\"https:\\\/\\\/www.travelwithamission.org\\\/#website\",\"url\":\"https:\\\/\\\/www.travelwithamission.org\\\/\",\"name\":\"Association TWAM\",\"description\":\"Construire un monde meilleure, ensemble !\",\"potentialAction\":[{\"@type\":\"SearchAction\",\"target\":{\"@type\":\"EntryPoint\",\"urlTemplate\":\"https:\\\/\\\/www.travelwithamission.org\\\/?s={search_term_string}\"},\"query-input\":{\"@type\":\"PropertyValueSpecification\",\"valueRequired\":true,\"valueName\":\"search_term_string\"}}],\"inLanguage\":\"en-US\"}]}<\/script>\n<!-- \/ Yoast SEO Premium plugin. -->","yoast_head_json":{"title":"Historique TWAM - Association TWAM","robots":{"index":"index","follow":"follow","max-snippet":"max-snippet:-1","max-image-preview":"max-image-preview:large","max-video-preview":"max-video-preview:-1"},"canonical":"https:\/\/www.travelwithamission.org\/en\/generalites-twam\/historiquetwam\/","og_locale":"en_US","og_type":"article","og_title":"Historique TWAM","og_url":"https:\/\/www.travelwithamission.org\/en\/generalites-twam\/historiquetwam\/","og_site_name":"Association TWAM","article_modified_time":"2018-08-23T08:09:14+00:00","twitter_card":"summary_large_image","twitter_misc":{"Est. reading time":"5 minutes"},"schema":{"@context":"https:\/\/schema.org","@graph":[{"@type":"WebPage","@id":"https:\/\/www.travelwithamission.org\/generalites-twam\/historiquetwam\/","url":"https:\/\/www.travelwithamission.org\/generalites-twam\/historiquetwam\/","name":"Historique TWAM - Association TWAM","isPartOf":{"@id":"https:\/\/www.travelwithamission.org\/#website"},"datePublished":"2018-08-13T22:49:01+00:00","dateModified":"2018-08-23T08:09:14+00:00","breadcrumb":{"@id":"https:\/\/www.travelwithamission.org\/generalites-twam\/historiquetwam\/#breadcrumb"},"inLanguage":"en-US","potentialAction":[{"@type":"ReadAction","target":["https:\/\/www.travelwithamission.org\/generalites-twam\/historiquetwam\/"]}]},{"@type":"BreadcrumbList","@id":"https:\/\/www.travelwithamission.org\/generalites-twam\/historiquetwam\/#breadcrumb","itemListElement":[{"@type":"ListItem","position":1,"name":"Home","item":"https:\/\/www.travelwithamission.org\/"},{"@type":"ListItem","position":2,"name":"A propos de TWAM","item":"https:\/\/www.travelwithamission.org\/generalites-twam\/"},{"@type":"ListItem","position":3,"name":"Historique TWAM"}]},{"@type":"WebSite","@id":"https:\/\/www.travelwithamission.org\/#website","url":"https:\/\/www.travelwithamission.org\/","name":"Association TWAM","description":"Construire un monde meilleure, ensemble !","potentialAction":[{"@type":"SearchAction","target":{"@type":"EntryPoint","urlTemplate":"https:\/\/www.travelwithamission.org\/?s={search_term_string}"},"query-input":{"@type":"PropertyValueSpecification","valueRequired":true,"valueName":"search_term_string"}}],"inLanguage":"en-US"}]}},"_links":{"self":[{"href":"https:\/\/www.travelwithamission.org\/en\/wp-json\/wp\/v2\/pages\/6718","targetHints":{"allow":["GET"]}}],"collection":[{"href":"https:\/\/www.travelwithamission.org\/en\/wp-json\/wp\/v2\/pages"}],"about":[{"href":"https:\/\/www.travelwithamission.org\/en\/wp-json\/wp\/v2\/types\/page"}],"author":[{"embeddable":true,"href":"https:\/\/www.travelwithamission.org\/en\/wp-json\/wp\/v2\/users\/1"}],"replies":[{"embeddable":true,"href":"https:\/\/www.travelwithamission.org\/en\/wp-json\/wp\/v2\/comments?post=6718"}],"version-history":[{"count":4,"href":"https:\/\/www.travelwithamission.org\/en\/wp-json\/wp\/v2\/pages\/6718\/revisions"}],"predecessor-version":[{"id":7245,"href":"https:\/\/www.travelwithamission.org\/en\/wp-json\/wp\/v2\/pages\/6718\/revisions\/7245"}],"up":[{"embeddable":true,"href":"https:\/\/www.travelwithamission.org\/en\/wp-json\/wp\/v2\/pages\/6699"}],"wp:attachment":[{"href":"https:\/\/www.travelwithamission.org\/en\/wp-json\/wp\/v2\/media?parent=6718"}],"curies":[{"name":"wp","href":"https:\/\/api.w.org\/{rel}","templated":true}]}}