{"id":5896,"date":"2018-03-08T14:15:09","date_gmt":"2018-03-08T13:15:09","guid":{"rendered":"https:\/\/association.travelwithamission.org\/?page_id=5896"},"modified":"2021-09-24T12:11:11","modified_gmt":"2021-09-24T10:11:11","slug":"partenaires_institutionnels","status":"publish","type":"page","link":"https:\/\/www.travelwithamission.org\/en\/partenaires\/partenaires_institutionnels\/","title":{"rendered":"Partenaires institutionnels"},"content":{"rendered":"<style type=\"text\/css\"> \n#cmsmasters_notice_69d5736a5fe677_39325424 { \n\tbackground-color:;\n\tborder-color:#1196dd;\n\tcolor:;\n} \n.cmsmasters_notice:before {\n\n\tcolor:#1196dd;\n}\n\n#cmsmasters_button_69d5736a5ffea9_96195036 { \n\tfloat:right; \n} \n\n#cmsmasters_button_69d5736a5ffea9_96195036 .cmsmasters_button:before { \n\tmargin-right:.5em; \n\tmargin-left:0; \n\tvertical-align:baseline; \n} \n\n#cmsmasters_button_69d5736a5ffea9_96195036 .cmsmasters_button { \n\tfont-weight:normal; \n\tfont-style:normal; \n\tborder-style:solid; \n\tbackground-color:#1196dd;\n} \n#cmsmasters_button_69d5736a5ffea9_96195036 .cmsmasters_button:hover { \n} \n \n#cmsmasters_notice_69d5736a6007a9_98231519 { \n\tbackground-color:;\n\tborder-color:#1196dd;\n\tcolor:;\n} \n.cmsmasters_notice:before {\n\n\tcolor:#1196dd;\n}\n\n#cmsmasters_button_69d5736a60dbe7_47539635 { \n\tfloat:right; \n} \n\n#cmsmasters_button_69d5736a60dbe7_47539635 .cmsmasters_button:before { \n\tmargin-right:.5em; \n\tmargin-left:0; \n\tvertical-align:baseline; \n} \n\n#cmsmasters_button_69d5736a60dbe7_47539635 .cmsmasters_button { \n\tfont-weight:normal; \n\tfont-style:normal; \n\tborder-style:solid; \n\tbackground-color:#1196dd;\n} \n#cmsmasters_button_69d5736a60dbe7_47539635 .cmsmasters_button:hover { \n} \n \n#cmsmasters_notice_69d5736a60e545_24220014 { \n\tbackground-color:;\n\tborder-color:#1196dd;\n\tcolor:;\n} \n.cmsmasters_notice:before {\n\n\tcolor:#1196dd;\n}\n\n#cmsmasters_button_69d5736a61b730_90886853 { \n\tfloat:right; \n} \n\n#cmsmasters_button_69d5736a61b730_90886853 .cmsmasters_button:before { \n\tmargin-right:.5em; \n\tmargin-left:0; \n\tvertical-align:baseline; \n} \n\n#cmsmasters_button_69d5736a61b730_90886853 .cmsmasters_button { \n\tfont-weight:normal; \n\tfont-style:normal; \n\tborder-style:solid; \n\tbackground-color:#1196dd;\n} \n#cmsmasters_button_69d5736a61b730_90886853 .cmsmasters_button:hover { \n} \n \n#cmsmasters_notice_69d5736a61c185_47138311 { \n\tbackground-color:;\n\tborder-color:#1196dd;\n\tcolor:;\n} \n.cmsmasters_notice:before {\n\n\tcolor:#1196dd;\n}\n\n#cmsmasters_button_69d5736a628cc2_92040587 { \n\tfloat:right; \n} \n\n#cmsmasters_button_69d5736a628cc2_92040587 .cmsmasters_button:before { \n\tmargin-right:.5em; \n\tmargin-left:0; \n\tvertical-align:baseline; \n} \n\n#cmsmasters_button_69d5736a628cc2_92040587 .cmsmasters_button { \n\tfont-weight:normal; \n\tfont-style:normal; \n\tborder-style:solid; \n\tbackground-color:#1196dd;\n} \n#cmsmasters_button_69d5736a628cc2_92040587 .cmsmasters_button:hover { \n} \n \n#cmsmasters_notice_69d5736a629603_86532991 { \n\tbackground-color:;\n\tborder-color:#1196dd;\n\tcolor:;\n} \n.cmsmasters_notice:before {\n\n\tcolor:#1196dd;\n}\n\n#cmsmasters_button_69d5736a635381_19379918 { \n\tfloat:right; \n} \n\n#cmsmasters_button_69d5736a635381_19379918 .cmsmasters_button:before { \n\tmargin-right:.5em; \n\tmargin-left:0; \n\tvertical-align:baseline; \n} \n\n#cmsmasters_button_69d5736a635381_19379918 .cmsmasters_button { \n\tfont-weight:normal; \n\tfont-style:normal; \n\tborder-style:solid; \n\tbackground-color:#1196dd;\n} \n#cmsmasters_button_69d5736a635381_19379918 .cmsmasters_button:hover { \n} \n \n#cmsmasters_row_69d5736a636794_72070120 .cmsmasters_row_outer_parent { \n\tpadding-top: 0px; \n} \n\n#cmsmasters_row_69d5736a636794_72070120 .cmsmasters_row_outer_parent { \n\tpadding-bottom: 50px; \n} \n\n<\/style><div id=\"cmsmasters_row_69d5736a5f9727_80574226\" class=\"cmsmasters_row cmsmasters_color_scheme_default cmsmasters_row_top_default cmsmasters_row_bot_default cmsmasters_row_boxed\">\n<div class=\"cmsmasters_row_outer_parent\">\n<div class=\"cmsmasters_row_outer\">\n<div class=\"cmsmasters_row_inner\">\n<div class=\"cmsmasters_row_margin\">\n<div class=\"cmsmasters_column one_first\">\n<div class=\"cmsmasters_text\">\n<h2><strong><span style=\"color: #003366;\">Partenaires institutionnels<\/span><\/strong><\/h2>\n<p><span style=\"color: #003366;\">TWAM remercie ses partenaires institutionnels\u00a0sans qui son travail soci\u00e9tal ne saurait \u00eatre possible.<\/span><\/p>\n<\/div>\n<div id=\"cmsmasters_notice_69d5736a5fe677_39325424\" class=\"cmsmasters_notice cmsmasters_notice_custom\">\n<div class=\"notice_content\">\n<h2><img loading=\"lazy\" decoding=\"async\" class=\"\" src=\"https:\/\/www.travelwithamission.org\/wp-content\/uploads\/sites\/3\/2021\/09\/CHAPKA_LOGO_COULEUR_03.png\" width=\"153\" height=\"153\" \/> CHAPKA ASSURANCES<\/h2>\n<p>N\u00e9 il y a plus de 17 ans d\u2019une volont\u00e9 de rendre l\u2019assurance accessible \u00e0 tous en rendant les contrats compr\u00e9hensibles, en simplifiant la souscription et en facilitant les remboursements, Chapka Assurances est \u00e0 pr\u00e9sent un acteur incontournable de l\u2019assurance voyage. Chapka soutient TWAM via du m\u00e9c\u00e9nat institutionnel.<\/p>\n\n<div id=\"cmsmasters_button_69d5736a5ffea9_96195036\" class=\"button_wrap\"><a href=\"https:\/\/www.chapkadirect.fr\/\" class=\"cmsmasters_button\"><span>En savoir +<\/span><\/a><\/div>\n<p>&nbsp;<\/p>\n<\/div>\n<\/div>\n<div id=\"cmsmasters_notice_69d5736a6007a9_98231519\" class=\"cmsmasters_notice cmsmasters_notice_custom\">\n<div class=\"notice_content\">\n<h2><div class=\"cmsmasters_img  cmsmasters_image_l\">\n<img decoding=\"async\" src=\"https:\/\/www.travelwithamission.org\/wp-content\/uploads\/sites\/3\/2018\/03\/logosnf-150x150.jpeg\" \/>\n<\/div>\nSTAVROS NIARCHOS FOUNDATION<\/h2>\n<p>La Stavros Niarchos Foundation (www.SNF.org) est une organisation philanthropique internationale de premier plan qui effectue des dons dans les domaines de l\u2019art et la culture, l\u2019\u00e9ducation, la sant\u00e9 et le sport, ainsi que l\u2019action sociale. Convaincu par l&rsquo;impact soci\u00e9tal potentiel de TWAM, elle a d\u00e9cid\u00e9 de soutenir notre organisation.<\/p>\n\n<div id=\"cmsmasters_button_69d5736a60dbe7_47539635\" class=\"button_wrap\"><a href=\"https:\/\/www.snf.org\/\" class=\"cmsmasters_button\"><span>En savoir +<\/span><\/a><\/div>\n<p>&nbsp;<\/p>\n<\/div>\n<\/div>\n<div id=\"cmsmasters_notice_69d5736a60e545_24220014\" class=\"cmsmasters_notice cmsmasters_notice_custom\">\n<div class=\"notice_content\">\n<h2><div class=\"cmsmasters_img  cmsmasters_image_l\">\n<img decoding=\"async\" src=\"https:\/\/www.travelwithamission.org\/wp-content\/uploads\/sites\/3\/2018\/03\/amadeus2-150x150.jpg\" \/>\n<\/div>\nAMADEUS<\/h2>\n<p>Dessinons ensemble le futur du voyage. Le slogan d&rsquo;Amadeus correspond parfaitement \u00e0 la philosophie de TWAM et le rapprochement entre les 2 institutions s&rsquo;est donc fait tout naturellement. TWAM et Amadeus collaborent notamment sur l&rsquo;organisation de Team Building solidaires.<\/p>\n\n<div id=\"cmsmasters_button_69d5736a61b730_90886853\" class=\"button_wrap\"><a href=\"http:\/\/www.amadeus.com\/web\/amadeus\/fr_FR-FR\/Page-daccueil-Amadeus-Home\/1259071476599-Page-AMAD_HomePpal\" class=\"cmsmasters_button\"><span>En savoir +<\/span><\/a><\/div>\n<p>&nbsp;<\/p>\n<\/div>\n<\/div>\n<div id=\"cmsmasters_notice_69d5736a61c185_47138311\" class=\"cmsmasters_notice cmsmasters_notice_custom\">\n<div class=\"notice_content\">\n<h2><div class=\"cmsmasters_img  cmsmasters_image_l\">\n<img decoding=\"async\" src=\"https:\/\/www.travelwithamission.org\/wp-content\/uploads\/sites\/3\/2018\/03\/Logofondationpauldubrule-150x150.jpg\" alt=\"Logofondationpauldubrule\" \/>\n<\/div>\nFONDATION PAUL DUBRULE<\/h2>\n<p>M. Dubrule, co-fondateur du groupe ACCOR, est \u00e9galement un grand voyageur. Le projet de TWAM l&rsquo;a tout de suite touch\u00e9, il a souhait\u00e9 y apporter sa contribution.<\/p>\n\n<div id=\"cmsmasters_button_69d5736a628cc2_92040587\" class=\"button_wrap\"><a href=\"https:\/\/fr.wikipedia.org\/wiki\/Paul_Dubrule\" class=\"cmsmasters_button\"><span>En savoir +<\/span><\/a><\/div>\n<p>&nbsp;<\/p>\n<\/div>\n<\/div>\n<div id=\"cmsmasters_notice_69d5736a629603_86532991\" class=\"cmsmasters_notice cmsmasters_notice_custom\">\n<div class=\"notice_content\">\n<h2><div class=\"cmsmasters_img  cmsmasters_image_l\">\n<img decoding=\"async\" src=\"https:\/\/www.travelwithamission.org\/wp-content\/uploads\/sites\/3\/2018\/03\/sbm-150x150.png\" alt=\"sbm offshore\" \/>\n<\/div>\nSBM OFFSHORE<\/h2>\n<p>SBM Offshore a souhait\u00e9 mettre en place des actions avec les salari\u00e9s, visant \u00e0 les impliquer dans des projets d&rsquo;int\u00e9r\u00eat g\u00e9n\u00e9ral. C&rsquo;est pourquoi TWAM et SBM Offshore collaborent notamment sur l&rsquo;organisation de Team Building solidaires.<\/p>\n\n<div id=\"cmsmasters_button_69d5736a635381_19379918\" class=\"button_wrap\"><a href=\"https:\/\/www.sbmoffshore.com\/\" class=\"cmsmasters_button\"><span>En savoir +<\/span><\/a><\/div>\n<p>&nbsp;<\/p>\n<\/div>\n<\/div>\n<\/div>\n<\/div>\n<\/div>\n<\/div>\n<\/div>\n<\/div>\n<div id=\"cmsmasters_row_69d5736a636794_72070120\" class=\"cmsmasters_row cmsmasters_color_scheme_default cmsmasters_row_top_default cmsmasters_row_bot_default cmsmasters_row_boxed\">\n<div class=\"cmsmasters_row_outer_parent\">\n<div class=\"cmsmasters_row_outer\">\n<div class=\"cmsmasters_row_inner\">\n<div class=\"cmsmasters_row_margin\">\n<div class=\"cmsmasters_column one_first\">\n<\/div>\n<\/div>\n<\/div>\n<\/div>\n<\/div>\n<\/div>","protected":false},"excerpt":{"rendered":"","protected":false},"author":1,"featured_media":0,"parent":7157,"menu_order":0,"comment_status":"closed","ping_status":"closed","template":"","meta":{"footnotes":""},"class_list":["post-5896","page","type-page","status-publish","hentry"],"yoast_head":"<!-- This site is optimized with the Yoast SEO Premium plugin v20.12 (Yoast SEO v27.3) - https:\/\/yoast.com\/product\/yoast-seo-premium-wordpress\/ -->\n<title>Partenaires institutionnels - Association TWAM<\/title>\n<meta name=\"robots\" content=\"index, follow, max-snippet:-1, max-image-preview:large, max-video-preview:-1\" \/>\n<link rel=\"canonical\" href=\"https:\/\/www.travelwithamission.org\/en\/partenaires\/partenaires_institutionnels\/\" \/>\n<meta property=\"og:locale\" content=\"en_US\" \/>\n<meta property=\"og:type\" content=\"article\" \/>\n<meta property=\"og:title\" content=\"Partenaires institutionnels\" \/>\n<meta property=\"og:url\" content=\"https:\/\/www.travelwithamission.org\/en\/partenaires\/partenaires_institutionnels\/\" \/>\n<meta property=\"og:site_name\" content=\"Association TWAM\" \/>\n<meta property=\"article:modified_time\" content=\"2021-09-24T10:11:11+00:00\" \/>\n<meta property=\"og:image\" content=\"https:\/\/www.travelwithamission.org\/wp-content\/uploads\/sites\/3\/2021\/09\/CHAPKA_LOGO_COULEUR_03.png\" \/>\n<meta name=\"twitter:card\" content=\"summary_large_image\" \/>\n<meta name=\"twitter:label1\" content=\"Est. reading time\" \/>\n\t<meta name=\"twitter:data1\" content=\"3 minutes\" \/>\n<script type=\"application\/ld+json\" class=\"yoast-schema-graph\">{\"@context\":\"https:\\\/\\\/schema.org\",\"@graph\":[{\"@type\":\"WebPage\",\"@id\":\"https:\\\/\\\/www.travelwithamission.org\\\/partenaires\\\/partenaires_institutionnels\\\/\",\"url\":\"https:\\\/\\\/www.travelwithamission.org\\\/partenaires\\\/partenaires_institutionnels\\\/\",\"name\":\"Partenaires institutionnels - Association TWAM\",\"isPartOf\":{\"@id\":\"https:\\\/\\\/www.travelwithamission.org\\\/#website\"},\"primaryImageOfPage\":{\"@id\":\"https:\\\/\\\/www.travelwithamission.org\\\/partenaires\\\/partenaires_institutionnels\\\/#primaryimage\"},\"image\":{\"@id\":\"https:\\\/\\\/www.travelwithamission.org\\\/partenaires\\\/partenaires_institutionnels\\\/#primaryimage\"},\"thumbnailUrl\":\"https:\\\/\\\/www.travelwithamission.org\\\/wp-content\\\/uploads\\\/sites\\\/3\\\/2021\\\/09\\\/CHAPKA_LOGO_COULEUR_03.png\",\"datePublished\":\"2018-03-08T13:15:09+00:00\",\"dateModified\":\"2021-09-24T10:11:11+00:00\",\"breadcrumb\":{\"@id\":\"https:\\\/\\\/www.travelwithamission.org\\\/partenaires\\\/partenaires_institutionnels\\\/#breadcrumb\"},\"inLanguage\":\"en-US\",\"potentialAction\":[{\"@type\":\"ReadAction\",\"target\":[\"https:\\\/\\\/www.travelwithamission.org\\\/partenaires\\\/partenaires_institutionnels\\\/\"]}]},{\"@type\":\"ImageObject\",\"inLanguage\":\"en-US\",\"@id\":\"https:\\\/\\\/www.travelwithamission.org\\\/partenaires\\\/partenaires_institutionnels\\\/#primaryimage\",\"url\":\"https:\\\/\\\/www.travelwithamission.org\\\/wp-content\\\/uploads\\\/sites\\\/3\\\/2021\\\/09\\\/CHAPKA_LOGO_COULEUR_03.png\",\"contentUrl\":\"https:\\\/\\\/www.travelwithamission.org\\\/wp-content\\\/uploads\\\/sites\\\/3\\\/2021\\\/09\\\/CHAPKA_LOGO_COULEUR_03.png\"},{\"@type\":\"BreadcrumbList\",\"@id\":\"https:\\\/\\\/www.travelwithamission.org\\\/partenaires\\\/partenaires_institutionnels\\\/#breadcrumb\",\"itemListElement\":[{\"@type\":\"ListItem\",\"position\":1,\"name\":\"Home\",\"item\":\"https:\\\/\\\/www.travelwithamission.org\\\/\"},{\"@type\":\"ListItem\",\"position\":2,\"name\":\"Partenaires\",\"item\":\"https:\\\/\\\/www.travelwithamission.org\\\/en\\\/partenaires\\\/\"},{\"@type\":\"ListItem\",\"position\":3,\"name\":\"Partenaires institutionnels\"}]},{\"@type\":\"WebSite\",\"@id\":\"https:\\\/\\\/www.travelwithamission.org\\\/#website\",\"url\":\"https:\\\/\\\/www.travelwithamission.org\\\/\",\"name\":\"Association TWAM\",\"description\":\"Construire un monde meilleure, ensemble !\",\"potentialAction\":[{\"@type\":\"SearchAction\",\"target\":{\"@type\":\"EntryPoint\",\"urlTemplate\":\"https:\\\/\\\/www.travelwithamission.org\\\/?s={search_term_string}\"},\"query-input\":{\"@type\":\"PropertyValueSpecification\",\"valueRequired\":true,\"valueName\":\"search_term_string\"}}],\"inLanguage\":\"en-US\"}]}<\/script>\n<!-- \/ Yoast SEO Premium plugin. -->","yoast_head_json":{"title":"Partenaires institutionnels - Association TWAM","robots":{"index":"index","follow":"follow","max-snippet":"max-snippet:-1","max-image-preview":"max-image-preview:large","max-video-preview":"max-video-preview:-1"},"canonical":"https:\/\/www.travelwithamission.org\/en\/partenaires\/partenaires_institutionnels\/","og_locale":"en_US","og_type":"article","og_title":"Partenaires institutionnels","og_url":"https:\/\/www.travelwithamission.org\/en\/partenaires\/partenaires_institutionnels\/","og_site_name":"Association TWAM","article_modified_time":"2021-09-24T10:11:11+00:00","og_image":[{"url":"https:\/\/www.travelwithamission.org\/wp-content\/uploads\/sites\/3\/2021\/09\/CHAPKA_LOGO_COULEUR_03.png","type":"","width":"","height":""}],"twitter_card":"summary_large_image","twitter_misc":{"Est. reading time":"3 minutes"},"schema":{"@context":"https:\/\/schema.org","@graph":[{"@type":"WebPage","@id":"https:\/\/www.travelwithamission.org\/partenaires\/partenaires_institutionnels\/","url":"https:\/\/www.travelwithamission.org\/partenaires\/partenaires_institutionnels\/","name":"Partenaires institutionnels - Association TWAM","isPartOf":{"@id":"https:\/\/www.travelwithamission.org\/#website"},"primaryImageOfPage":{"@id":"https:\/\/www.travelwithamission.org\/partenaires\/partenaires_institutionnels\/#primaryimage"},"image":{"@id":"https:\/\/www.travelwithamission.org\/partenaires\/partenaires_institutionnels\/#primaryimage"},"thumbnailUrl":"https:\/\/www.travelwithamission.org\/wp-content\/uploads\/sites\/3\/2021\/09\/CHAPKA_LOGO_COULEUR_03.png","datePublished":"2018-03-08T13:15:09+00:00","dateModified":"2021-09-24T10:11:11+00:00","breadcrumb":{"@id":"https:\/\/www.travelwithamission.org\/partenaires\/partenaires_institutionnels\/#breadcrumb"},"inLanguage":"en-US","potentialAction":[{"@type":"ReadAction","target":["https:\/\/www.travelwithamission.org\/partenaires\/partenaires_institutionnels\/"]}]},{"@type":"ImageObject","inLanguage":"en-US","@id":"https:\/\/www.travelwithamission.org\/partenaires\/partenaires_institutionnels\/#primaryimage","url":"https:\/\/www.travelwithamission.org\/wp-content\/uploads\/sites\/3\/2021\/09\/CHAPKA_LOGO_COULEUR_03.png","contentUrl":"https:\/\/www.travelwithamission.org\/wp-content\/uploads\/sites\/3\/2021\/09\/CHAPKA_LOGO_COULEUR_03.png"},{"@type":"BreadcrumbList","@id":"https:\/\/www.travelwithamission.org\/partenaires\/partenaires_institutionnels\/#breadcrumb","itemListElement":[{"@type":"ListItem","position":1,"name":"Home","item":"https:\/\/www.travelwithamission.org\/"},{"@type":"ListItem","position":2,"name":"Partenaires","item":"https:\/\/www.travelwithamission.org\/en\/partenaires\/"},{"@type":"ListItem","position":3,"name":"Partenaires institutionnels"}]},{"@type":"WebSite","@id":"https:\/\/www.travelwithamission.org\/#website","url":"https:\/\/www.travelwithamission.org\/","name":"Association TWAM","description":"Construire un monde meilleure, ensemble !","potentialAction":[{"@type":"SearchAction","target":{"@type":"EntryPoint","urlTemplate":"https:\/\/www.travelwithamission.org\/?s={search_term_string}"},"query-input":{"@type":"PropertyValueSpecification","valueRequired":true,"valueName":"search_term_string"}}],"inLanguage":"en-US"}]}},"_links":{"self":[{"href":"https:\/\/www.travelwithamission.org\/en\/wp-json\/wp\/v2\/pages\/5896","targetHints":{"allow":["GET"]}}],"collection":[{"href":"https:\/\/www.travelwithamission.org\/en\/wp-json\/wp\/v2\/pages"}],"about":[{"href":"https:\/\/www.travelwithamission.org\/en\/wp-json\/wp\/v2\/types\/page"}],"author":[{"embeddable":true,"href":"https:\/\/www.travelwithamission.org\/en\/wp-json\/wp\/v2\/users\/1"}],"replies":[{"embeddable":true,"href":"https:\/\/www.travelwithamission.org\/en\/wp-json\/wp\/v2\/comments?post=5896"}],"version-history":[{"count":8,"href":"https:\/\/www.travelwithamission.org\/en\/wp-json\/wp\/v2\/pages\/5896\/revisions"}],"predecessor-version":[{"id":7543,"href":"https:\/\/www.travelwithamission.org\/en\/wp-json\/wp\/v2\/pages\/5896\/revisions\/7543"}],"up":[{"embeddable":true,"href":"https:\/\/www.travelwithamission.org\/en\/wp-json\/wp\/v2\/pages\/7157"}],"wp:attachment":[{"href":"https:\/\/www.travelwithamission.org\/en\/wp-json\/wp\/v2\/media?parent=5896"}],"curies":[{"name":"wp","href":"https:\/\/api.w.org\/{rel}","templated":true}]}}