{"id":5888,"date":"2018-03-08T13:55:56","date_gmt":"2018-03-08T12:55:56","guid":{"rendered":"https:\/\/association.travelwithamission.org\/?page_id=5888"},"modified":"2018-08-22T15:20:01","modified_gmt":"2018-08-22T13:20:01","slug":"partenaires_medias","status":"publish","type":"page","link":"https:\/\/www.travelwithamission.org\/en\/partenaires\/partenaires_medias\/","title":{"rendered":"Partenaires m\u00e9dias"},"content":{"rendered":"<style type=\"text\/css\"> \n#cmsmasters_notice_69d5589516b9e9_13663451 { \n\tbackground-color:;\n\tborder-color:#1196dd;\n\tcolor:;\n} \n.cmsmasters_notice:before {\n\n\tcolor:#1196dd;\n}\n\n#cmsmasters_button_69d55895177f32_60119728 { \n\tfloat:right; \n} \n\n#cmsmasters_button_69d55895177f32_60119728 .cmsmasters_button:before { \n\tmargin-right:.5em; \n\tmargin-left:0; \n\tvertical-align:baseline; \n} \n\n#cmsmasters_button_69d55895177f32_60119728 .cmsmasters_button { \n\tfont-weight:normal; \n\tfont-style:normal; \n\tborder-style:solid; \n\tbackground-color:#1196dd;\n} \n#cmsmasters_button_69d55895177f32_60119728 .cmsmasters_button:hover { \n} \n \n#cmsmasters_notice_69d55895178917_73378768 { \n\tbackground-color:;\n\tborder-color:#1196dd;\n\tcolor:;\n} \n.cmsmasters_notice:before {\n\n\tcolor:#1196dd;\n}\n\n#cmsmasters_button_69d558951837f1_50122365 { \n\tfloat:right; \n} \n\n#cmsmasters_button_69d558951837f1_50122365 .cmsmasters_button:before { \n\tmargin-right:.5em; \n\tmargin-left:0; \n\tvertical-align:baseline; \n} \n\n#cmsmasters_button_69d558951837f1_50122365 .cmsmasters_button { \n\tfont-weight:normal; \n\tfont-style:normal; \n\tborder-style:solid; \n\tbackground-color:#1196dd;\n} \n#cmsmasters_button_69d558951837f1_50122365 .cmsmasters_button:hover { \n} \n \n#cmsmasters_row_69d55895184280_72760450 .cmsmasters_row_outer_parent { \n\tpadding-top: 0px; \n} \n\n#cmsmasters_row_69d55895184280_72760450 .cmsmasters_row_outer_parent { \n\tpadding-bottom: 50px; \n} \n\n<\/style><div id=\"cmsmasters_row_69d55895166897_33498530\" class=\"cmsmasters_row cmsmasters_color_scheme_default cmsmasters_row_top_default cmsmasters_row_bot_default cmsmasters_row_boxed\">\n<div class=\"cmsmasters_row_outer_parent\">\n<div class=\"cmsmasters_row_outer\">\n<div class=\"cmsmasters_row_inner\">\n<div class=\"cmsmasters_row_margin\">\n<div class=\"cmsmasters_column one_first\">\n<div class=\"cmsmasters_text\">\n<h2><strong><span style=\"color: #003366;\">Partenaires m\u00e9dias<\/span><\/strong><\/h2>\n<p><span style=\"color: #003366;\">TWAM remercie ses partenaires m\u00e9dias\u00a0aidant \u00e0 faire conna\u00eetre les actions de TWAM et notamment le Twaming.<\/span><\/p>\n<\/div>\n<div id=\"cmsmasters_notice_69d5589516b9e9_13663451\" class=\"cmsmasters_notice cmsmasters_notice_custom\">\n<div class=\"notice_content\">\n<h2><div class=\"cmsmasters_img  cmsmasters_image_l\">\n<img decoding=\"async\" src=\"https:\/\/www.travelwithamission.org\/wp-content\/uploads\/sites\/3\/2018\/03\/Qoa-150x150.jpg\" alt=\"Qoa\" \/>\n<\/div>\n QOA<\/h2>\n<p>Le premier magazine utile travaille aux c\u00f4t\u00e9s de TWAM pour promouvoir notamment le Twaming.<\/p>\n\n<div id=\"cmsmasters_button_69d55895177f32_60119728\" class=\"button_wrap\"><a href=\"http:\/\/www.qoa-mag.com\/\" class=\"cmsmasters_button\"><span>En savoir +<\/span><\/a><\/div>\n<p>&nbsp;<\/p>\n<\/div>\n<\/div>\n<div id=\"cmsmasters_notice_69d55895178917_73378768\" class=\"cmsmasters_notice cmsmasters_notice_custom\">\n<div class=\"notice_content\">\n<h2><div class=\"cmsmasters_img  cmsmasters_image_l\">\n<img decoding=\"async\" src=\"https:\/\/www.travelwithamission.org\/wp-content\/uploads\/sites\/3\/2018\/03\/ar-150x150.jpeg\" \/>\n<\/div>\nA\/R<\/h2>\n<p>Le magazine qui donne envie de voyager pr\u00e8s de chez soi comme aux antipodes. Des reportages sensibles o\u00f9 les journalistes en plus de montrer, informer, expliquer relatent aussi leur exp\u00e9rience de voyageur. A\/R cherche aussi \u00e0 favoriser le voyage utile et notamment le Twaming.<\/p>\n\n<div id=\"cmsmasters_button_69d558951837f1_50122365\" class=\"button_wrap\"><a href=\"http:\/\/www.ar-mag.fr\/\" class=\"cmsmasters_button\"><span>En savoir +<\/span><\/a><\/div>\n<p>&nbsp;<\/p>\n<\/div>\n<\/div>\n<\/div>\n<\/div>\n<\/div>\n<\/div>\n<\/div>\n<\/div>\n<div id=\"cmsmasters_row_69d55895184280_72760450\" class=\"cmsmasters_row cmsmasters_color_scheme_default cmsmasters_row_top_default cmsmasters_row_bot_default cmsmasters_row_boxed\">\n<div class=\"cmsmasters_row_outer_parent\">\n<div class=\"cmsmasters_row_outer\">\n<div class=\"cmsmasters_row_inner\">\n<div class=\"cmsmasters_row_margin\">\n<div class=\"cmsmasters_column one_first\">\n<\/div>\n<\/div>\n<\/div>\n<\/div>\n<\/div>\n<\/div>","protected":false},"excerpt":{"rendered":"","protected":false},"author":1,"featured_media":0,"parent":7157,"menu_order":0,"comment_status":"closed","ping_status":"closed","template":"","meta":{"footnotes":""},"class_list":["post-5888","page","type-page","status-publish","hentry"],"yoast_head":"<!-- This site is optimized with the Yoast SEO Premium plugin v20.12 (Yoast SEO v27.3) - https:\/\/yoast.com\/product\/yoast-seo-premium-wordpress\/ -->\n<title>Partenaires m\u00e9dias - Association TWAM<\/title>\n<meta name=\"robots\" content=\"index, follow, max-snippet:-1, max-image-preview:large, max-video-preview:-1\" \/>\n<link rel=\"canonical\" href=\"https:\/\/www.travelwithamission.org\/en\/partenaires\/partenaires_medias\/\" \/>\n<meta property=\"og:locale\" content=\"en_US\" \/>\n<meta property=\"og:type\" content=\"article\" \/>\n<meta property=\"og:title\" content=\"Partenaires m\u00e9dias\" \/>\n<meta property=\"og:url\" content=\"https:\/\/www.travelwithamission.org\/en\/partenaires\/partenaires_medias\/\" \/>\n<meta property=\"og:site_name\" content=\"Association TWAM\" \/>\n<meta property=\"article:modified_time\" content=\"2018-08-22T13:20:01+00:00\" \/>\n<meta name=\"twitter:card\" content=\"summary_large_image\" \/>\n<meta name=\"twitter:label1\" content=\"Est. reading time\" \/>\n\t<meta name=\"twitter:data1\" content=\"1 minute\" \/>\n<script type=\"application\/ld+json\" class=\"yoast-schema-graph\">{\"@context\":\"https:\\\/\\\/schema.org\",\"@graph\":[{\"@type\":\"WebPage\",\"@id\":\"https:\\\/\\\/www.travelwithamission.org\\\/partenaires\\\/partenaires_medias\\\/\",\"url\":\"https:\\\/\\\/www.travelwithamission.org\\\/partenaires\\\/partenaires_medias\\\/\",\"name\":\"Partenaires m\u00e9dias - Association TWAM\",\"isPartOf\":{\"@id\":\"https:\\\/\\\/www.travelwithamission.org\\\/#website\"},\"datePublished\":\"2018-03-08T12:55:56+00:00\",\"dateModified\":\"2018-08-22T13:20:01+00:00\",\"breadcrumb\":{\"@id\":\"https:\\\/\\\/www.travelwithamission.org\\\/partenaires\\\/partenaires_medias\\\/#breadcrumb\"},\"inLanguage\":\"en-US\",\"potentialAction\":[{\"@type\":\"ReadAction\",\"target\":[\"https:\\\/\\\/www.travelwithamission.org\\\/partenaires\\\/partenaires_medias\\\/\"]}]},{\"@type\":\"BreadcrumbList\",\"@id\":\"https:\\\/\\\/www.travelwithamission.org\\\/partenaires\\\/partenaires_medias\\\/#breadcrumb\",\"itemListElement\":[{\"@type\":\"ListItem\",\"position\":1,\"name\":\"Home\",\"item\":\"https:\\\/\\\/www.travelwithamission.org\\\/\"},{\"@type\":\"ListItem\",\"position\":2,\"name\":\"Partenaires\",\"item\":\"https:\\\/\\\/www.travelwithamission.org\\\/en\\\/partenaires\\\/\"},{\"@type\":\"ListItem\",\"position\":3,\"name\":\"Partenaires m\u00e9dias\"}]},{\"@type\":\"WebSite\",\"@id\":\"https:\\\/\\\/www.travelwithamission.org\\\/#website\",\"url\":\"https:\\\/\\\/www.travelwithamission.org\\\/\",\"name\":\"Association TWAM\",\"description\":\"Construire un monde meilleure, ensemble !\",\"potentialAction\":[{\"@type\":\"SearchAction\",\"target\":{\"@type\":\"EntryPoint\",\"urlTemplate\":\"https:\\\/\\\/www.travelwithamission.org\\\/?s={search_term_string}\"},\"query-input\":{\"@type\":\"PropertyValueSpecification\",\"valueRequired\":true,\"valueName\":\"search_term_string\"}}],\"inLanguage\":\"en-US\"}]}<\/script>\n<!-- \/ Yoast SEO Premium plugin. -->","yoast_head_json":{"title":"Partenaires m\u00e9dias - Association TWAM","robots":{"index":"index","follow":"follow","max-snippet":"max-snippet:-1","max-image-preview":"max-image-preview:large","max-video-preview":"max-video-preview:-1"},"canonical":"https:\/\/www.travelwithamission.org\/en\/partenaires\/partenaires_medias\/","og_locale":"en_US","og_type":"article","og_title":"Partenaires m\u00e9dias","og_url":"https:\/\/www.travelwithamission.org\/en\/partenaires\/partenaires_medias\/","og_site_name":"Association TWAM","article_modified_time":"2018-08-22T13:20:01+00:00","twitter_card":"summary_large_image","twitter_misc":{"Est. reading time":"1 minute"},"schema":{"@context":"https:\/\/schema.org","@graph":[{"@type":"WebPage","@id":"https:\/\/www.travelwithamission.org\/partenaires\/partenaires_medias\/","url":"https:\/\/www.travelwithamission.org\/partenaires\/partenaires_medias\/","name":"Partenaires m\u00e9dias - Association TWAM","isPartOf":{"@id":"https:\/\/www.travelwithamission.org\/#website"},"datePublished":"2018-03-08T12:55:56+00:00","dateModified":"2018-08-22T13:20:01+00:00","breadcrumb":{"@id":"https:\/\/www.travelwithamission.org\/partenaires\/partenaires_medias\/#breadcrumb"},"inLanguage":"en-US","potentialAction":[{"@type":"ReadAction","target":["https:\/\/www.travelwithamission.org\/partenaires\/partenaires_medias\/"]}]},{"@type":"BreadcrumbList","@id":"https:\/\/www.travelwithamission.org\/partenaires\/partenaires_medias\/#breadcrumb","itemListElement":[{"@type":"ListItem","position":1,"name":"Home","item":"https:\/\/www.travelwithamission.org\/"},{"@type":"ListItem","position":2,"name":"Partenaires","item":"https:\/\/www.travelwithamission.org\/en\/partenaires\/"},{"@type":"ListItem","position":3,"name":"Partenaires m\u00e9dias"}]},{"@type":"WebSite","@id":"https:\/\/www.travelwithamission.org\/#website","url":"https:\/\/www.travelwithamission.org\/","name":"Association TWAM","description":"Construire un monde meilleure, ensemble !","potentialAction":[{"@type":"SearchAction","target":{"@type":"EntryPoint","urlTemplate":"https:\/\/www.travelwithamission.org\/?s={search_term_string}"},"query-input":{"@type":"PropertyValueSpecification","valueRequired":true,"valueName":"search_term_string"}}],"inLanguage":"en-US"}]}},"_links":{"self":[{"href":"https:\/\/www.travelwithamission.org\/en\/wp-json\/wp\/v2\/pages\/5888","targetHints":{"allow":["GET"]}}],"collection":[{"href":"https:\/\/www.travelwithamission.org\/en\/wp-json\/wp\/v2\/pages"}],"about":[{"href":"https:\/\/www.travelwithamission.org\/en\/wp-json\/wp\/v2\/types\/page"}],"author":[{"embeddable":true,"href":"https:\/\/www.travelwithamission.org\/en\/wp-json\/wp\/v2\/users\/1"}],"replies":[{"embeddable":true,"href":"https:\/\/www.travelwithamission.org\/en\/wp-json\/wp\/v2\/comments?post=5888"}],"version-history":[{"count":5,"href":"https:\/\/www.travelwithamission.org\/en\/wp-json\/wp\/v2\/pages\/5888\/revisions"}],"predecessor-version":[{"id":6416,"href":"https:\/\/www.travelwithamission.org\/en\/wp-json\/wp\/v2\/pages\/5888\/revisions\/6416"}],"up":[{"embeddable":true,"href":"https:\/\/www.travelwithamission.org\/en\/wp-json\/wp\/v2\/pages\/7157"}],"wp:attachment":[{"href":"https:\/\/www.travelwithamission.org\/en\/wp-json\/wp\/v2\/media?parent=5888"}],"curies":[{"name":"wp","href":"https:\/\/api.w.org\/{rel}","templated":true}]}}