{"id":5880,"date":"2018-03-08T13:36:46","date_gmt":"2018-03-08T12:36:46","guid":{"rendered":"https:\/\/association.travelwithamission.org\/?page_id=5880"},"modified":"2018-08-22T15:20:42","modified_gmt":"2018-08-22T13:20:42","slug":"partenaires_operationnels","status":"publish","type":"page","link":"https:\/\/www.travelwithamission.org\/en\/partenaires\/partenaires_operationnels\/","title":{"rendered":"Partenaires op\u00e9rationnels"},"content":{"rendered":"<style type=\"text\/css\"> \n#cmsmasters_notice_69d5583ab29095_23530127 { \n\tbackground-color:;\n\tborder-color:#1196dd;\n\tcolor:;\n} \n.cmsmasters_notice:before {\n\n\tcolor:#1196dd;\n}\n\n#cmsmasters_button_69d5583ab3b3e2_61355823 { \n\tfloat:right; \n} \n\n#cmsmasters_button_69d5583ab3b3e2_61355823 .cmsmasters_button:before { \n\tmargin-right:.5em; \n\tmargin-left:0; \n\tvertical-align:baseline; \n} \n\n#cmsmasters_button_69d5583ab3b3e2_61355823 .cmsmasters_button { \n\tfont-weight:normal; \n\tfont-style:normal; \n\tborder-style:solid; \n\tbackground-color:#1196dd;\n} \n#cmsmasters_button_69d5583ab3b3e2_61355823 .cmsmasters_button:hover { \n} \n \n#cmsmasters_notice_69d5583ab3bd64_70911740 { \n\tbackground-color:;\n\tborder-color:#1196dd;\n\tcolor:;\n} \n.cmsmasters_notice:before {\n\n\tcolor:#1196dd;\n}\n\n#cmsmasters_button_69d5583ab4e0d2_00927011 { \n\tfloat:right; \n} \n\n#cmsmasters_button_69d5583ab4e0d2_00927011 .cmsmasters_button:before { \n\tmargin-right:.5em; \n\tmargin-left:0; \n\tvertical-align:baseline; \n} \n\n#cmsmasters_button_69d5583ab4e0d2_00927011 .cmsmasters_button { \n\tfont-weight:normal; \n\tfont-style:normal; \n\tborder-style:solid; \n\tbackground-color:#1196dd;\n} \n#cmsmasters_button_69d5583ab4e0d2_00927011 .cmsmasters_button:hover { \n} \n \n#cmsmasters_row_69d5583ab4f995_99398670 .cmsmasters_row_outer_parent { \n\tpadding-top: 0px; \n} \n\n#cmsmasters_row_69d5583ab4f995_99398670 .cmsmasters_row_outer_parent { \n\tpadding-bottom: 50px; \n} \n\n<\/style><div id=\"cmsmasters_row_69d5583ab215d7_09144304\" class=\"cmsmasters_row cmsmasters_color_scheme_default cmsmasters_row_top_default cmsmasters_row_bot_default cmsmasters_row_boxed\">\n<div class=\"cmsmasters_row_outer_parent\">\n<div class=\"cmsmasters_row_outer\">\n<div class=\"cmsmasters_row_inner\">\n<div class=\"cmsmasters_row_margin\">\n<div class=\"cmsmasters_column one_first\">\n<div class=\"cmsmasters_text\">\n<h2><strong><span style=\"color: #003366;\">Partenaires op\u00e9rationnels<\/span><\/strong><\/h2>\n<p><span style=\"color: #003366;\">TWAM remercie ses partenaires op\u00e9rationnels sans qui son travail soci\u00e9tal ne saurait \u00eatre possible.<\/span><\/p>\n<\/div>\n<div id=\"cmsmasters_notice_69d5583ab29095_23530127\" class=\"cmsmasters_notice cmsmasters_notice_custom\">\n<div class=\"notice_content\">\n<h2><div class=\"cmsmasters_img  cmsmasters_image_l\">\n<img decoding=\"async\" src=\"https:\/\/www.travelwithamission.org\/wp-content\/uploads\/sites\/3\/2018\/03\/eze-jpg-150x150.jpg\" alt=\"partenaire eze\" \/>\n<\/div>\n EZE<\/h2>\n<p>Au-del\u00e0 de la subvention annuelle, la ville d\u2019Eze, o\u00f9 se trouve le si\u00e8ge de l\u2019organisation TWAM, met \u00e0 disposition des bureaux.<\/p>\n\n<div id=\"cmsmasters_button_69d5583ab3b3e2_61355823\" class=\"button_wrap\"><a href=\"https:\/\/ville-eze.fr\/\" class=\"cmsmasters_button\"><span>En savoir +<\/span><\/a><\/div>\n<p>&nbsp;<\/p>\n<\/div>\n<\/div>\n<div id=\"cmsmasters_notice_69d5583ab3bd64_70911740\" class=\"cmsmasters_notice cmsmasters_notice_custom\">\n<div class=\"notice_content\">\n<h2><div class=\"cmsmasters_img  cmsmasters_image_l\">\n<img decoding=\"async\" src=\"https:\/\/www.travelwithamission.org\/wp-content\/uploads\/sites\/3\/2018\/03\/salesforce-150x150.jpg\" alt=\"salesforce\" \/>\n<\/div>\n SALESFORCE<\/h2>\n<p>Salesforce soutient TWAM via la mise \u00e0 disposition gratuite de son CRM gr\u00e2ce \u00e0 son programme de responsabilit\u00e9 sociale.<\/p>\n\n<div id=\"cmsmasters_button_69d5583ab4e0d2_00927011\" class=\"button_wrap\"><a href=\"https:\/\/www.salesforce.com\/fr\/form\/contact\/contactme.jsp?d=7010M000002McDl\" class=\"cmsmasters_button\"><span>En savoir +<\/span><\/a><\/div>\n<p>&nbsp;<\/p>\n<\/div>\n<\/div>\n<\/div>\n<\/div>\n<\/div>\n<\/div>\n<\/div>\n<\/div>\n<div id=\"cmsmasters_row_69d5583ab4f995_99398670\" class=\"cmsmasters_row cmsmasters_color_scheme_default cmsmasters_row_top_default cmsmasters_row_bot_default cmsmasters_row_boxed\">\n<div class=\"cmsmasters_row_outer_parent\">\n<div class=\"cmsmasters_row_outer\">\n<div class=\"cmsmasters_row_inner\">\n<div class=\"cmsmasters_row_margin\">\n<div class=\"cmsmasters_column one_first\">\n<\/div>\n<\/div>\n<\/div>\n<\/div>\n<\/div>\n<\/div>","protected":false},"excerpt":{"rendered":"","protected":false},"author":1,"featured_media":0,"parent":7157,"menu_order":0,"comment_status":"closed","ping_status":"closed","template":"","meta":{"footnotes":""},"class_list":["post-5880","page","type-page","status-publish","hentry"],"yoast_head":"<!-- This site is optimized with the Yoast SEO Premium plugin v20.12 (Yoast SEO v27.3) - https:\/\/yoast.com\/product\/yoast-seo-premium-wordpress\/ -->\n<title>Partenaires op\u00e9rationnels - Association TWAM<\/title>\n<meta name=\"robots\" content=\"index, follow, max-snippet:-1, max-image-preview:large, max-video-preview:-1\" \/>\n<link rel=\"canonical\" href=\"https:\/\/www.travelwithamission.org\/en\/partenaires\/partenaires_operationnels\/\" \/>\n<meta property=\"og:locale\" content=\"en_US\" \/>\n<meta property=\"og:type\" content=\"article\" \/>\n<meta property=\"og:title\" content=\"Partenaires op\u00e9rationnels\" \/>\n<meta property=\"og:url\" content=\"https:\/\/www.travelwithamission.org\/en\/partenaires\/partenaires_operationnels\/\" \/>\n<meta property=\"og:site_name\" content=\"Association TWAM\" \/>\n<meta property=\"article:modified_time\" content=\"2018-08-22T13:20:42+00:00\" \/>\n<meta name=\"twitter:card\" content=\"summary_large_image\" \/>\n<meta name=\"twitter:label1\" content=\"Est. reading time\" \/>\n\t<meta name=\"twitter:data1\" content=\"1 minute\" \/>\n<script type=\"application\/ld+json\" class=\"yoast-schema-graph\">{\"@context\":\"https:\\\/\\\/schema.org\",\"@graph\":[{\"@type\":\"WebPage\",\"@id\":\"https:\\\/\\\/www.travelwithamission.org\\\/partenaires\\\/partenaires_operationnels\\\/\",\"url\":\"https:\\\/\\\/www.travelwithamission.org\\\/partenaires\\\/partenaires_operationnels\\\/\",\"name\":\"Partenaires op\u00e9rationnels - Association TWAM\",\"isPartOf\":{\"@id\":\"https:\\\/\\\/www.travelwithamission.org\\\/#website\"},\"datePublished\":\"2018-03-08T12:36:46+00:00\",\"dateModified\":\"2018-08-22T13:20:42+00:00\",\"breadcrumb\":{\"@id\":\"https:\\\/\\\/www.travelwithamission.org\\\/partenaires\\\/partenaires_operationnels\\\/#breadcrumb\"},\"inLanguage\":\"en-US\",\"potentialAction\":[{\"@type\":\"ReadAction\",\"target\":[\"https:\\\/\\\/www.travelwithamission.org\\\/partenaires\\\/partenaires_operationnels\\\/\"]}]},{\"@type\":\"BreadcrumbList\",\"@id\":\"https:\\\/\\\/www.travelwithamission.org\\\/partenaires\\\/partenaires_operationnels\\\/#breadcrumb\",\"itemListElement\":[{\"@type\":\"ListItem\",\"position\":1,\"name\":\"Home\",\"item\":\"https:\\\/\\\/www.travelwithamission.org\\\/\"},{\"@type\":\"ListItem\",\"position\":2,\"name\":\"Partenaires\",\"item\":\"https:\\\/\\\/www.travelwithamission.org\\\/en\\\/partenaires\\\/\"},{\"@type\":\"ListItem\",\"position\":3,\"name\":\"Partenaires op\u00e9rationnels\"}]},{\"@type\":\"WebSite\",\"@id\":\"https:\\\/\\\/www.travelwithamission.org\\\/#website\",\"url\":\"https:\\\/\\\/www.travelwithamission.org\\\/\",\"name\":\"Association TWAM\",\"description\":\"Construire un monde meilleure, ensemble !\",\"potentialAction\":[{\"@type\":\"SearchAction\",\"target\":{\"@type\":\"EntryPoint\",\"urlTemplate\":\"https:\\\/\\\/www.travelwithamission.org\\\/?s={search_term_string}\"},\"query-input\":{\"@type\":\"PropertyValueSpecification\",\"valueRequired\":true,\"valueName\":\"search_term_string\"}}],\"inLanguage\":\"en-US\"}]}<\/script>\n<!-- \/ Yoast SEO Premium plugin. -->","yoast_head_json":{"title":"Partenaires op\u00e9rationnels - Association TWAM","robots":{"index":"index","follow":"follow","max-snippet":"max-snippet:-1","max-image-preview":"max-image-preview:large","max-video-preview":"max-video-preview:-1"},"canonical":"https:\/\/www.travelwithamission.org\/en\/partenaires\/partenaires_operationnels\/","og_locale":"en_US","og_type":"article","og_title":"Partenaires op\u00e9rationnels","og_url":"https:\/\/www.travelwithamission.org\/en\/partenaires\/partenaires_operationnels\/","og_site_name":"Association TWAM","article_modified_time":"2018-08-22T13:20:42+00:00","twitter_card":"summary_large_image","twitter_misc":{"Est. reading time":"1 minute"},"schema":{"@context":"https:\/\/schema.org","@graph":[{"@type":"WebPage","@id":"https:\/\/www.travelwithamission.org\/partenaires\/partenaires_operationnels\/","url":"https:\/\/www.travelwithamission.org\/partenaires\/partenaires_operationnels\/","name":"Partenaires op\u00e9rationnels - Association TWAM","isPartOf":{"@id":"https:\/\/www.travelwithamission.org\/#website"},"datePublished":"2018-03-08T12:36:46+00:00","dateModified":"2018-08-22T13:20:42+00:00","breadcrumb":{"@id":"https:\/\/www.travelwithamission.org\/partenaires\/partenaires_operationnels\/#breadcrumb"},"inLanguage":"en-US","potentialAction":[{"@type":"ReadAction","target":["https:\/\/www.travelwithamission.org\/partenaires\/partenaires_operationnels\/"]}]},{"@type":"BreadcrumbList","@id":"https:\/\/www.travelwithamission.org\/partenaires\/partenaires_operationnels\/#breadcrumb","itemListElement":[{"@type":"ListItem","position":1,"name":"Home","item":"https:\/\/www.travelwithamission.org\/"},{"@type":"ListItem","position":2,"name":"Partenaires","item":"https:\/\/www.travelwithamission.org\/en\/partenaires\/"},{"@type":"ListItem","position":3,"name":"Partenaires op\u00e9rationnels"}]},{"@type":"WebSite","@id":"https:\/\/www.travelwithamission.org\/#website","url":"https:\/\/www.travelwithamission.org\/","name":"Association TWAM","description":"Construire un monde meilleure, ensemble !","potentialAction":[{"@type":"SearchAction","target":{"@type":"EntryPoint","urlTemplate":"https:\/\/www.travelwithamission.org\/?s={search_term_string}"},"query-input":{"@type":"PropertyValueSpecification","valueRequired":true,"valueName":"search_term_string"}}],"inLanguage":"en-US"}]}},"_links":{"self":[{"href":"https:\/\/www.travelwithamission.org\/en\/wp-json\/wp\/v2\/pages\/5880","targetHints":{"allow":["GET"]}}],"collection":[{"href":"https:\/\/www.travelwithamission.org\/en\/wp-json\/wp\/v2\/pages"}],"about":[{"href":"https:\/\/www.travelwithamission.org\/en\/wp-json\/wp\/v2\/types\/page"}],"author":[{"embeddable":true,"href":"https:\/\/www.travelwithamission.org\/en\/wp-json\/wp\/v2\/users\/1"}],"replies":[{"embeddable":true,"href":"https:\/\/www.travelwithamission.org\/en\/wp-json\/wp\/v2\/comments?post=5880"}],"version-history":[{"count":13,"href":"https:\/\/www.travelwithamission.org\/en\/wp-json\/wp\/v2\/pages\/5880\/revisions"}],"predecessor-version":[{"id":5889,"href":"https:\/\/www.travelwithamission.org\/en\/wp-json\/wp\/v2\/pages\/5880\/revisions\/5889"}],"up":[{"embeddable":true,"href":"https:\/\/www.travelwithamission.org\/en\/wp-json\/wp\/v2\/pages\/7157"}],"wp:attachment":[{"href":"https:\/\/www.travelwithamission.org\/en\/wp-json\/wp\/v2\/media?parent=5880"}],"curies":[{"name":"wp","href":"https:\/\/api.w.org\/{rel}","templated":true}]}}