{"id":5816,"date":"2018-03-09T23:22:33","date_gmt":"2018-03-09T22:22:33","guid":{"rendered":"https:\/\/association.travelwithamission.org\/?page_id=5816"},"modified":"2018-08-22T15:28:53","modified_gmt":"2018-08-22T13:28:53","slug":"offre-agence-de-voyages","status":"publish","type":"page","link":"https:\/\/www.travelwithamission.org\/en\/devenez-partenaire-twam\/offre-agence-de-voyages\/","title":{"rendered":"Offre Agence de voyages"},"content":{"rendered":"<style type=\"text\/css\"> \n#cmsmasters_row_69d780e52fac04_02056194 .cmsmasters_row_outer_parent { \n\tpadding-top: 0px; \n} \n\n#cmsmasters_row_69d780e52fac04_02056194 .cmsmasters_row_outer_parent { \n\tpadding-bottom: 10px; \n} \n\n \n#cmsmasters_row_69d780e52ff7f3_56951385 .cmsmasters_row_outer_parent { \n\tpadding-top: 0px; \n} \n\n#cmsmasters_row_69d780e52ff7f3_56951385 .cmsmasters_row_outer_parent { \n\tpadding-bottom: 10px; \n} \n\n<\/style><div id=\"cmsmasters_row_69d780e52fac04_02056194\" class=\"cmsmasters_row cmsmasters_color_scheme_default cmsmasters_row_top_default cmsmasters_row_bot_default cmsmasters_row_boxed\">\n<div class=\"cmsmasters_row_outer_parent\">\n<div class=\"cmsmasters_row_outer\">\n<div class=\"cmsmasters_row_inner\">\n<div class=\"cmsmasters_row_margin\">\n<div class=\"cmsmasters_column one_first\">\n<div class=\"cmsmasters_text\">\n<h2><strong><span style=\"color: #003366;\">Offre de partenariat Agences de voyage \/ Tours op\u00e9rateurs<\/span><\/strong><\/h2>\n<p><span style=\"color: #003366;\">TWAM propose aux Tours op\u00e9rateurs un partenariat autour de plusieurs axes devant permettre \u00e0 vos clients :<\/span><\/p>\n<p><span style=\"color: #003366;\">&#8211;\u00a0\u00a0 \u00a0De tenter le \u00ab\u00a0<a style=\"color: #003366;\" href=\"\/en\/website\/twam_volunteering\/options_twam_volunteering\/twaming_organise\/\">Twaming organis\u00e9<\/a>\u00a0\u00bb,<\/span><br \/>\n<span style=\"color: #003366;\"> &#8211;\u00a0\u00a0 \u00a0De visiter des\u00a0<a style=\"color: #003366;\" href=\"\/en\/website\/twam_projects\/\">projets<\/a>\u00a0qu\u2019ils auront particip\u00e9 \u00e0 financer,<\/span><br \/>\n<span style=\"color: #003366;\"> &#8211;\u00a0\u00a0 \u00a0De\u00a0<a style=\"color: #003366;\" href=\"\/en\/website\/twam_trips\/\">visiter<\/a>\u00a0des associations locales ou entrepreneurs sociaux \u0153uvrant pour un monde meilleur,<\/span><br \/>\n<span style=\"color: #003366;\"> &#8211;\u00a0\u00a0 \u00a0D\u2019avoir acc\u00e8s aux\u00a0<a style=\"color: #003366;\" href=\"\/en\/website\/twam_tours\/\">TWAM Tours<\/a>,<\/span><\/p>\n<p><span style=\"color: #003366;\">En tant que Tour op\u00e9rateur, vous pouvez aussi soutenir TWAM dans sa mission sous forme de m\u00e9c\u00e9nat ou faire de la publicit\u00e9.<\/span><\/p>\n<\/div>\n<\/div>\n<\/div>\n<\/div>\n<\/div>\n<\/div>\n<\/div>\n<div id=\"cmsmasters_row_69d780e52ff7f3_56951385\" class=\"cmsmasters_row cmsmasters_color_scheme_default cmsmasters_row_top_default cmsmasters_row_bot_default cmsmasters_row_boxed\">\n<div class=\"cmsmasters_row_outer_parent\">\n<div class=\"cmsmasters_row_outer\">\n<div class=\"cmsmasters_row_inner\">\n<div class=\"cmsmasters_row_margin\">\n<div class=\"cmsmasters_column one_first\">\n<div class=\"cmsmasters_toggles toggles_mode_toggle\">\n<div class=\"cmsmasters_toggle_wrap\" data-tags=\"all \">\n<div class=\"cmsmasters_toggle_title\">\n<span class=\"cmsmasters_toggle_arrow\">\n<\/span>\n<a href=\"#\">- Permettez \u00e0 vos clients de se rendre utile<\/a>\n<\/div>\n<div class=\"cmsmasters_toggle\">\n<div class=\"cmsmasters_toggle_inner\">\n<p>TWAM propose aux villes de l\u2019accompagner dans sa mission sociale.<\/p>\n<p>Ce soutien peut se faire de diff\u00e9rentes mani\u00e8res :<\/p>\n<p><strong>a.\u00a0\u00a0\u00a0 Permettez \u00e0 vos clients de faire du Twaming organis\u00e9<\/strong><\/p>\n<p>Vos clients ont peu de temps sur place mais souhaitent tout de m\u00eame se rendre utile ?<\/p>\n<p>Proposez-leur le \u00ab\u00a0<a href=\"\/en\/website\/twam_volunteering\/options_twam_volunteering\/twaming_organise\/\">Twaming organis\u00e9<\/a>\u00a0\u00bb.<\/p>\n<p>Laissez TWAM \u00e9changer avec eux avant leur voyage afin de cerner les domaines qu\u2019ils pourraient partager. TWAM \u00e9tudiera ensuite localement l\u2019int\u00e9r\u00eat de la pr\u00e9sentation propos\u00e9e puis l\u2019organisera dans la ou institutions qui conviennent. Peu de temps mais un impact maximum. Plus de d\u00e9tails sur le Twaming organis\u00e9 ici.<\/p>\n<p>Si vos clients souhaitent s\u2019engager plus longuement, TWAM propose aussi le\u00a0<a href=\"\/en\/website\/twam_volunteering\/\">volontariat<\/a>(2 semaines d\u2019engagement minimum).<\/p>\n<p><strong>b.\u00a0\u00a0\u00a0 Proposez \u00e0 vos clients de financer des projets puis de les visiter<\/strong><\/p>\n<p>Vos clients souhaitent aider un\u00a0<a href=\"\/en\/website\/twam_projects\/\">projet<\/a>\u00a0<span style=\"line-height: 1.42857;\">puis voir sur place la r\u00e9sultante de leur don ? TWAM peut faire de ce souhait une r\u00e9alit\u00e9.<\/span><\/p>\n<p><strong>c.\u00a0\u00a0 \u00a0Proposez \u00e0 vos clients de visiter des associations locales \u0153uvrant au d\u00e9veloppement des communaut\u00e9s.\u00a0<\/strong><\/p>\n<p>Vos clients aimeraient s\u2019immerger davantage dans la culture locale et vivre le quotidien d\u2019associations locales \u0153uvrant au d\u00e9veloppement des communaut\u00e9s ? TWAM s\u2019occupe de tout pour vous.<\/p>\n<p><strong>d.\u00a0\u00a0\u00a0 Proposez \u00e0 vos clients les TWAM Trips<\/strong><\/p>\n<p>Permettez \u00e0 vos clients de mieux comprendre les d\u00e9fis du pays visit\u00e9. TWAM propose des\u00a0<a href=\"\/en\/website\/twam_trips\/\">excursions th\u00e9matiques<\/a>\u00a0sur diff\u00e9rents d\u00e9fis. \u00ab Mieux comprendre pour mieux agir \u00bb.<\/p>\n<\/div>\n<\/div>\n<\/div><div class=\"cmsmasters_toggle_wrap\" data-tags=\"all \">\n<div class=\"cmsmasters_toggle_title\">\n<span class=\"cmsmasters_toggle_arrow\">\n<\/span>\n<a href=\"#\">- M\u00e9c\u00e9nat<\/a>\n<\/div>\n<div class=\"cmsmasters_toggle\">\n<div class=\"cmsmasters_toggle_inner\">\n<p>TWAM propose \u00e9galement aux Tous op\u00e9rateurs de l\u2019accompagner directement dans sa mission sociale.\u00a0 Ce soutien peut se faire de diff\u00e9rentes mani\u00e8res :<\/p>\n<p><strong>a. Soutenez TWAM<\/strong><\/p>\n<p>Devenez membre soutien ou\u00a0<a href=\"\/en\/website\/main\/partenaires_twam\/partenaires_institutionnels\/\">partenaire institutionnel<\/a>\u00a0et soutenez TWAM dans sa mission g\u00e9n\u00e9rale.<\/p>\n<p><strong>b. Soutenez une cause sp\u00e9cifique<\/strong><\/p>\n<p>Votre entreprise souhaite soutenir une cause sp\u00e9cifique ? Le recyclage des d\u00e9chets ? La cause des femmes \u00e0 travers le monde ? La pr\u00e9vention VIH-SIDA ? La Paix ? La sensibilisation aux probl\u00e8mes li\u00e9s \u00e0 l\u2019eau ?<\/p>\n<p>TWAM est en mesure de s\u2019adapter \u00e0 cette cause et vous propose de soutenir soit une (ou plusieurs)\u00a0<a href=\"..\/website\/twam_support\/bourses_twam\">bourse(s)<\/a>\u00a0pour un (ou plusieurs) Twamer(s) cherchant \u00e0 faire avancer cette cause, soit un\u00a0, o\u00f9 l\u2019\u00e9quipe TWAM fera avancer cette cause.<\/p>\n<p><strong>c. Soutenez un projet sp\u00e9cifique \/ un pays<\/strong><\/p>\n<p>TWAM vous permet \u00e9galement de soutenir un\u00a0<a href=\"\/en\/website\/twam_projects\/\">projet sp\u00e9cifique<\/a>\u00a0dans un pays de votre choix.<\/p>\n<p>&nbsp;<\/p>\n<\/div>\n<\/div>\n<\/div><div class=\"cmsmasters_toggle_wrap\" data-tags=\"all \">\n<div class=\"cmsmasters_toggle_title\">\n<span class=\"cmsmasters_toggle_arrow\">\n<\/span>\n<a href=\"#\">- Sponsoring<\/a>\n<\/div>\n<div class=\"cmsmasters_toggle\">\n<div class=\"cmsmasters_toggle_inner\">\n<p>Votre office du tourisme est davantage dans une optique de sponsoring que de m\u00e9c\u00e9nat ? TWAM vous propose les pistes de partenariat suivantes :<\/p>\n<p><strong>a.\u00a0\u00a0 \u00a0Publicit\u00e9<\/strong><\/p>\n<p>Plateforme web, Twamzine (magazine de TWAM), vid\u00e9os youtube : TWAM propose aux offices du tourisme plusieurs supports pour la publicit\u00e9.<\/p>\n<p><strong>b.\u00a0\u00a0 \u00a0Soutien d\u2019\u00e9v\u00e9nements<\/strong><\/p>\n<p>TWAM organise\u00a0<a title=\"diff\u00e9rents types d\u2019\u00e9v\u00e9nements\" href=\"\/en\/website\/twam_events\/\">diff\u00e9rents types d\u2019\u00e9v\u00e9nements<\/a>\u00a0\u00e0 travers le monde. Nous recherchons constamment des partenaires.<\/p>\n<p><strong>c.\u00a0\u00a0 \u00a0Affiliation<\/strong><\/p>\n<p>TWAM a mis en place un syst\u00e8me de partenaires \u00ab discount \u00bb permettant aux utilisateurs de b\u00e9n\u00e9ficier de\u00a0<a href=\"\/en\/website\/twam_support\/reductions_affiliations\/generalites_reductions\/\">r\u00e9ductions<\/a>. Vous souhaitez proposer des r\u00e9ductions ? Voyons ce qu\u2019il est possible de faire ensemble.<\/p>\n<\/div>\n<\/div>\n<\/div><div class=\"cmsmasters_toggle_wrap\" data-tags=\"all \">\n<div class=\"cmsmasters_toggle_title\">\n<span class=\"cmsmasters_toggle_arrow\">\n<\/span>\n<a href=\"#\">- Impliquez vos salari\u00e9s<\/a>\n<\/div>\n<div class=\"cmsmasters_toggle\">\n<div class=\"cmsmasters_toggle_inner\">\n<p>TWAM vous propose d\u2019impliquer vos salari\u00e9s en leur permettant d\u2019effectuer du\u00a0<a title=\"volontariat \u00e0 l\u2019international\" href=\"\/en\/website\/twam_volunteering\/\">volontariat \u00e0 l\u2019international<\/a>, du\u00a0<a href=\"\/en\/website\/twam_volunteering\/options_twam_volunteering\/twaming_organise\/\">Twaming organis\u00e9<\/a>\u00a0ou en leur permettant de faire des\u00a0<a href=\"..\/website\/twam_trips\">TWAM Trips<\/a><a href=\"\/en\/website\/twam_trips\/\">.<\/a><\/p>\n<\/div>\n<\/div>\n<\/div><\/div>\n<\/div>\n<\/div>\n<\/div>\n<\/div>\n<\/div>\n<\/div>","protected":false},"excerpt":{"rendered":"","protected":false},"author":1,"featured_media":0,"parent":6990,"menu_order":0,"comment_status":"closed","ping_status":"closed","template":"","meta":{"footnotes":""},"class_list":["post-5816","page","type-page","status-publish","hentry"],"yoast_head":"<!-- This site is optimized with the Yoast SEO Premium plugin v20.12 (Yoast SEO v27.3) - https:\/\/yoast.com\/product\/yoast-seo-premium-wordpress\/ -->\n<title>Offre Agence de voyages - Association TWAM<\/title>\n<meta name=\"robots\" content=\"index, follow, max-snippet:-1, max-image-preview:large, max-video-preview:-1\" \/>\n<link rel=\"canonical\" href=\"https:\/\/www.travelwithamission.org\/en\/devenez-partenaire-twam\/offre-agence-de-voyages\/\" \/>\n<meta property=\"og:locale\" content=\"en_US\" \/>\n<meta property=\"og:type\" content=\"article\" \/>\n<meta property=\"og:title\" content=\"Offre Agence de voyages\" \/>\n<meta property=\"og:url\" content=\"https:\/\/www.travelwithamission.org\/en\/devenez-partenaire-twam\/offre-agence-de-voyages\/\" \/>\n<meta property=\"og:site_name\" content=\"Association TWAM\" \/>\n<meta property=\"article:modified_time\" content=\"2018-08-22T13:28:53+00:00\" \/>\n<meta name=\"twitter:card\" content=\"summary_large_image\" \/>\n<meta name=\"twitter:label1\" content=\"Est. reading time\" \/>\n\t<meta name=\"twitter:data1\" content=\"4 minutes\" \/>\n<script type=\"application\/ld+json\" class=\"yoast-schema-graph\">{\"@context\":\"https:\\\/\\\/schema.org\",\"@graph\":[{\"@type\":\"WebPage\",\"@id\":\"https:\\\/\\\/www.travelwithamission.org\\\/en\\\/devenez-partenaire-twam\\\/offre-agence-de-voyages\\\/\",\"url\":\"https:\\\/\\\/www.travelwithamission.org\\\/en\\\/devenez-partenaire-twam\\\/offre-agence-de-voyages\\\/\",\"name\":\"Offre Agence de voyages - Association TWAM\",\"isPartOf\":{\"@id\":\"https:\\\/\\\/www.travelwithamission.org\\\/#website\"},\"datePublished\":\"2018-03-09T22:22:33+00:00\",\"dateModified\":\"2018-08-22T13:28:53+00:00\",\"breadcrumb\":{\"@id\":\"https:\\\/\\\/www.travelwithamission.org\\\/en\\\/devenez-partenaire-twam\\\/offre-agence-de-voyages\\\/#breadcrumb\"},\"inLanguage\":\"en-US\",\"potentialAction\":[{\"@type\":\"ReadAction\",\"target\":[\"https:\\\/\\\/www.travelwithamission.org\\\/en\\\/devenez-partenaire-twam\\\/offre-agence-de-voyages\\\/\"]}]},{\"@type\":\"BreadcrumbList\",\"@id\":\"https:\\\/\\\/www.travelwithamission.org\\\/en\\\/devenez-partenaire-twam\\\/offre-agence-de-voyages\\\/#breadcrumb\",\"itemListElement\":[{\"@type\":\"ListItem\",\"position\":1,\"name\":\"Home\",\"item\":\"https:\\\/\\\/www.travelwithamission.org\\\/\"},{\"@type\":\"ListItem\",\"position\":2,\"name\":\"Devenez partenaire TWAM\",\"item\":\"https:\\\/\\\/www.travelwithamission.org\\\/devenez-partenaire-twam\\\/\"},{\"@type\":\"ListItem\",\"position\":3,\"name\":\"Offre Agence de voyages\"}]},{\"@type\":\"WebSite\",\"@id\":\"https:\\\/\\\/www.travelwithamission.org\\\/#website\",\"url\":\"https:\\\/\\\/www.travelwithamission.org\\\/\",\"name\":\"Association TWAM\",\"description\":\"Construire un monde meilleure, ensemble !\",\"potentialAction\":[{\"@type\":\"SearchAction\",\"target\":{\"@type\":\"EntryPoint\",\"urlTemplate\":\"https:\\\/\\\/www.travelwithamission.org\\\/?s={search_term_string}\"},\"query-input\":{\"@type\":\"PropertyValueSpecification\",\"valueRequired\":true,\"valueName\":\"search_term_string\"}}],\"inLanguage\":\"en-US\"}]}<\/script>\n<!-- \/ Yoast SEO Premium plugin. -->","yoast_head_json":{"title":"Offre Agence de voyages - Association TWAM","robots":{"index":"index","follow":"follow","max-snippet":"max-snippet:-1","max-image-preview":"max-image-preview:large","max-video-preview":"max-video-preview:-1"},"canonical":"https:\/\/www.travelwithamission.org\/en\/devenez-partenaire-twam\/offre-agence-de-voyages\/","og_locale":"en_US","og_type":"article","og_title":"Offre Agence de voyages","og_url":"https:\/\/www.travelwithamission.org\/en\/devenez-partenaire-twam\/offre-agence-de-voyages\/","og_site_name":"Association TWAM","article_modified_time":"2018-08-22T13:28:53+00:00","twitter_card":"summary_large_image","twitter_misc":{"Est. reading time":"4 minutes"},"schema":{"@context":"https:\/\/schema.org","@graph":[{"@type":"WebPage","@id":"https:\/\/www.travelwithamission.org\/en\/devenez-partenaire-twam\/offre-agence-de-voyages\/","url":"https:\/\/www.travelwithamission.org\/en\/devenez-partenaire-twam\/offre-agence-de-voyages\/","name":"Offre Agence de voyages - Association TWAM","isPartOf":{"@id":"https:\/\/www.travelwithamission.org\/#website"},"datePublished":"2018-03-09T22:22:33+00:00","dateModified":"2018-08-22T13:28:53+00:00","breadcrumb":{"@id":"https:\/\/www.travelwithamission.org\/en\/devenez-partenaire-twam\/offre-agence-de-voyages\/#breadcrumb"},"inLanguage":"en-US","potentialAction":[{"@type":"ReadAction","target":["https:\/\/www.travelwithamission.org\/en\/devenez-partenaire-twam\/offre-agence-de-voyages\/"]}]},{"@type":"BreadcrumbList","@id":"https:\/\/www.travelwithamission.org\/en\/devenez-partenaire-twam\/offre-agence-de-voyages\/#breadcrumb","itemListElement":[{"@type":"ListItem","position":1,"name":"Home","item":"https:\/\/www.travelwithamission.org\/"},{"@type":"ListItem","position":2,"name":"Devenez partenaire TWAM","item":"https:\/\/www.travelwithamission.org\/devenez-partenaire-twam\/"},{"@type":"ListItem","position":3,"name":"Offre Agence de voyages"}]},{"@type":"WebSite","@id":"https:\/\/www.travelwithamission.org\/#website","url":"https:\/\/www.travelwithamission.org\/","name":"Association TWAM","description":"Construire un monde meilleure, ensemble !","potentialAction":[{"@type":"SearchAction","target":{"@type":"EntryPoint","urlTemplate":"https:\/\/www.travelwithamission.org\/?s={search_term_string}"},"query-input":{"@type":"PropertyValueSpecification","valueRequired":true,"valueName":"search_term_string"}}],"inLanguage":"en-US"}]}},"_links":{"self":[{"href":"https:\/\/www.travelwithamission.org\/en\/wp-json\/wp\/v2\/pages\/5816","targetHints":{"allow":["GET"]}}],"collection":[{"href":"https:\/\/www.travelwithamission.org\/en\/wp-json\/wp\/v2\/pages"}],"about":[{"href":"https:\/\/www.travelwithamission.org\/en\/wp-json\/wp\/v2\/types\/page"}],"author":[{"embeddable":true,"href":"https:\/\/www.travelwithamission.org\/en\/wp-json\/wp\/v2\/users\/1"}],"replies":[{"embeddable":true,"href":"https:\/\/www.travelwithamission.org\/en\/wp-json\/wp\/v2\/comments?post=5816"}],"version-history":[{"count":7,"href":"https:\/\/www.travelwithamission.org\/en\/wp-json\/wp\/v2\/pages\/5816\/revisions"}],"predecessor-version":[{"id":6230,"href":"https:\/\/www.travelwithamission.org\/en\/wp-json\/wp\/v2\/pages\/5816\/revisions\/6230"}],"up":[{"embeddable":true,"href":"https:\/\/www.travelwithamission.org\/en\/wp-json\/wp\/v2\/pages\/6990"}],"wp:attachment":[{"href":"https:\/\/www.travelwithamission.org\/en\/wp-json\/wp\/v2\/media?parent=5816"}],"curies":[{"name":"wp","href":"https:\/\/api.w.org\/{rel}","templated":true}]}}