{"id":5812,"date":"2018-03-09T23:20:01","date_gmt":"2018-03-09T22:20:01","guid":{"rendered":"https:\/\/association.travelwithamission.org\/?page_id=5812"},"modified":"2018-08-22T15:29:31","modified_gmt":"2018-08-22T13:29:31","slug":"offre-de-partenariat-cooperations-internationales","status":"publish","type":"page","link":"https:\/\/www.travelwithamission.org\/en\/devenez-partenaire-twam\/offre-de-partenariat-cooperations-internationales\/","title":{"rendered":"Offre de partenariat Coop\u00e9rations Internationales"},"content":{"rendered":"<style type=\"text\/css\"> \n#cmsmasters_row_69da22a11faf13_99232551 .cmsmasters_row_outer_parent { \n\tpadding-top: 0px; \n} \n\n#cmsmasters_row_69da22a11faf13_99232551 .cmsmasters_row_outer_parent { \n\tpadding-bottom: 0px; \n} \n\n \n#cmsmasters_row_69da22a1203307_03259743 .cmsmasters_row_outer_parent { \n\tpadding-top: 0px; \n} \n\n#cmsmasters_row_69da22a1203307_03259743 .cmsmasters_row_outer_parent { \n\tpadding-bottom: 50px; \n} \n\n<\/style><div id=\"cmsmasters_row_69da22a11faf13_99232551\" class=\"cmsmasters_row cmsmasters_color_scheme_default cmsmasters_row_top_default cmsmasters_row_bot_default cmsmasters_row_boxed\">\n<div class=\"cmsmasters_row_outer_parent\">\n<div class=\"cmsmasters_row_outer\">\n<div class=\"cmsmasters_row_inner\">\n<div class=\"cmsmasters_row_margin\">\n<div class=\"cmsmasters_column one_first\">\n<div class=\"cmsmasters_text\">\n<h2><span style=\"color: #003366;\"><strong>Offre de partenariat Coop\u00e9rations Internationales<\/strong><\/span><\/h2>\n<p><span style=\"color: #003366;\">TWAM a con\u00e7u une offre large et compl\u00e8te pour les coop\u00e9rations internationales. Celle-ci a notamment pour but :<\/span><\/p>\n<p><span style=\"color: #003366;\">&#8211;\u00a0\u00a0 \u00a0De favoriser l\u2019aboutissement de projets sociaux aux objectifs divers et vari\u00e9s correspondant \u00e0 ceux recherch\u00e9s par votre coop\u00e9ration internationale (via\u00a0<a style=\"color: #003366;\" href=\"\/en\/website\/twam_projects\/\">TWAM project<\/a><a style=\"color: #003366;\" href=\"\/en\/website\/twam_projects\/\">s<\/a>),<\/span><br \/>\n<span style=\"color: #003366;\"> &#8211;\u00a0\u00a0 \u00a0De permettre aux jeunes et moins jeunes de votre pays de se rendre utile \u00e0 travers le monde (via plateforme TWAM et\u00a0<a style=\"color: #003366;\" title=\"volontariat TWAM\" href=\"..\/website\/twam_volunteering\">volontariat TWAM<\/a>),<\/span><br \/>\n<span style=\"color: #003366;\"> &#8211;\u00a0\u00a0 \u00a0D\u2019aider \u00e0 la diffusion des messages d\u2019int\u00e9r\u00eat g\u00e9n\u00e9ral souhait\u00e9s par la coop\u00e9ration internationale (via\u00a0<a style=\"color: #003366;\" title=\"TWAM Tours\" href=\"..\/website\/twam_tours\">TWAM Tours<\/a>),<\/span><br \/>\n<span style=\"color: #003366;\"> &#8211;\u00a0\u00a0 \u00a0De faire conna\u00eetre votre pays et ses atouts \u00e0 travers le monde tout en favorisant un dialogue interculturel (via\u00a0<a style=\"color: #003366;\" title=\"TWAM Tours\" href=\"..\/website\/twam_tours\">TWAM Tours)<\/a>,<\/span><br \/>\n<span style=\"color: #003366;\"> &#8211;\u00a0\u00a0 \u00a0D\u2019encourager l\u2019implication de vos salari\u00e9s et leur compr\u00e9hension des d\u00e9fis plan\u00e9taires (via\u00a0<a style=\"color: #003366;\" title=\"TWAM Tours\" href=\"..\/website\/twam_tours\">TWAM Tours<\/a>\u00a0et\u00a0<a style=\"color: #003366;\" title=\"TWAM Trips\" href=\"..\/website\/twam_trips\">TWAM Trips<\/a>),<\/span><\/p>\n<\/div>\n<\/div>\n<\/div>\n<\/div>\n<\/div>\n<\/div>\n<\/div>\n<div id=\"cmsmasters_row_69da22a1203307_03259743\" class=\"cmsmasters_row cmsmasters_color_scheme_default cmsmasters_row_top_default cmsmasters_row_bot_default cmsmasters_row_boxed\">\n<div class=\"cmsmasters_row_outer_parent\">\n<div class=\"cmsmasters_row_outer\">\n<div class=\"cmsmasters_row_inner\">\n<div class=\"cmsmasters_row_margin\">\n<div class=\"cmsmasters_column one_first\">\n<div class=\"cmsmasters_toggles toggles_mode_toggle\">\n<div class=\"cmsmasters_toggle_wrap\" data-tags=\"all \">\n<div class=\"cmsmasters_toggle_title\">\n<span class=\"cmsmasters_toggle_arrow\">\n<\/span>\n<a href=\"#\">- M\u00e9c\u00e9nat<\/a>\n<\/div>\n<div class=\"cmsmasters_toggle\">\n<div class=\"cmsmasters_toggle_inner\">\n<p>TWAM propose aux coop\u00e9rations internationales de l\u2019accompagner dans sa mission sociale.<\/p>\n<p>Ce soutien peut se faire de diff\u00e9rentes mani\u00e8res :<\/p>\n<p><strong>a.\u00a0\u00a0 \u00a0Soutenez l\u2019action g\u00e9n\u00e9rale de TWAM<\/strong><\/p>\n<p>Devenez membre soutien ou\u00a0<a href=\"\/en\/website\/main\/partenaires_twam\/partenaires_institutionnels\/\">partenaire institutionnel<\/a>\u00a0et soutenez TWAM dans sa mission g\u00e9n\u00e9rale.<\/p>\n<p><strong>b.\u00a0\u00a0 \u00a0Soutenez une cause sp\u00e9cifique<\/strong><\/p>\n<p>Votre coop\u00e9ration internationale souhaite faire avancer une cause sp\u00e9cifique ? Le recyclage des d\u00e9chets ? La cause des femmes \u00e0 travers le monde ? La pr\u00e9vention VIH-SIDA ?<\/p>\n<p>TWAM est en mesure de s\u2019adapter \u00e0 cette cause et vous propose de soutenir soit une (ou plusieurs)\u00a0<a href=\"\/en\/website\/twam_support\/bourses_twam\/\">bourses<\/a>\u00a0pour un (ou plusieurs) Twamer(s) cherchant \u00e0 faire avancer cette cause, soit un TWAM Tour, o\u00f9 l\u2019\u00e9quipe TWAM fera avancer cette cause.<\/p>\n<p><strong>c.\u00a0\u00a0 \u00a0Soutenez un projet TWAM existant<\/strong><\/p>\n<p>TWAM vous permet \u00e9galement de soutenir un (ou plusieurs)\u00a0<a title=\"projet(s) \" href=\"\/en\/website\/twam_projects\/\">projet(s)\u00a0<\/a>existant(s) dans un pays d\u2019intervention de TWAM.<\/p>\n<p><strong>d.\u00a0\u00a0\u00a0 Co-cr\u00e9ons un projet<\/strong><\/p>\n<p>TWAM propose aux coop\u00e9rations internationales de mettre son r\u00e9seau, ses outils et son expertise au service de projets \u00e0 co-cr\u00e9er ensemble.<\/p>\n<p>A titre d\u2019exemple, TWAM peut favoriser le dialogue interculturel\/religieux\/ethnique en organisant des \u00e9v\u00e9nements rapprochant les communaut\u00e9s et les cultures.<\/p>\n<\/div>\n<\/div>\n<\/div><div class=\"cmsmasters_toggle_wrap\" data-tags=\"all \">\n<div class=\"cmsmasters_toggle_title\">\n<span class=\"cmsmasters_toggle_arrow\">\n<\/span>\n<a href=\"#\">- Sponsoring<\/a>\n<\/div>\n<div class=\"cmsmasters_toggle\">\n<div class=\"cmsmasters_toggle_inner\">\n<p>Votre coop\u00e9ration est davantage dans une optique de sponsoring que de m\u00e9c\u00e9nat ? TWAM vous propose les pistes de partenariat suivantes :<\/p>\n<p><strong>a. Publicit\u00e9<\/strong><\/p>\n<p>Plateforme web, Twamzine (magazine de TWAM), vid\u00e9os youtube : TWAM propose plusieurs supports pour la publicit\u00e9.<\/p>\n<p><strong>b. Soutien d&rsquo;\u00e9v\u00e9nements<\/strong><\/p>\n<p>TWAM organise\u00a0<a href=\"\/en\/website\/twam_events\/\">diff\u00e9rents types d\u2019\u00e9v\u00e9nements<\/a>\u00a0\u00e0 travers le monde. Nous recherchons constamment des partenaires.<\/p>\n<\/div>\n<\/div>\n<\/div><div class=\"cmsmasters_toggle_wrap\" data-tags=\"all \">\n<div class=\"cmsmasters_toggle_title\">\n<span class=\"cmsmasters_toggle_arrow\">\n<\/span>\n<a href=\"#\">- Faites conna\u00eetre votre pays diff\u00e9remment<\/a>\n<\/div>\n<div class=\"cmsmasters_toggle\">\n<div class=\"cmsmasters_toggle_inner\">\n<p>Vous souhaitez faire conna\u00eetre votre pays, sa culture, ses valeurs, ses merveilles \u00e0 travers le monde ? TWAM vous propose d\u2019organiser des tourn\u00e9es o\u00f9 des habitants de votre pays vont se rendre dans des \u00e9coles ou autres institutions \u00e0 travers le monde pour le faire conna\u00eetre dans le but d\u2019aboutir \u00e0 des dialogues interculturels.<\/p>\n<p>Vous souhaitez faire conna\u00eetre votre pays dans une zone sp\u00e9cifique ? (un pays, une r\u00e9gion, une ville\u2026) A un public sp\u00e9cifique ? (jeunes, moins jeunes\u2026) Durant une p\u00e9riode sp\u00e9cifique ? Gr\u00e2ce \u00e0 son important r\u00e9seau, TWAM est en mesure de s\u2019adapter \u00e0 vos souhaits.<\/p>\n<p>Faire conna\u00eetre une zone g\u00e9ographique constitue pour TWAM un moyen privil\u00e9gi\u00e9 pour cr\u00e9er du lien entre les peuples. Apprendre \u00e0 mieux se conna\u00eetre pour mieux se respecter.<\/p>\n<p>La promotion de votre pays rentre dans le cadre des WORLD\u00a0<a title=\"TWAM Tours\" href=\"\/en\/website\/twam_tours\/\">TWAM Tours<\/a>.<\/p>\n<\/div>\n<\/div>\n<\/div><\/div>\n<\/div>\n<\/div>\n<\/div>\n<\/div>\n<\/div>\n<\/div>","protected":false},"excerpt":{"rendered":"","protected":false},"author":1,"featured_media":0,"parent":6990,"menu_order":0,"comment_status":"closed","ping_status":"closed","template":"","meta":{"footnotes":""},"class_list":["post-5812","page","type-page","status-publish","hentry"],"yoast_head":"<!-- This site is optimized with the Yoast SEO Premium plugin v20.12 (Yoast SEO v27.3) - https:\/\/yoast.com\/product\/yoast-seo-premium-wordpress\/ -->\n<title>Offre de partenariat Coop\u00e9rations Internationales - Association TWAM<\/title>\n<meta name=\"robots\" content=\"index, follow, max-snippet:-1, max-image-preview:large, max-video-preview:-1\" \/>\n<link rel=\"canonical\" href=\"https:\/\/www.travelwithamission.org\/en\/devenez-partenaire-twam\/offre-de-partenariat-cooperations-internationales\/\" \/>\n<meta property=\"og:locale\" content=\"en_US\" \/>\n<meta property=\"og:type\" content=\"article\" \/>\n<meta property=\"og:title\" content=\"Offre de partenariat Coop\u00e9rations Internationales\" \/>\n<meta property=\"og:url\" content=\"https:\/\/www.travelwithamission.org\/en\/devenez-partenaire-twam\/offre-de-partenariat-cooperations-internationales\/\" \/>\n<meta property=\"og:site_name\" content=\"Association TWAM\" \/>\n<meta property=\"article:modified_time\" content=\"2018-08-22T13:29:31+00:00\" \/>\n<meta name=\"twitter:card\" content=\"summary_large_image\" \/>\n<meta name=\"twitter:label1\" content=\"Est. reading time\" \/>\n\t<meta name=\"twitter:data1\" content=\"3 minutes\" \/>\n<script type=\"application\/ld+json\" class=\"yoast-schema-graph\">{\"@context\":\"https:\\\/\\\/schema.org\",\"@graph\":[{\"@type\":\"WebPage\",\"@id\":\"https:\\\/\\\/www.travelwithamission.org\\\/devenez-partenaire-twam\\\/offre-de-partenariat-cooperations-internationales\\\/\",\"url\":\"https:\\\/\\\/www.travelwithamission.org\\\/devenez-partenaire-twam\\\/offre-de-partenariat-cooperations-internationales\\\/\",\"name\":\"Offre de partenariat Coop\u00e9rations Internationales - Association TWAM\",\"isPartOf\":{\"@id\":\"https:\\\/\\\/www.travelwithamission.org\\\/#website\"},\"datePublished\":\"2018-03-09T22:20:01+00:00\",\"dateModified\":\"2018-08-22T13:29:31+00:00\",\"breadcrumb\":{\"@id\":\"https:\\\/\\\/www.travelwithamission.org\\\/devenez-partenaire-twam\\\/offre-de-partenariat-cooperations-internationales\\\/#breadcrumb\"},\"inLanguage\":\"en-US\",\"potentialAction\":[{\"@type\":\"ReadAction\",\"target\":[\"https:\\\/\\\/www.travelwithamission.org\\\/devenez-partenaire-twam\\\/offre-de-partenariat-cooperations-internationales\\\/\"]}]},{\"@type\":\"BreadcrumbList\",\"@id\":\"https:\\\/\\\/www.travelwithamission.org\\\/devenez-partenaire-twam\\\/offre-de-partenariat-cooperations-internationales\\\/#breadcrumb\",\"itemListElement\":[{\"@type\":\"ListItem\",\"position\":1,\"name\":\"Home\",\"item\":\"https:\\\/\\\/www.travelwithamission.org\\\/\"},{\"@type\":\"ListItem\",\"position\":2,\"name\":\"Devenez partenaire TWAM\",\"item\":\"https:\\\/\\\/www.travelwithamission.org\\\/devenez-partenaire-twam\\\/\"},{\"@type\":\"ListItem\",\"position\":3,\"name\":\"Offre de partenariat Coop\u00e9rations Internationales\"}]},{\"@type\":\"WebSite\",\"@id\":\"https:\\\/\\\/www.travelwithamission.org\\\/#website\",\"url\":\"https:\\\/\\\/www.travelwithamission.org\\\/\",\"name\":\"Association TWAM\",\"description\":\"Construire un monde meilleure, ensemble !\",\"potentialAction\":[{\"@type\":\"SearchAction\",\"target\":{\"@type\":\"EntryPoint\",\"urlTemplate\":\"https:\\\/\\\/www.travelwithamission.org\\\/?s={search_term_string}\"},\"query-input\":{\"@type\":\"PropertyValueSpecification\",\"valueRequired\":true,\"valueName\":\"search_term_string\"}}],\"inLanguage\":\"en-US\"}]}<\/script>\n<!-- \/ Yoast SEO Premium plugin. -->","yoast_head_json":{"title":"Offre de partenariat Coop\u00e9rations Internationales - Association TWAM","robots":{"index":"index","follow":"follow","max-snippet":"max-snippet:-1","max-image-preview":"max-image-preview:large","max-video-preview":"max-video-preview:-1"},"canonical":"https:\/\/www.travelwithamission.org\/en\/devenez-partenaire-twam\/offre-de-partenariat-cooperations-internationales\/","og_locale":"en_US","og_type":"article","og_title":"Offre de partenariat Coop\u00e9rations Internationales","og_url":"https:\/\/www.travelwithamission.org\/en\/devenez-partenaire-twam\/offre-de-partenariat-cooperations-internationales\/","og_site_name":"Association TWAM","article_modified_time":"2018-08-22T13:29:31+00:00","twitter_card":"summary_large_image","twitter_misc":{"Est. reading time":"3 minutes"},"schema":{"@context":"https:\/\/schema.org","@graph":[{"@type":"WebPage","@id":"https:\/\/www.travelwithamission.org\/devenez-partenaire-twam\/offre-de-partenariat-cooperations-internationales\/","url":"https:\/\/www.travelwithamission.org\/devenez-partenaire-twam\/offre-de-partenariat-cooperations-internationales\/","name":"Offre de partenariat Coop\u00e9rations Internationales - Association TWAM","isPartOf":{"@id":"https:\/\/www.travelwithamission.org\/#website"},"datePublished":"2018-03-09T22:20:01+00:00","dateModified":"2018-08-22T13:29:31+00:00","breadcrumb":{"@id":"https:\/\/www.travelwithamission.org\/devenez-partenaire-twam\/offre-de-partenariat-cooperations-internationales\/#breadcrumb"},"inLanguage":"en-US","potentialAction":[{"@type":"ReadAction","target":["https:\/\/www.travelwithamission.org\/devenez-partenaire-twam\/offre-de-partenariat-cooperations-internationales\/"]}]},{"@type":"BreadcrumbList","@id":"https:\/\/www.travelwithamission.org\/devenez-partenaire-twam\/offre-de-partenariat-cooperations-internationales\/#breadcrumb","itemListElement":[{"@type":"ListItem","position":1,"name":"Home","item":"https:\/\/www.travelwithamission.org\/"},{"@type":"ListItem","position":2,"name":"Devenez partenaire TWAM","item":"https:\/\/www.travelwithamission.org\/devenez-partenaire-twam\/"},{"@type":"ListItem","position":3,"name":"Offre de partenariat Coop\u00e9rations Internationales"}]},{"@type":"WebSite","@id":"https:\/\/www.travelwithamission.org\/#website","url":"https:\/\/www.travelwithamission.org\/","name":"Association TWAM","description":"Construire un monde meilleure, ensemble !","potentialAction":[{"@type":"SearchAction","target":{"@type":"EntryPoint","urlTemplate":"https:\/\/www.travelwithamission.org\/?s={search_term_string}"},"query-input":{"@type":"PropertyValueSpecification","valueRequired":true,"valueName":"search_term_string"}}],"inLanguage":"en-US"}]}},"_links":{"self":[{"href":"https:\/\/www.travelwithamission.org\/en\/wp-json\/wp\/v2\/pages\/5812","targetHints":{"allow":["GET"]}}],"collection":[{"href":"https:\/\/www.travelwithamission.org\/en\/wp-json\/wp\/v2\/pages"}],"about":[{"href":"https:\/\/www.travelwithamission.org\/en\/wp-json\/wp\/v2\/types\/page"}],"author":[{"embeddable":true,"href":"https:\/\/www.travelwithamission.org\/en\/wp-json\/wp\/v2\/users\/1"}],"replies":[{"embeddable":true,"href":"https:\/\/www.travelwithamission.org\/en\/wp-json\/wp\/v2\/comments?post=5812"}],"version-history":[{"count":3,"href":"https:\/\/www.travelwithamission.org\/en\/wp-json\/wp\/v2\/pages\/5812\/revisions"}],"predecessor-version":[{"id":6232,"href":"https:\/\/www.travelwithamission.org\/en\/wp-json\/wp\/v2\/pages\/5812\/revisions\/6232"}],"up":[{"embeddable":true,"href":"https:\/\/www.travelwithamission.org\/en\/wp-json\/wp\/v2\/pages\/6990"}],"wp:attachment":[{"href":"https:\/\/www.travelwithamission.org\/en\/wp-json\/wp\/v2\/media?parent=5812"}],"curies":[{"name":"wp","href":"https:\/\/api.w.org\/{rel}","templated":true}]}}