{"id":5806,"date":"2018-03-09T23:00:39","date_gmt":"2018-03-09T22:00:39","guid":{"rendered":"https:\/\/association.travelwithamission.org\/?page_id=5806"},"modified":"2018-08-22T15:29:21","modified_gmt":"2018-08-22T13:29:21","slug":"offre-club-de-service","status":"publish","type":"page","link":"https:\/\/www.travelwithamission.org\/en\/devenez-partenaire-twam\/offre-club-de-service\/","title":{"rendered":"Offre Club de service"},"content":{"rendered":"<style type=\"text\/css\"> \n#cmsmasters_row_69d571dc0f3f28_48278118 .cmsmasters_row_outer_parent { \n\tpadding-top: 0px; \n} \n\n#cmsmasters_row_69d571dc0f3f28_48278118 .cmsmasters_row_outer_parent { \n\tpadding-bottom: 0px; \n} \n\n \n#cmsmasters_row_69d571dc0f5d13_20698283 .cmsmasters_row_outer_parent { \n\tpadding-top: 0px; \n} \n\n#cmsmasters_row_69d571dc0f5d13_20698283 .cmsmasters_row_outer_parent { \n\tpadding-bottom: 0px; \n} \n\n<\/style><div id=\"cmsmasters_row_69d571dc0f3f28_48278118\" class=\"cmsmasters_row cmsmasters_color_scheme_default cmsmasters_row_top_default cmsmasters_row_bot_default cmsmasters_row_boxed\">\n<div class=\"cmsmasters_row_outer_parent\">\n<div class=\"cmsmasters_row_outer\">\n<div class=\"cmsmasters_row_inner\">\n<div class=\"cmsmasters_row_margin\">\n<div class=\"cmsmasters_column one_first\">\n<div class=\"cmsmasters_text\">\n<h2><strong><span style=\"color: #003366;\">Offre de partenariat Clubs de service<\/span><\/strong><\/h2>\n<p><span style=\"color: #003366;\">TWAM propose aux clubs de service un partenariat autour de plusieurs axes devant permettre :<\/span><\/p>\n<p><span style=\"color: #003366;\">&#8211; Le soutien de projets ou causes sp\u00e9cifiques rentrant dans le cadre des objectifs de votre club via :<\/span><br \/>\n<span style=\"color: #003366;\"> &#8211; Le m\u00e9c\u00e9nat de projets propos\u00e9s par TWAM,<\/span><br \/>\n<span style=\"color: #003366;\"> &#8211; La mise en place de\u00a0<a style=\"color: #003366;\" title=\"bourses\" href=\"\/en\/website\/twam_support\/bourses_twam\/\">bourses<\/a>\u00a0TWAM-Rotary propos\u00e9es aux Twamers et Twamhosts<\/span><br \/>\n<span style=\"color: #003366;\"> &#8211; L\u2019accompagnement de porteurs de projets afin d\u2019optimiser et d\u2019\u00e9valuer leur impact,<\/span><br \/>\n<span style=\"color: #003366;\"> &#8211; L\u2019envoi de jeunes de votre communaut\u00e9 pour faire du\u00a0<a style=\"color: #003366;\" href=\"\/en\/website\/twam_volunteering\/\">volontariat \u00e0 l\u2019international<\/a>,<\/span><br \/>\n<span style=\"color: #003366;\"> &#8211; L\u2019envoi de jeunes de votre communaut\u00e9 pour faire des\u00a0<a style=\"color: #003366;\" href=\"\/en\/website\/twam_trips\/\">TWAM Trips<\/a>\u00a0afin de mieux comprendre les d\u00e9fis plan\u00e9taires.<\/span><br \/>\n<span style=\"color: #003366;\"> &#8211; La\u00a0<a style=\"color: #003366;\" href=\"\/en\/website\/twam_tours\/\">r\u00e9ception d\u2019intervenants<\/a>\u00a0sur diff\u00e9rentes th\u00e9matiques.<\/span><\/p>\n<\/div>\n<\/div>\n<\/div>\n<\/div>\n<\/div>\n<\/div>\n<\/div>\n<div id=\"cmsmasters_row_69d571dc0f5d13_20698283\" class=\"cmsmasters_row cmsmasters_color_scheme_default cmsmasters_row_top_default cmsmasters_row_bot_default cmsmasters_row_boxed\">\n<div class=\"cmsmasters_row_outer_parent\">\n<div class=\"cmsmasters_row_outer\">\n<div class=\"cmsmasters_row_inner\">\n<div class=\"cmsmasters_row_margin\">\n<div class=\"cmsmasters_column one_first\">\n<div class=\"cmsmasters_toggles toggles_mode_accordion\">\n<div class=\"cmsmasters_toggle_wrap\" data-tags=\"all \">\n<div class=\"cmsmasters_toggle_title\">\n<span class=\"cmsmasters_toggle_arrow\">\n<\/span>\n<a href=\"#\">- M\u00e9c\u00e9nat<\/a>\n<\/div>\n<div class=\"cmsmasters_toggle\">\n<div class=\"cmsmasters_toggle_inner\">\n<p>TWAM propose aux clubs de service de l\u2019accompagner dans sa mission sociale.<\/p>\n<p>Ce soutien peut se faire de diff\u00e9rentes mani\u00e8res :<\/p>\n<p><strong>a. Soutenez l\u2019action g\u00e9n\u00e9rale de TWAM<\/strong><\/p>\n<p>Devenez membre soutien ou\u00a0<a href=\"\/en\/website\/main\/partenaires_twam\/partenaires_institutionnels\/\">partenaire institutionnel<\/a>\u00a0et soutenez TWAM dans sa mission g\u00e9n\u00e9rale.<\/p>\n<p><strong>b. Soutenez une cause sp\u00e9cifique<\/strong><\/p>\n<p>Votre club souhaite soutenir une cause sp\u00e9cifique ? Le recyclage des d\u00e9chets ? La cause des femmes \u00e0 travers le monde ? La pr\u00e9vention VIH-SIDA ? La Paix ? La sensibilisation aux probl\u00e8mes li\u00e9s \u00e0 l\u2019eau ?<\/p>\n<p>TWAM est en mesure de s\u2019adapter \u00e0 cette cause et vous propose de soutenir soit une (ou plusieurs)\u00a0<a href=\"\/en\/website\/twam_support\/bourses_twam\/\">bourse(s)<\/a>\u00a0pour un (ou plusieurs) Twamer(s) cherchant \u00e0 faire avancer cette cause, soit un\u00a0<a href=\"..\/website\/twam_tours\">TWAM Tour<\/a>, o\u00f9 l\u2019\u00e9quipe TWAM fera avancer cette cause. Voir par exemple la bourse TWAM\/Rotary men\u00e9e en faveur des femmes.<\/p>\n<p><strong>c. Soutenez un projet sp\u00e9cifique<\/strong><\/p>\n<p>TWAM vous permet \u00e9galement de soutenir un\u00a0<a href=\"\/en\/website\/twam_projects\/\">projet sp\u00e9cifique<\/a>\u00a0dans un pays de votre choix.<\/p>\n<p>&nbsp;<\/p>\n<\/div>\n<\/div>\n<\/div><div class=\"cmsmasters_toggle_wrap\" data-tags=\"all \">\n<div class=\"cmsmasters_toggle_title\">\n<span class=\"cmsmasters_toggle_arrow\">\n<\/span>\n<a href=\"#\">- Impliquez votre communaut\u00e9<\/a>\n<\/div>\n<div class=\"cmsmasters_toggle\">\n<div class=\"cmsmasters_toggle_inner\">\n<p>TWAM permet \u00e0 votre communaut\u00e9 de se rendre utile \u00e0 travers le monde.<\/p>\n<p><strong>a. Volontariat TWAM<\/strong><\/p>\n<p>Fort de nombreux partenariats nou\u00e9s \u00e0 travers le monde, TWAM propose aux jeunes et moins jeunes de votre communaut\u00e9 un service \u00ab cl\u00e9 en main \u00bb pour r\u00e9aliser une\u00a0<a href=\"\/en\/website\/twam_volunteering\/\">mission de volontariat<\/a>\u00a0sur le terrain.<\/p>\n<p>D\u2019une dur\u00e9e de 2 semaines minimum, celle-ci impactera fortement la vie de ces jeunes souhaitant se rendre utile et r\u00e9pondra \u00e0 un besoin local.<\/p>\n<p>Transport, assurance, logement, restauration, accompagnement avant, pendant et apr\u00e8s. TWAM s\u2019occupe de tout pour vous.<\/p>\n<p><strong>b. Twaming organis\u00e9<\/strong><\/p>\n<p>Les jeunes de votre communaut\u00e9 souhaitent faire des ateliers tr\u00e8s courts (en g\u00e9n\u00e9ral 1 journ\u00e9e maximum) dans plusieurs institutions ?<\/p>\n<p>Si le format \u00ab\u00a0<a title=\"interventions tr\u00e8s courtes itin\u00e9rantes\" href=\"\/en\/website\/twam_volunteering\/options_twam_volunteering\/twaming_organise\/\">interventions tr\u00e8s courtes itin\u00e9rantes<\/a>\u00a0\u00bb convient mieux aux jeunes de votre communaut\u00e9, TWAM peut s\u2019occuper de tout pour eux.<\/p>\n<p>Dans ce cas de figure, TWAM \u00e9tudie le message \u00e0 d\u00e9livrer puis le propose \u00e0 ses partenaires (\u00e9coles, associations, etc.) qui int\u00e8grent leur pr\u00e9sence dans leur planning. TWAM s\u2019occupe de toute la logistique.<\/p>\n<p>Demandez-nous un devis \u00e0 l&rsquo;adresse\u00a0<a href=\"mailto:info@travelwithamission.org\">info@travelwithamission.org<\/a>.<\/p>\n<p><strong>c. TWAM Trips<\/strong><\/p>\n<p>\u00ab\u00a0<em>Mieux comprendre pour mieux agir<\/em>\u00a0\u00bb<\/p>\n<p>Et si vous permettiez aux jeunes de votre communaut\u00e9 de sortir de leur bulle, de faire face \u00e0 la r\u00e9alit\u00e9 du monde qui les entoure ?<\/p>\n<p>Dans sa volont\u00e9 de favoriser le dialogue interculturel, la compr\u00e9hension des d\u00e9fis plan\u00e9taires et des autres peuples, TWAM organise des voyages \u00ab cl\u00e9 en main \u00bb dans des pays en voie de d\u00e9veloppement. Ceux-ci sont appel\u00e9s les \u00ab\u00a0<a href=\"..\/website\/twam_trips\">TWAM Trips<\/a>\u00a0\u00bb.<\/p>\n<p>Durant ceux-ci :<\/p>\n<p>&#8211;\u00a0\u00a0 \u00a0\u00ab vos \u00bb jeunes sont log\u00e9s chez l\u2019habitant dans des quartiers aux conditions tr\u00e8s modestes, un moyen de vivre le quotidien des familles d\u2019accueil et d\u2019\u00e9changer avec elles,<\/p>\n<p>&#8211;\u00a0\u00a0 \u00a0\u00ab vos \u00bb jeunes participent \u00e0 des conf\u00e9rences et \u00e0 des visites leur permettant de mieux comprendre le quotidien et les d\u00e9fis rencontr\u00e9s par les populations locales visit\u00e9es.<\/p>\n<p>&#8211; \u00a0\u00a0 \u00a0\u00abvos\u00bb jeunes rencontrent des entrepreneurs sociaux cherchant \u00e0 changer leur communaut\u00e9.<\/p>\n<p>&#8211;\u00a0\u00a0 \u00a0Possibilit\u00e9 \u00e9galement de faire du Twaming organis\u00e9 durant ce voyage.<\/p>\n<p>Permettre \u00e0 \u00ab vos \u00bb jeunes de s\u2019immerger dans la r\u00e9alit\u00e9 et les d\u00e9fis d\u2019un pays en voie de d\u00e9veloppement, c\u2019est leur faire vivre une aventure inoubliable qui impactera leur fa\u00e7on de penser et de se comporter de fa\u00e7on durable.<\/p>\n<p>Ces s\u00e9jours peuvent \u00eatre sp\u00e9cialis\u00e9s et orient\u00e9s selon vos demandes.<\/p>\n<p>Dur\u00e9e : 1 \u00e0 3 semaines.<\/p>\n<\/div>\n<\/div>\n<\/div><div class=\"cmsmasters_toggle_wrap\" data-tags=\"all \">\n<div class=\"cmsmasters_toggle_title\">\n<span class=\"cmsmasters_toggle_arrow\">\n<\/span>\n<a href=\"#\">- Recevez des intervenants de qualit\u00e9<\/a>\n<\/div>\n<div class=\"cmsmasters_toggle\">\n<div class=\"cmsmasters_toggle_inner\">\n<p>Recevez dans votre club des intervenants sur des th\u00e9matiques importantes pour l\u2019humanit\u00e9. Permettez aux membres de votre club de s\u2019ouvrir au monde qui les entoure, de mieux comprendre les grands d\u00e9fis plan\u00e9taires ou de trouver inspiration aupr\u00e8s d\u2019intervenants de qualit\u00e9, soigneusement s\u00e9lectionn\u00e9s par TWAM.<\/p>\n<p>Que ce soit de fa\u00e7on r\u00e9guli\u00e8re (par exemple chaque semaine lors de votre r\u00e9union hebdomadaire) ou ponctuelle, TWAM met \u00e0 votre disposition ses experts sur des th\u00e9matiques \u00e0 d\u00e9finir ensemble. Celles-ci peuvent \u00eatre par exemple li\u00e9es :<\/p>\n<p>&#8211;\u00a0\u00a0 \u00a0A la sant\u00e9 (sensibilisation sur une maladie ou des gestes importants \u00e0 effectuer),<\/p>\n<p>&#8211;\u00a0\u00a0 \u00a0A l\u2019environnement (sensibilisation au r\u00e9chauffement climatique, aux \u00e9nergies alternatives, etc.),<\/p>\n<p>&#8211;\u00a0\u00a0 \u00a0A des d\u00e9fis plan\u00e9taires (d\u00e9mographie, guerres, etc.),<\/p>\n<p>&#8211;\u00a0\u00a0 \u00a0Au monde qui les entoure (connaissances d\u2019autres cultures, d\u2019autres pays),<\/p>\n<p>&#8211;\u00a0\u00a0 \u00a0A des exp\u00e9riences personnelles inspirantes,<\/p>\n<p>&#8211;\u00a0\u00a0 \u00a0Etc.<\/p>\n<p>TWAM peut \u00e9galement organiser des expositions sur un th\u00e8me ou un autre.<\/p>\n<p>Contactez-nous par email \u00e0 l\u2019adresse\u00a0<a href=\"mailto:info@travelwithamission.org\">info@travelwithamission.org<\/a>\u00a0et faites-nous part de vos attentes.<\/p>\n<p>Plus de d\u00e9tails sur les\u00a0<a href=\"..\/website\/twam_tours\">TWAM Tours<\/a>.<\/p>\n<p>N\u2019h\u00e9sitez pas non plus \u00e0 cr\u00e9er un profil gratuit sur la plateforme en tant que Twamhost.<\/p>\n<\/div>\n<\/div>\n<\/div><\/div>\n<\/div>\n<\/div>\n<\/div>\n<\/div>\n<\/div>\n<\/div>","protected":false},"excerpt":{"rendered":"","protected":false},"author":1,"featured_media":0,"parent":6990,"menu_order":0,"comment_status":"closed","ping_status":"closed","template":"","meta":{"footnotes":""},"class_list":["post-5806","page","type-page","status-publish","hentry"],"yoast_head":"<!-- This site is optimized with the Yoast SEO Premium plugin v20.12 (Yoast SEO v27.3) - https:\/\/yoast.com\/product\/yoast-seo-premium-wordpress\/ -->\n<title>Offre Club de service - Association TWAM<\/title>\n<meta name=\"robots\" content=\"index, follow, max-snippet:-1, max-image-preview:large, max-video-preview:-1\" \/>\n<link rel=\"canonical\" href=\"https:\/\/www.travelwithamission.org\/en\/devenez-partenaire-twam\/offre-club-de-service\/\" \/>\n<meta property=\"og:locale\" content=\"en_US\" \/>\n<meta property=\"og:type\" content=\"article\" \/>\n<meta property=\"og:title\" content=\"Offre Club de service\" \/>\n<meta property=\"og:url\" content=\"https:\/\/www.travelwithamission.org\/en\/devenez-partenaire-twam\/offre-club-de-service\/\" \/>\n<meta property=\"og:site_name\" content=\"Association TWAM\" \/>\n<meta property=\"article:modified_time\" content=\"2018-08-22T13:29:21+00:00\" \/>\n<meta name=\"twitter:card\" content=\"summary_large_image\" \/>\n<meta name=\"twitter:label1\" content=\"Est. reading time\" \/>\n\t<meta name=\"twitter:data1\" content=\"5 minutes\" \/>\n<script type=\"application\/ld+json\" class=\"yoast-schema-graph\">{\"@context\":\"https:\\\/\\\/schema.org\",\"@graph\":[{\"@type\":\"WebPage\",\"@id\":\"https:\\\/\\\/www.travelwithamission.org\\\/devenez-partenaire-twam\\\/offre-club-de-service\\\/\",\"url\":\"https:\\\/\\\/www.travelwithamission.org\\\/devenez-partenaire-twam\\\/offre-club-de-service\\\/\",\"name\":\"Offre Club de service - Association TWAM\",\"isPartOf\":{\"@id\":\"https:\\\/\\\/www.travelwithamission.org\\\/#website\"},\"datePublished\":\"2018-03-09T22:00:39+00:00\",\"dateModified\":\"2018-08-22T13:29:21+00:00\",\"breadcrumb\":{\"@id\":\"https:\\\/\\\/www.travelwithamission.org\\\/devenez-partenaire-twam\\\/offre-club-de-service\\\/#breadcrumb\"},\"inLanguage\":\"en-US\",\"potentialAction\":[{\"@type\":\"ReadAction\",\"target\":[\"https:\\\/\\\/www.travelwithamission.org\\\/devenez-partenaire-twam\\\/offre-club-de-service\\\/\"]}]},{\"@type\":\"BreadcrumbList\",\"@id\":\"https:\\\/\\\/www.travelwithamission.org\\\/devenez-partenaire-twam\\\/offre-club-de-service\\\/#breadcrumb\",\"itemListElement\":[{\"@type\":\"ListItem\",\"position\":1,\"name\":\"Home\",\"item\":\"https:\\\/\\\/www.travelwithamission.org\\\/\"},{\"@type\":\"ListItem\",\"position\":2,\"name\":\"Devenez partenaire TWAM\",\"item\":\"https:\\\/\\\/www.travelwithamission.org\\\/devenez-partenaire-twam\\\/\"},{\"@type\":\"ListItem\",\"position\":3,\"name\":\"Offre Club de service\"}]},{\"@type\":\"WebSite\",\"@id\":\"https:\\\/\\\/www.travelwithamission.org\\\/#website\",\"url\":\"https:\\\/\\\/www.travelwithamission.org\\\/\",\"name\":\"Association TWAM\",\"description\":\"Construire un monde meilleure, ensemble !\",\"potentialAction\":[{\"@type\":\"SearchAction\",\"target\":{\"@type\":\"EntryPoint\",\"urlTemplate\":\"https:\\\/\\\/www.travelwithamission.org\\\/?s={search_term_string}\"},\"query-input\":{\"@type\":\"PropertyValueSpecification\",\"valueRequired\":true,\"valueName\":\"search_term_string\"}}],\"inLanguage\":\"en-US\"}]}<\/script>\n<!-- \/ Yoast SEO Premium plugin. -->","yoast_head_json":{"title":"Offre Club de service - Association TWAM","robots":{"index":"index","follow":"follow","max-snippet":"max-snippet:-1","max-image-preview":"max-image-preview:large","max-video-preview":"max-video-preview:-1"},"canonical":"https:\/\/www.travelwithamission.org\/en\/devenez-partenaire-twam\/offre-club-de-service\/","og_locale":"en_US","og_type":"article","og_title":"Offre Club de service","og_url":"https:\/\/www.travelwithamission.org\/en\/devenez-partenaire-twam\/offre-club-de-service\/","og_site_name":"Association TWAM","article_modified_time":"2018-08-22T13:29:21+00:00","twitter_card":"summary_large_image","twitter_misc":{"Est. reading time":"5 minutes"},"schema":{"@context":"https:\/\/schema.org","@graph":[{"@type":"WebPage","@id":"https:\/\/www.travelwithamission.org\/devenez-partenaire-twam\/offre-club-de-service\/","url":"https:\/\/www.travelwithamission.org\/devenez-partenaire-twam\/offre-club-de-service\/","name":"Offre Club de service - Association TWAM","isPartOf":{"@id":"https:\/\/www.travelwithamission.org\/#website"},"datePublished":"2018-03-09T22:00:39+00:00","dateModified":"2018-08-22T13:29:21+00:00","breadcrumb":{"@id":"https:\/\/www.travelwithamission.org\/devenez-partenaire-twam\/offre-club-de-service\/#breadcrumb"},"inLanguage":"en-US","potentialAction":[{"@type":"ReadAction","target":["https:\/\/www.travelwithamission.org\/devenez-partenaire-twam\/offre-club-de-service\/"]}]},{"@type":"BreadcrumbList","@id":"https:\/\/www.travelwithamission.org\/devenez-partenaire-twam\/offre-club-de-service\/#breadcrumb","itemListElement":[{"@type":"ListItem","position":1,"name":"Home","item":"https:\/\/www.travelwithamission.org\/"},{"@type":"ListItem","position":2,"name":"Devenez partenaire TWAM","item":"https:\/\/www.travelwithamission.org\/devenez-partenaire-twam\/"},{"@type":"ListItem","position":3,"name":"Offre Club de service"}]},{"@type":"WebSite","@id":"https:\/\/www.travelwithamission.org\/#website","url":"https:\/\/www.travelwithamission.org\/","name":"Association TWAM","description":"Construire un monde meilleure, ensemble !","potentialAction":[{"@type":"SearchAction","target":{"@type":"EntryPoint","urlTemplate":"https:\/\/www.travelwithamission.org\/?s={search_term_string}"},"query-input":{"@type":"PropertyValueSpecification","valueRequired":true,"valueName":"search_term_string"}}],"inLanguage":"en-US"}]}},"_links":{"self":[{"href":"https:\/\/www.travelwithamission.org\/en\/wp-json\/wp\/v2\/pages\/5806","targetHints":{"allow":["GET"]}}],"collection":[{"href":"https:\/\/www.travelwithamission.org\/en\/wp-json\/wp\/v2\/pages"}],"about":[{"href":"https:\/\/www.travelwithamission.org\/en\/wp-json\/wp\/v2\/types\/page"}],"author":[{"embeddable":true,"href":"https:\/\/www.travelwithamission.org\/en\/wp-json\/wp\/v2\/users\/1"}],"replies":[{"embeddable":true,"href":"https:\/\/www.travelwithamission.org\/en\/wp-json\/wp\/v2\/comments?post=5806"}],"version-history":[{"count":8,"href":"https:\/\/www.travelwithamission.org\/en\/wp-json\/wp\/v2\/pages\/5806\/revisions"}],"predecessor-version":[{"id":6215,"href":"https:\/\/www.travelwithamission.org\/en\/wp-json\/wp\/v2\/pages\/5806\/revisions\/6215"}],"up":[{"embeddable":true,"href":"https:\/\/www.travelwithamission.org\/en\/wp-json\/wp\/v2\/pages\/6990"}],"wp:attachment":[{"href":"https:\/\/www.travelwithamission.org\/en\/wp-json\/wp\/v2\/media?parent=5806"}],"curies":[{"name":"wp","href":"https:\/\/api.w.org\/{rel}","templated":true}]}}