{"id":5802,"date":"2018-03-07T23:22:04","date_gmt":"2018-03-07T22:22:04","guid":{"rendered":"https:\/\/association.travelwithamission.org\/?page_id=5802"},"modified":"2018-08-22T15:29:04","modified_gmt":"2018-08-22T13:29:04","slug":"offre-associations-de-playdoyer","status":"publish","type":"page","link":"https:\/\/www.travelwithamission.org\/en\/devenez-partenaire-twam\/offre-associations-de-playdoyer\/","title":{"rendered":"Offre Associations de playdoyer"},"content":{"rendered":"<style type=\"text\/css\"> \n#cmsmasters_row_69d784afc2d802_88098822 .cmsmasters_row_outer_parent { \n\tpadding-top: 0px; \n} \n\n#cmsmasters_row_69d784afc2d802_88098822 .cmsmasters_row_outer_parent { \n\tpadding-bottom: 0px; \n} \n\n \n#cmsmasters_row_69d784afc317b2_26849927 .cmsmasters_row_outer_parent { \n\tpadding-top: 0px; \n} \n\n#cmsmasters_row_69d784afc317b2_26849927 .cmsmasters_row_outer_parent { \n\tpadding-bottom: 50px; \n} \n\n<\/style><div id=\"cmsmasters_row_69d784afc2d802_88098822\" class=\"cmsmasters_row cmsmasters_color_scheme_default cmsmasters_row_top_default cmsmasters_row_bot_default cmsmasters_row_boxed\">\n<div class=\"cmsmasters_row_outer_parent\">\n<div class=\"cmsmasters_row_outer\">\n<div class=\"cmsmasters_row_inner\">\n<div class=\"cmsmasters_row_margin\">\n<div class=\"cmsmasters_column one_first\">\n<div class=\"cmsmasters_text\">\n<h2><strong><span style=\"color: #003366;\">Offre Associations de playdoyer<\/span><\/strong><\/h2>\n<p><span style=\"color: #003366;\">TWAM propose aux associations de plaidoyer cherchant \u00e0 diffuser un message d\u2019int\u00e9r\u00eat g\u00e9n\u00e9ral les axes de collaboration suivants :<\/span><\/p>\n<\/div>\n<\/div>\n<\/div>\n<\/div>\n<\/div>\n<\/div>\n<\/div>\n<div id=\"cmsmasters_row_69d784afc317b2_26849927\" class=\"cmsmasters_row cmsmasters_color_scheme_default cmsmasters_row_top_default cmsmasters_row_bot_default cmsmasters_row_boxed\">\n<div class=\"cmsmasters_row_outer_parent\">\n<div class=\"cmsmasters_row_outer\">\n<div class=\"cmsmasters_row_inner\">\n<div class=\"cmsmasters_row_margin\">\n<div class=\"cmsmasters_column one_first\">\n<div class=\"cmsmasters_toggles toggles_mode_toggle\">\n<div class=\"cmsmasters_toggle_wrap\" data-tags=\"all \">\n<div class=\"cmsmasters_toggle_title\">\n<span class=\"cmsmasters_toggle_arrow\">\n<\/span>\n<a href=\"#\">1. TWAM Tours<\/a>\n<\/div>\n<div class=\"cmsmasters_toggle\">\n<div class=\"cmsmasters_toggle_inner\">\n<p>Afin de vous aider \u00e0 faire avancer votre cause et \u00e0 diffuser votre message d\u2019int\u00e9r\u00eat g\u00e9n\u00e9ral (li\u00e9 par exemple \u00e0 l\u2019environnement, \u00e0 la sant\u00e9, etc.), TWAM vous propose d\u2019organiser une\u00a0<a href=\"..\/website\/twam_tours\">TWAM Tour<\/a>\u00a0au sein d\u2019institutions (\u00e9coles, ONG, etc.), dans des zones g\u00e9ographiques (ville, r\u00e9gion, pays) et pour des types de public (jeunes, moins jeunes) \u00e0 d\u00e9finir ensemble.<\/p>\n<p>Gr\u00e2ce \u00e0 son important r\u00e9seau mondial, TWAM est en mesure de totalement s\u2019adapter \u00e0 vos besoins.<\/p>\n<p>Faites-nous part de vos besoins \u00e0 l\u2019adresse\u00a0<a href=\"mailto:info@travelwithamission.org\">info@travelwithamission.org<\/a>, nous vous ferons parvenir un devis.<\/p>\n<\/div>\n<\/div>\n<\/div><div class=\"cmsmasters_toggle_wrap\" data-tags=\"all \">\n<div class=\"cmsmasters_toggle_title\">\n<span class=\"cmsmasters_toggle_arrow\">\n<\/span>\n<a href=\"#\">2. Les bourses<\/a>\n<\/div>\n<div class=\"cmsmasters_toggle\">\n<div class=\"cmsmasters_toggle_inner\">\n<p>Dans un autre registre, il est possible de soutenir des Twamers diffusant un message proche de celui que vous souhaitez d\u00e9livrer avec une\u00a0<a href=\"..\/website\/twam_support\/bourses_twam\">bourse<\/a>.<\/p>\n<\/div>\n<\/div>\n<\/div><div class=\"cmsmasters_toggle_wrap\" data-tags=\"all \">\n<div class=\"cmsmasters_toggle_title\">\n<span class=\"cmsmasters_toggle_arrow\">\n<\/span>\n<a href=\"#\">3. Projets<\/a>\n<\/div>\n<div class=\"cmsmasters_toggle\">\n<div class=\"cmsmasters_toggle_inner\">\n<p>La mise en place d\u2019un\u00a0<a href=\"..\/website\/twam_projects\">projet sp\u00e9cifique<\/a>\u00a0correspondant au message que vous souhaitez d\u00e9livrer est envisageable. Parlons-en.<\/p>\n<\/div>\n<\/div>\n<\/div><div class=\"cmsmasters_toggle_wrap\" data-tags=\"all \">\n<div class=\"cmsmasters_toggle_title\">\n<span class=\"cmsmasters_toggle_arrow\">\n<\/span>\n<a href=\"#\">4. Publicit\u00e9<\/a>\n<\/div>\n<div class=\"cmsmasters_toggle\">\n<div class=\"cmsmasters_toggle_inner\">\n<p>Vous souhaitez faire de la publicit\u00e9 pour un message sp\u00e9cifique. Contactez-nous pour en discuter.<\/p>\n<\/div>\n<\/div>\n<\/div><div class=\"cmsmasters_toggle_wrap\" data-tags=\"all \">\n<div class=\"cmsmasters_toggle_title\">\n<span class=\"cmsmasters_toggle_arrow\">\n<\/span>\n<a href=\"#\">5. Volontariat (TWAM Volunteering)<\/a>\n<\/div>\n<div class=\"cmsmasters_toggle\">\n<div class=\"cmsmasters_toggle_inner\">\n<p>Vous souhaitez que des\u00a0<a href=\"..\/website\/twam_volunteering\">volontaires<\/a>\u00a0soient envoy\u00e9s sur le terrain pour un projet sp\u00e9cifique ? Parlons-en.<\/p>\n<\/div>\n<\/div>\n<\/div><div class=\"cmsmasters_toggle_wrap\" data-tags=\"all \">\n<div class=\"cmsmasters_toggle_title\">\n<span class=\"cmsmasters_toggle_arrow\">\n<\/span>\n<a href=\"#\">6. Voyages solidaires (TWAM Trips)<\/a>\n<\/div>\n<div class=\"cmsmasters_toggle\">\n<div class=\"cmsmasters_toggle_inner\">\n<p>Vous souhaitez faire conna\u00eetre une cause d\u2019int\u00e9r\u00eat g\u00e9n\u00e9ral ? Un\u00a0<a title=\"Reality TWAM Trip\" href=\"..\/website\/twam_trips\">Reality TWAM Trip<\/a>\u00a0peut \u00e9ventuellement \u00eatre organis\u00e9 sur ce th\u00e8me. Parlons-en.<\/p>\n<\/div>\n<\/div>\n<\/div><div class=\"cmsmasters_toggle_wrap\" data-tags=\"all \">\n<div class=\"cmsmasters_toggle_title\">\n<span class=\"cmsmasters_toggle_arrow\">\n<\/span>\n<a href=\"#\">7. La plateforme TWAM<\/a>\n<\/div>\n<div class=\"cmsmasters_toggle\">\n<div class=\"cmsmasters_toggle_inner\">\n<p>La\u00a0<a href=\"\/en\/app\/platform\/#\/signup\">plateforme TWAM<\/a>\u00a0a \u00e9t\u00e9 mise en place pour favoriser la rencontre directe et gratuite entre ceux souhaitant partager et ceux souhaitant recevoir. N\u2019h\u00e9sitez pas \u00e0 l\u2019utiliser.<\/p>\n<\/div>\n<\/div>\n<\/div><\/div>\n<\/div>\n<\/div>\n<\/div>\n<\/div>\n<\/div>\n<\/div>","protected":false},"excerpt":{"rendered":"","protected":false},"author":1,"featured_media":0,"parent":6990,"menu_order":0,"comment_status":"closed","ping_status":"closed","template":"","meta":{"footnotes":""},"class_list":["post-5802","page","type-page","status-publish","hentry"],"yoast_head":"<!-- This site is optimized with the Yoast SEO Premium plugin v20.12 (Yoast SEO v27.3) - https:\/\/yoast.com\/product\/yoast-seo-premium-wordpress\/ -->\n<title>Offre Associations de playdoyer - Association TWAM<\/title>\n<meta name=\"robots\" content=\"index, follow, max-snippet:-1, max-image-preview:large, max-video-preview:-1\" \/>\n<link rel=\"canonical\" href=\"https:\/\/www.travelwithamission.org\/en\/devenez-partenaire-twam\/offre-associations-de-playdoyer\/\" \/>\n<meta property=\"og:locale\" content=\"en_US\" \/>\n<meta property=\"og:type\" content=\"article\" \/>\n<meta property=\"og:title\" content=\"Offre Associations de playdoyer\" \/>\n<meta property=\"og:url\" content=\"https:\/\/www.travelwithamission.org\/en\/devenez-partenaire-twam\/offre-associations-de-playdoyer\/\" \/>\n<meta property=\"og:site_name\" content=\"Association TWAM\" \/>\n<meta property=\"article:modified_time\" content=\"2018-08-22T13:29:04+00:00\" \/>\n<meta name=\"twitter:card\" content=\"summary_large_image\" \/>\n<meta name=\"twitter:label1\" content=\"Est. reading time\" \/>\n\t<meta name=\"twitter:data1\" content=\"2 minutes\" \/>\n<script type=\"application\/ld+json\" class=\"yoast-schema-graph\">{\"@context\":\"https:\\\/\\\/schema.org\",\"@graph\":[{\"@type\":\"WebPage\",\"@id\":\"https:\\\/\\\/www.travelwithamission.org\\\/en\\\/devenez-partenaire-twam\\\/offre-associations-de-playdoyer\\\/\",\"url\":\"https:\\\/\\\/www.travelwithamission.org\\\/en\\\/devenez-partenaire-twam\\\/offre-associations-de-playdoyer\\\/\",\"name\":\"Offre Associations de playdoyer - Association TWAM\",\"isPartOf\":{\"@id\":\"https:\\\/\\\/www.travelwithamission.org\\\/#website\"},\"datePublished\":\"2018-03-07T22:22:04+00:00\",\"dateModified\":\"2018-08-22T13:29:04+00:00\",\"breadcrumb\":{\"@id\":\"https:\\\/\\\/www.travelwithamission.org\\\/en\\\/devenez-partenaire-twam\\\/offre-associations-de-playdoyer\\\/#breadcrumb\"},\"inLanguage\":\"en-US\",\"potentialAction\":[{\"@type\":\"ReadAction\",\"target\":[\"https:\\\/\\\/www.travelwithamission.org\\\/en\\\/devenez-partenaire-twam\\\/offre-associations-de-playdoyer\\\/\"]}]},{\"@type\":\"BreadcrumbList\",\"@id\":\"https:\\\/\\\/www.travelwithamission.org\\\/en\\\/devenez-partenaire-twam\\\/offre-associations-de-playdoyer\\\/#breadcrumb\",\"itemListElement\":[{\"@type\":\"ListItem\",\"position\":1,\"name\":\"Home\",\"item\":\"https:\\\/\\\/www.travelwithamission.org\\\/\"},{\"@type\":\"ListItem\",\"position\":2,\"name\":\"Devenez partenaire TWAM\",\"item\":\"https:\\\/\\\/www.travelwithamission.org\\\/devenez-partenaire-twam\\\/\"},{\"@type\":\"ListItem\",\"position\":3,\"name\":\"Offre Associations de playdoyer\"}]},{\"@type\":\"WebSite\",\"@id\":\"https:\\\/\\\/www.travelwithamission.org\\\/#website\",\"url\":\"https:\\\/\\\/www.travelwithamission.org\\\/\",\"name\":\"Association TWAM\",\"description\":\"Construire un monde meilleure, ensemble !\",\"potentialAction\":[{\"@type\":\"SearchAction\",\"target\":{\"@type\":\"EntryPoint\",\"urlTemplate\":\"https:\\\/\\\/www.travelwithamission.org\\\/?s={search_term_string}\"},\"query-input\":{\"@type\":\"PropertyValueSpecification\",\"valueRequired\":true,\"valueName\":\"search_term_string\"}}],\"inLanguage\":\"en-US\"}]}<\/script>\n<!-- \/ Yoast SEO Premium plugin. -->","yoast_head_json":{"title":"Offre Associations de playdoyer - Association TWAM","robots":{"index":"index","follow":"follow","max-snippet":"max-snippet:-1","max-image-preview":"max-image-preview:large","max-video-preview":"max-video-preview:-1"},"canonical":"https:\/\/www.travelwithamission.org\/en\/devenez-partenaire-twam\/offre-associations-de-playdoyer\/","og_locale":"en_US","og_type":"article","og_title":"Offre Associations de playdoyer","og_url":"https:\/\/www.travelwithamission.org\/en\/devenez-partenaire-twam\/offre-associations-de-playdoyer\/","og_site_name":"Association TWAM","article_modified_time":"2018-08-22T13:29:04+00:00","twitter_card":"summary_large_image","twitter_misc":{"Est. reading time":"2 minutes"},"schema":{"@context":"https:\/\/schema.org","@graph":[{"@type":"WebPage","@id":"https:\/\/www.travelwithamission.org\/en\/devenez-partenaire-twam\/offre-associations-de-playdoyer\/","url":"https:\/\/www.travelwithamission.org\/en\/devenez-partenaire-twam\/offre-associations-de-playdoyer\/","name":"Offre Associations de playdoyer - Association TWAM","isPartOf":{"@id":"https:\/\/www.travelwithamission.org\/#website"},"datePublished":"2018-03-07T22:22:04+00:00","dateModified":"2018-08-22T13:29:04+00:00","breadcrumb":{"@id":"https:\/\/www.travelwithamission.org\/en\/devenez-partenaire-twam\/offre-associations-de-playdoyer\/#breadcrumb"},"inLanguage":"en-US","potentialAction":[{"@type":"ReadAction","target":["https:\/\/www.travelwithamission.org\/en\/devenez-partenaire-twam\/offre-associations-de-playdoyer\/"]}]},{"@type":"BreadcrumbList","@id":"https:\/\/www.travelwithamission.org\/en\/devenez-partenaire-twam\/offre-associations-de-playdoyer\/#breadcrumb","itemListElement":[{"@type":"ListItem","position":1,"name":"Home","item":"https:\/\/www.travelwithamission.org\/"},{"@type":"ListItem","position":2,"name":"Devenez partenaire TWAM","item":"https:\/\/www.travelwithamission.org\/devenez-partenaire-twam\/"},{"@type":"ListItem","position":3,"name":"Offre Associations de playdoyer"}]},{"@type":"WebSite","@id":"https:\/\/www.travelwithamission.org\/#website","url":"https:\/\/www.travelwithamission.org\/","name":"Association TWAM","description":"Construire un monde meilleure, ensemble !","potentialAction":[{"@type":"SearchAction","target":{"@type":"EntryPoint","urlTemplate":"https:\/\/www.travelwithamission.org\/?s={search_term_string}"},"query-input":{"@type":"PropertyValueSpecification","valueRequired":true,"valueName":"search_term_string"}}],"inLanguage":"en-US"}]}},"_links":{"self":[{"href":"https:\/\/www.travelwithamission.org\/en\/wp-json\/wp\/v2\/pages\/5802","targetHints":{"allow":["GET"]}}],"collection":[{"href":"https:\/\/www.travelwithamission.org\/en\/wp-json\/wp\/v2\/pages"}],"about":[{"href":"https:\/\/www.travelwithamission.org\/en\/wp-json\/wp\/v2\/types\/page"}],"author":[{"embeddable":true,"href":"https:\/\/www.travelwithamission.org\/en\/wp-json\/wp\/v2\/users\/1"}],"replies":[{"embeddable":true,"href":"https:\/\/www.travelwithamission.org\/en\/wp-json\/wp\/v2\/comments?post=5802"}],"version-history":[{"count":3,"href":"https:\/\/www.travelwithamission.org\/en\/wp-json\/wp\/v2\/pages\/5802\/revisions"}],"predecessor-version":[{"id":6231,"href":"https:\/\/www.travelwithamission.org\/en\/wp-json\/wp\/v2\/pages\/5802\/revisions\/6231"}],"up":[{"embeddable":true,"href":"https:\/\/www.travelwithamission.org\/en\/wp-json\/wp\/v2\/pages\/6990"}],"wp:attachment":[{"href":"https:\/\/www.travelwithamission.org\/en\/wp-json\/wp\/v2\/media?parent=5802"}],"curies":[{"name":"wp","href":"https:\/\/api.w.org\/{rel}","templated":true}]}}